{"id":9679,"date":"2023-07-11T12:54:59","date_gmt":"2023-07-11T12:54:59","guid":{"rendered":"https:\/\/martinezsanzabogados.com\/?page_id=9679"},"modified":"2023-09-13T16:59:22","modified_gmt":"2023-09-13T14:59:22","slug":"ethical-channel","status":"publish","type":"page","link":"https:\/\/martinezsanzabogados.com\/en\/ethical-channel\/","title":{"rendered":"Ethics Channel"},"content":{"rendered":"<div data-elementor-type=\"wp-page\" data-elementor-id=\"9679\" class=\"elementor elementor-9679\" data-elementor-post-type=\"page\">\n\t\t\t\t\t\t<section class=\"elementor-section elementor-top-section elementor-element elementor-element-eb19f27 elementor-section-height-min-height elementor-section-stretched elementor-section-boxed elementor-section-height-default elementor-section-items-middle\" data-id=\"eb19f27\" data-element_type=\"section\" data-e-type=\"section\" data-settings=\"{&quot;stretch_section&quot;:&quot;section-stretched&quot;,&quot;background_background&quot;:&quot;classic&quot;}\">\n\t\t\t\t\t\t\t<div class=\"elementor-background-overlay\"><\/div>\n\t\t\t\t\t\t\t<div class=\"elementor-container elementor-column-gap-default\">\n\t\t\t\t\t<div class=\"elementor-column elementor-col-100 elementor-top-column elementor-element elementor-element-65ad79f\" data-id=\"65ad79f\" data-element_type=\"column\" data-e-type=\"column\">\n\t\t\t<div class=\"elementor-widget-wrap elementor-element-populated\">\n\t\t\t\t\t\t\t<\/div>\n\t\t<\/div>\n\t\t\t\t\t<\/div>\n\t\t<\/section>\n\t\t\t\t<section class=\"elementor-section elementor-top-section elementor-element elementor-element-8f1be6f elementor-section-boxed elementor-section-height-default elementor-section-height-default\" data-id=\"8f1be6f\" data-element_type=\"section\" data-e-type=\"section\">\n\t\t\t\t\t\t<div class=\"elementor-container elementor-column-gap-default\">\n\t\t\t\t\t<div class=\"elementor-column elementor-col-100 elementor-top-column elementor-element elementor-element-2922720\" data-id=\"2922720\" data-element_type=\"column\" data-e-type=\"column\">\n\t\t\t<div class=\"elementor-widget-wrap elementor-element-populated\">\n\t\t\t\t\t\t<div class=\"elementor-element elementor-element-e544ea5 elementor-hidden-tablet elementor-hidden-mobile elementor-widget elementor-widget-athens_elementor_heading\" data-id=\"e544ea5\" data-element_type=\"widget\" data-e-type=\"widget\" data-widget_type=\"athens_elementor_heading.default\">\n\t\t\t\t<div class=\"elementor-widget-container\">\n\t\t\t\t\t\t\t<div class=\"ova-heading template3\">\n\t\t\t\t\t\t\t<!-- Title -->\n\t\t\t\t<h2 class=\"title\">\t\t\t\t\t\t\t\t\t\t\tEthics and compliance\t\t\t\t\t\t\t\t\t<\/h2>\t\t\t\t<!-- Description -->\n\t\t\t\t\n\t\t\t\t\t<\/div>\n\t\t\t\t\t\t<\/div>\n\t\t\t\t<\/div>\n\t\t\t\t<div class=\"elementor-element elementor-element-82e8560 elementor-widget elementor-widget-text-editor\" data-id=\"82e8560\" data-element_type=\"widget\" data-e-type=\"widget\" data-widget_type=\"text-editor.default\">\n\t\t\t\t<div class=\"elementor-widget-container\">\n\t\t\t\t\t\t\t\t\t<div class=\"page\" title=\"Page 1\"><div class=\"section\"><div class=\"layoutArea\"><div class=\"column\"><p>Ethics is a fundamental value in the development of our work; it is a factor that generates trust and represents a true seal of distinction that our clients and the market value extraordinarily highly.<\/p><p><span style=\"color: var( --e-global-color-text ); letter-spacing: var(--letter-spacing);\">At Mart\u00ednez Sanz Abogados we expect all our professionals to conduct themselves according to the highest ethical standards, guided by their desire to do the right thing.<\/span><\/p><p>To ensure this objective, the management of Mart\u00ednez Sanz Abogados has approved a Code of Ethics that guides all professionals on how to act in situations of difficult ethical management and has an Ethical Channel for communication and reporting of possible irregularities committed within the company.<\/p><\/div><\/div><\/div><\/div>\t\t\t\t\t\t\t\t<\/div>\n\t\t\t\t<\/div>\n\t\t\t\t\t<\/div>\n\t\t<\/div>\n\t\t\t\t\t<\/div>\n\t\t<\/section>\n\t\t\t\t<section class=\"elementor-section elementor-top-section elementor-element elementor-element-153a8f7 elementor-section-boxed elementor-section-height-default elementor-section-height-default\" data-id=\"153a8f7\" data-element_type=\"section\" data-e-type=\"section\">\n\t\t\t\t\t\t<div class=\"elementor-container elementor-column-gap-default\">\n\t\t\t\t\t<div class=\"elementor-column elementor-col-100 elementor-top-column elementor-element elementor-element-9a02209\" data-id=\"9a02209\" data-element_type=\"column\" data-e-type=\"column\">\n\t\t\t<div class=\"elementor-widget-wrap elementor-element-populated\">\n\t\t\t\t\t\t<div class=\"elementor-element elementor-element-c5c745f elementor-hidden-tablet elementor-hidden-mobile elementor-widget elementor-widget-athens_elementor_heading\" data-id=\"c5c745f\" data-element_type=\"widget\" data-e-type=\"widget\" data-widget_type=\"athens_elementor_heading.default\">\n\t\t\t\t<div class=\"elementor-widget-container\">\n\t\t\t\t\t\t\t<div class=\"ova-heading template3\">\n\t\t\t\t\t\t\t<!-- Title -->\n\t\t\t\t<h2 class=\"title\">\t\t\t\t\t\t\t\t\t\t\tCode of Ethics\t\t\t\t\t\t\t\t\t<\/h2>\t\t\t\t<!-- Description -->\n\t\t\t\t\n\t\t\t\t\t<\/div>\n\t\t\t\t\t\t<\/div>\n\t\t\t\t<\/div>\n\t\t\t\t<div class=\"elementor-element elementor-element-a5f2dbe elementor-widget elementor-widget-text-editor\" data-id=\"a5f2dbe\" data-element_type=\"widget\" data-e-type=\"widget\" data-widget_type=\"text-editor.default\">\n\t\t\t\t<div class=\"elementor-widget-container\">\n\t\t\t\t\t\t\t\t\t<div class=\"page\" title=\"Page 1\"><div class=\"section\"><div class=\"layoutArea\"><div class=\"column\"><div class=\"page\" title=\"Page 1\"><div class=\"section\"><div class=\"layoutArea\"><div class=\"column\"><p>The purpose of our Code of Ethics is to establish the values and ethical principles that govern the actions of the company, as well as the general guidelines of conduct to be followed in the performance of their duties by all its directors, managers, employees and other persons whose activity is expressly subject to the Code of Ethics.<\/p><p>Violating the Code of Ethics is considered a serious offence that entails consequences for the offender or for those who, being aware of it, fail to report it.<\/p><\/div><\/div><\/div><\/div><\/div><\/div><\/div><\/div>\t\t\t\t\t\t\t\t<\/div>\n\t\t\t\t<\/div>\n\t\t\t\t\t<\/div>\n\t\t<\/div>\n\t\t\t\t\t<\/div>\n\t\t<\/section>\n\t\t\t\t<section class=\"elementor-section elementor-top-section elementor-element elementor-element-03b6b21 elementor-section-boxed elementor-section-height-default elementor-section-height-default\" data-id=\"03b6b21\" data-element_type=\"section\" data-e-type=\"section\">\n\t\t\t\t\t\t<div class=\"elementor-container elementor-column-gap-default\">\n\t\t\t\t\t<div class=\"elementor-column elementor-col-100 elementor-top-column elementor-element elementor-element-7ab3563\" data-id=\"7ab3563\" data-element_type=\"column\" data-e-type=\"column\">\n\t\t\t<div class=\"elementor-widget-wrap elementor-element-populated\">\n\t\t\t\t\t\t<div class=\"elementor-element elementor-element-8916f5d elementor-hidden-tablet elementor-hidden-mobile elementor-widget elementor-widget-athens_elementor_heading\" data-id=\"8916f5d\" data-element_type=\"widget\" data-e-type=\"widget\" data-widget_type=\"athens_elementor_heading.default\">\n\t\t\t\t<div class=\"elementor-widget-container\">\n\t\t\t\t\t\t\t<div class=\"ova-heading template3\">\n\t\t\t\t\t\t\t<!-- Title -->\n\t\t\t\t<h2 class=\"title\">\t\t\t\t\t\t\t\t\t\t\tEthics Channel\t\t\t\t\t\t\t\t\t<\/h2>\t\t\t\t<!-- Description -->\n\t\t\t\t\n\t\t\t\t\t<\/div>\n\t\t\t\t\t\t<\/div>\n\t\t\t\t<\/div>\n\t\t\t\t<div class=\"elementor-element elementor-element-79be0f1 elementor-widget elementor-widget-text-editor\" data-id=\"79be0f1\" data-element_type=\"widget\" data-e-type=\"widget\" data-widget_type=\"text-editor.default\">\n\t\t\t\t<div class=\"elementor-widget-container\">\n\t\t\t\t\t\t\t\t\t<div title=\"Page 1\">\n<div title=\"Page 1\">\n<div>\n<p>The Ethics Channel is a tool that allows the confidential reporting of potentially irregular activities that may involve a breach of the Code of Ethics or the commission of a crime in the company.<\/p>\n<p>At Martinez Sanz Abogados S.L.P. we consider the Ethics Channel an opportunity to improve our organisation, which allows us to detect conduct contrary to our ethical principles and to resolve possible doubts about unclear or ambiguous situations that may compromise our principles and values.<\/p>\n<p>Complaints or communications regarding Compliance can be sent to the following link: <a href=\"https:\/\/martinezsanzabogados-canaletico.appcore.es\/\" target=\"_blank\" rel=\"noopener\">complaints channel<\/a> or by post to the attention of the Compliance Body at the following address:<\/p>\n<\/div>\n<p><strong>Martinez Sanz Abogados<\/strong><\/p>\n<ul>\n<li>Castell\u00f3n: <a href=\"https:\/\/goo.gl\/maps\/FNXBgQnTYhmAdRCZ7\" target=\"_blank\" rel=\"noopener\">Plaza Santa Clara, 12, 4\u00ba.<\/a><\/li>\n<li>Madrid:&nbsp;<a href=\"https:\/\/goo.gl\/maps\/2mqjGA6fpEwciety6\" target=\"_blank\" rel=\"noopener\">42 Paseo General Mart\u00ednez Campos, ground floor 1<\/a><\/li>\n<li>Valencia: <a href=\"https:\/\/goo.gl\/maps\/ZB3XNFD5wrThDcsg6\" target=\"_blank\" rel=\"noopener\">Calle Almirante Cadarso, 11, 1st Floor, Door 3<\/a><\/li><\/ul>\n<\/div>\n<\/div>\t\t\t\t\t\t\t\t<\/div>\n\t\t\t\t<\/div>\n\t\t\t\t\t<\/div>\n\t\t<\/div>\n\t\t\t\t\t<\/div>\n\t\t<\/section>\n\t\t\t\t<\/div>","protected":false},"excerpt":{"rendered":"<p>\u00c9tica y cumplimiento La e\u0301tica es un valor fundamental en el desarrollo de nuestro trabajo, es un factor generador de confianza que representa un aute\u0301ntico sello de distincio\u0301n que nuestros clientes y el mercado valoran de manera extraordinaria. En Mart\u00ednez Sanz Abogados esperamos que todos nuestros profesionales se comporten de acuerdo a los ma\u0301s altos [&hellip;]<\/p>","protected":false},"author":5,"featured_media":0,"parent":0,"menu_order":0,"comment_status":"closed","ping_status":"closed","template":"elementor_header_footer","meta":{"footnotes":""},"class_list":["post-9679","page","type-page","status-publish","hentry"],"yoast_head":"<!-- This site is optimized with the Yoast SEO plugin v27.3 - https:\/\/yoast.com\/product\/yoast-seo-wordpress\/ -->\n<title>Canal \u00c9tico - Mart\u00ednez Sanz Abogados<\/title>\n<meta name=\"description\" content=\"En Mart\u00ednez Sanz Abogados, nuestros profesionales se gu\u00edan por los m\u00e1s altos est\u00e1ndares \u00e9ticos y un C\u00f3digo \u00c9tico que orienta sus acciones.\" \/>\n<meta name=\"robots\" content=\"index, follow, max-snippet:-1, max-image-preview:large, max-video-preview:-1\" \/>\n<link rel=\"canonical\" href=\"https:\/\/martinezsanzabogados.com\/en\/ethical-channel\/\" \/>\n<meta property=\"og:locale\" content=\"en_GB\" \/>\n<meta property=\"og:type\" content=\"article\" \/>\n<meta property=\"og:title\" content=\"Canal \u00c9tico - Mart\u00ednez Sanz Abogados\" \/>\n<meta property=\"og:description\" content=\"En Mart\u00ednez Sanz Abogados, nuestros profesionales se gu\u00edan por los m\u00e1s altos est\u00e1ndares \u00e9ticos y un C\u00f3digo \u00c9tico que orienta sus acciones.\" \/>\n<meta property=\"og:url\" content=\"https:\/\/martinezsanzabogados.com\/en\/ethical-channel\/\" \/>\n<meta property=\"og:site_name\" content=\"Mart\u00ednez Sanz Abogados\" \/>\n<meta property=\"article:publisher\" content=\"https:\/\/www.facebook.com\/martinezsanzabogados\" \/>\n<meta property=\"article:modified_time\" content=\"2023-09-13T14:59:22+00:00\" \/>\n<meta name=\"twitter:card\" content=\"summary_large_image\" \/>\n<meta name=\"twitter:label1\" content=\"Estimated reading time\" \/>\n\t<meta name=\"twitter:data1\" content=\"2 minutes\" \/>\n<script type=\"application\/ld+json\" class=\"yoast-schema-graph\">{\"@context\":\"https:\\\/\\\/schema.org\",\"@graph\":[{\"@type\":\"WebPage\",\"@id\":\"https:\\\/\\\/martinezsanzabogados.com\\\/canal-etico\\\/\",\"url\":\"https:\\\/\\\/martinezsanzabogados.com\\\/canal-etico\\\/\",\"name\":\"Canal \u00c9tico - Mart\u00ednez Sanz Abogados\",\"isPartOf\":{\"@id\":\"https:\\\/\\\/martinezsanzabogados.com\\\/#website\"},\"datePublished\":\"2023-07-11T12:54:59+00:00\",\"dateModified\":\"2023-09-13T14:59:22+00:00\",\"description\":\"En Mart\u00ednez Sanz Abogados, nuestros profesionales se gu\u00edan por los m\u00e1s altos est\u00e1ndares \u00e9ticos y un C\u00f3digo \u00c9tico que orienta sus acciones.\",\"breadcrumb\":{\"@id\":\"https:\\\/\\\/martinezsanzabogados.com\\\/canal-etico\\\/#breadcrumb\"},\"inLanguage\":\"en-GB\",\"potentialAction\":[{\"@type\":\"ReadAction\",\"target\":[\"https:\\\/\\\/martinezsanzabogados.com\\\/canal-etico\\\/\"]}]},{\"@type\":\"BreadcrumbList\",\"@id\":\"https:\\\/\\\/martinezsanzabogados.com\\\/canal-etico\\\/#breadcrumb\",\"itemListElement\":[{\"@type\":\"ListItem\",\"position\":1,\"name\":\"Portada\",\"item\":\"https:\\\/\\\/martinezsanzabogados.com\\\/\"},{\"@type\":\"ListItem\",\"position\":2,\"name\":\"Canal \u00c9tico\"}]},{\"@type\":\"WebSite\",\"@id\":\"https:\\\/\\\/martinezsanzabogados.com\\\/#website\",\"url\":\"https:\\\/\\\/martinezsanzabogados.com\\\/\",\"name\":\"Mart\u00ednez Sanz Abogados\",\"description\":\"\",\"publisher\":{\"@id\":\"https:\\\/\\\/martinezsanzabogados.com\\\/#organization\"},\"potentialAction\":[{\"@type\":\"SearchAction\",\"target\":{\"@type\":\"EntryPoint\",\"urlTemplate\":\"https:\\\/\\\/martinezsanzabogados.com\\\/?s={search_term_string}\"},\"query-input\":{\"@type\":\"PropertyValueSpecification\",\"valueRequired\":true,\"valueName\":\"search_term_string\"}}],\"inLanguage\":\"en-GB\"},{\"@type\":\"Organization\",\"@id\":\"https:\\\/\\\/martinezsanzabogados.com\\\/#organization\",\"name\":\"Mart\u00ednez Sanz Abogados\",\"url\":\"https:\\\/\\\/martinezsanzabogados.com\\\/\",\"logo\":{\"@type\":\"ImageObject\",\"inLanguage\":\"en-GB\",\"@id\":\"https:\\\/\\\/martinezsanzabogados.com\\\/#\\\/schema\\\/logo\\\/image\\\/\",\"url\":\"https:\\\/\\\/martinezsanzabogados.com\\\/wp-content\\\/uploads\\\/2021\\\/10\\\/Logo-Martinez-Sanz.png\",\"contentUrl\":\"https:\\\/\\\/martinezsanzabogados.com\\\/wp-content\\\/uploads\\\/2021\\\/10\\\/Logo-Martinez-Sanz.png\",\"width\":350,\"height\":166,\"caption\":\"Mart\u00ednez Sanz Abogados\"},\"image\":{\"@id\":\"https:\\\/\\\/martinezsanzabogados.com\\\/#\\\/schema\\\/logo\\\/image\\\/\"},\"sameAs\":[\"https:\\\/\\\/www.facebook.com\\\/martinezsanzabogados\"]}]}<\/script>\n<!-- \/ Yoast SEO plugin. -->","yoast_head_json":{"title":"Ethical Channel - Mart\u00ednez Sanz Abogados","description":"At Mart\u00ednez Sanz Abogados, our professionals are guided by the highest ethical standards and a Code of Ethics that guides their actions.","robots":{"index":"index","follow":"follow","max-snippet":"max-snippet:-1","max-image-preview":"max-image-preview:large","max-video-preview":"max-video-preview:-1"},"canonical":"https:\/\/martinezsanzabogados.com\/en\/ethical-channel\/","og_locale":"en_GB","og_type":"article","og_title":"Canal \u00c9tico - Mart\u00ednez Sanz Abogados","og_description":"En Mart\u00ednez Sanz Abogados, nuestros profesionales se gu\u00edan por los m\u00e1s altos est\u00e1ndares \u00e9ticos y un C\u00f3digo \u00c9tico que orienta sus acciones.","og_url":"https:\/\/martinezsanzabogados.com\/en\/ethical-channel\/","og_site_name":"Mart\u00ednez Sanz Abogados","article_publisher":"https:\/\/www.facebook.com\/martinezsanzabogados","article_modified_time":"2023-09-13T14:59:22+00:00","twitter_card":"summary_large_image","twitter_misc":{"Estimated reading time":"2 minutes"},"schema":{"@context":"https:\/\/schema.org","@graph":[{"@type":"WebPage","@id":"https:\/\/martinezsanzabogados.com\/canal-etico\/","url":"https:\/\/martinezsanzabogados.com\/canal-etico\/","name":"Ethical Channel - Mart\u00ednez Sanz Abogados","isPartOf":{"@id":"https:\/\/martinezsanzabogados.com\/#website"},"datePublished":"2023-07-11T12:54:59+00:00","dateModified":"2023-09-13T14:59:22+00:00","description":"At Mart\u00ednez Sanz Abogados, our professionals are guided by the highest ethical standards and a Code of Ethics that guides their actions.","breadcrumb":{"@id":"https:\/\/martinezsanzabogados.com\/canal-etico\/#breadcrumb"},"inLanguage":"en-GB","potentialAction":[{"@type":"ReadAction","target":["https:\/\/martinezsanzabogados.com\/canal-etico\/"]}]},{"@type":"BreadcrumbList","@id":"https:\/\/martinezsanzabogados.com\/canal-etico\/#breadcrumb","itemListElement":[{"@type":"ListItem","position":1,"name":"Portada","item":"https:\/\/martinezsanzabogados.com\/"},{"@type":"ListItem","position":2,"name":"Canal \u00c9tico"}]},{"@type":"WebSite","@id":"https:\/\/martinezsanzabogados.com\/#website","url":"https:\/\/martinezsanzabogados.com\/","name":"Mart\u00ednez Sanz Lawyers","description":"","publisher":{"@id":"https:\/\/martinezsanzabogados.com\/#organization"},"potentialAction":[{"@type":"SearchAction","target":{"@type":"EntryPoint","urlTemplate":"https:\/\/martinezsanzabogados.com\/?s={search_term_string}"},"query-input":{"@type":"PropertyValueSpecification","valueRequired":true,"valueName":"search_term_string"}}],"inLanguage":"en-GB"},{"@type":"Organization","@id":"https:\/\/martinezsanzabogados.com\/#organization","name":"Mart\u00ednez Sanz Lawyers","url":"https:\/\/martinezsanzabogados.com\/","logo":{"@type":"ImageObject","inLanguage":"en-GB","@id":"https:\/\/martinezsanzabogados.com\/#\/schema\/logo\/image\/","url":"https:\/\/martinezsanzabogados.com\/wp-content\/uploads\/2021\/10\/Logo-Martinez-Sanz.png","contentUrl":"https:\/\/martinezsanzabogados.com\/wp-content\/uploads\/2021\/10\/Logo-Martinez-Sanz.png","width":350,"height":166,"caption":"Mart\u00ednez Sanz Abogados"},"image":{"@id":"https:\/\/martinezsanzabogados.com\/#\/schema\/logo\/image\/"},"sameAs":["https:\/\/www.facebook.com\/martinezsanzabogados"]}]}},"_links":{"self":[{"href":"https:\/\/martinezsanzabogados.com\/en\/wp-json\/wp\/v2\/pages\/9679","targetHints":{"allow":["GET"]}}],"collection":[{"href":"https:\/\/martinezsanzabogados.com\/en\/wp-json\/wp\/v2\/pages"}],"about":[{"href":"https:\/\/martinezsanzabogados.com\/en\/wp-json\/wp\/v2\/types\/page"}],"author":[{"embeddable":true,"href":"https:\/\/martinezsanzabogados.com\/en\/wp-json\/wp\/v2\/users\/5"}],"replies":[{"embeddable":true,"href":"https:\/\/martinezsanzabogados.com\/en\/wp-json\/wp\/v2\/comments?post=9679"}],"version-history":[{"count":0,"href":"https:\/\/martinezsanzabogados.com\/en\/wp-json\/wp\/v2\/pages\/9679\/revisions"}],"wp:attachment":[{"href":"https:\/\/martinezsanzabogados.com\/en\/wp-json\/wp\/v2\/media?parent=9679"}],"curies":[{"name":"wp","href":"https:\/\/api.w.org\/{rel}","templated":true}]}}