{"id":8580,"date":"2022-12-28T15:46:47","date_gmt":"2022-12-28T15:46:47","guid":{"rendered":"https:\/\/martinezsanzabogados.com\/?page_id=8580"},"modified":"2023-09-13T17:05:22","modified_gmt":"2023-09-13T15:05:22","slug":"privacy-policy","status":"publish","type":"page","link":"https:\/\/martinezsanzabogados.com\/en\/privacy-policy\/","title":{"rendered":"Privacy Policy"},"content":{"rendered":"<div data-elementor-type=\"wp-page\" data-elementor-id=\"8580\" class=\"elementor elementor-8580\" data-elementor-post-type=\"page\">\n\t\t\t\t\t\t<section class=\"elementor-section elementor-top-section elementor-element elementor-element-a1f4186 elementor-section-height-min-height elementor-section-stretched elementor-section-boxed elementor-section-height-default elementor-section-items-middle\" data-id=\"a1f4186\" data-element_type=\"section\" data-e-type=\"section\" data-settings=\"{&quot;stretch_section&quot;:&quot;section-stretched&quot;,&quot;background_background&quot;:&quot;classic&quot;}\">\n\t\t\t\t\t\t\t<div class=\"elementor-background-overlay\"><\/div>\n\t\t\t\t\t\t\t<div class=\"elementor-container elementor-column-gap-default\">\n\t\t\t\t\t<div class=\"elementor-column elementor-col-100 elementor-top-column elementor-element elementor-element-449018b\" data-id=\"449018b\" data-element_type=\"column\" data-e-type=\"column\">\n\t\t\t<div class=\"elementor-widget-wrap elementor-element-populated\">\n\t\t\t\t\t\t\t<\/div>\n\t\t<\/div>\n\t\t\t\t\t<\/div>\n\t\t<\/section>\n\t\t\t\t<section class=\"elementor-section elementor-top-section elementor-element elementor-element-3f4ff66 elementor-section-boxed elementor-section-height-default elementor-section-height-default\" data-id=\"3f4ff66\" data-element_type=\"section\" data-e-type=\"section\">\n\t\t\t\t\t\t<div class=\"elementor-container elementor-column-gap-default\">\n\t\t\t\t\t<div class=\"elementor-column elementor-col-100 elementor-top-column elementor-element elementor-element-2786619\" data-id=\"2786619\" data-element_type=\"column\" data-e-type=\"column\">\n\t\t\t<div class=\"elementor-widget-wrap elementor-element-populated\">\n\t\t\t\t\t\t<div class=\"elementor-element elementor-element-b510755 elementor-widget elementor-widget-text-editor\" data-id=\"b510755\" data-element_type=\"widget\" data-e-type=\"widget\" data-widget_type=\"text-editor.default\">\n\t\t\t\t<div class=\"elementor-widget-container\">\n\t\t\t\t\t\t\t\t\t<p>Document revised on 03\/07\/2017<\/p><p><span style=\"font-weight: bold; color: var( --e-global-color-text ); font-family: var( --e-global-typography-text-font-family ), Sans-serif; font-size: var(--font-size); letter-spacing: var(--letter-spacing);\">Martinez Sanz Abogados S.L.P.<\/span><em>,\u00a0<\/em>as the party responsible for this website, has adapted this website to the requirements of the LOPD (Organic Law on Data Protection) and the LSSI-CE (Law on the Information Society and Electronic Commerce).<\/p><p>In accordance with the provisions of Organic Law 15\/1999, of 13 December, on the Protection of Personal Data,\u00a0<span style=\"font-weight: bold;\">Martinez Sanz Abogados S.L.P.<\/span>, with tax identification number: <b>B12781704<\/b>, informs the User that it is the owner of a file of \u201cWebsite users and subscribers\u201d registered with the R.G.P.D. (General Data Protection Register), in which their data are included and processed in order to provide the services requested and to send them information about our company that may be of interest to them.<\/p><p><span style=\"font-weight: bold; color: var( --e-global-color-text ); font-family: var( --e-global-typography-text-font-family ), Sans-serif; font-size: var(--font-size); letter-spacing: var(--letter-spacing);\">Martinez Sanz Abogados S.L.P.<\/span>\u00a0has adopted all the technical and organisational measures necessary to guarantee the security and integrity of the personal data it processes, as well as to prevent their loss, alteration and\/or access by unauthorised third parties.<\/p><h2>Purpose of the data collected and consent to processing<\/h2><p>The User is informed, in accordance with the provisions of article 5 of the LOPD that, through the contact forms or subscriptions, data is collected and stored in the aforementioned file for the following purposes:<\/p><ul><li>Send out the website newsletter.<\/li><li>To process orders, requests or any type of request made by the user through any of the forms of contact made available on the Website.<\/li><li>Sending of commercial advertising communications by email relating to products or services offered by\u00a0<span style=\"font-weight: bold;\">Martinez Sanz Abogados S.L.P.<\/span>, The personal data will never be disclosed to third parties, nor by collaborators or partners with whom it has reached an agreement for commercial promotion among its customers. In this case, third parties will never have access to the personal data. In any case, commercial communications will be made by the Provider and will be products and services related to the Provider's sector.<\/li><li>Conduct statistical studies.<\/li><\/ul><p>The data requested through the Website are obligatory, as they are necessary for the provision of an optimal service to the User. In the event that all the data is not provided, the provider does not guarantee that the information and services provided will be completely tailored to your needs.<\/p><p>The User is solely responsible for the veracity and correctness of the data sent to the provider, exonerating the latter from any liability in this regard. Users guarantee and are responsible, in any case, for the accuracy, validity and authenticity of the personal data provided, and undertake to keep them duly updated. The User agrees to provide complete and correct information in the contact or subscription form.<\/p><p>Acceptance of the privacy policy, by means of the established opt-in procedure, shall be understood for all purposes as the provision of the User's Tacit and Unequivocal Consent to the processing of personal data under the terms set out in this document, as well as to the international transfer of data that occurs exclusively due to the location of the facilities of the service providers and data processors.<\/p><h2>Exercising arch rights: Access, Rectification, Cancellation and Opposition<\/h2><p>Users may send their communications and exercise their rights of access, rectification, cancellation and opposition by e-mail:\u00a0<a href=\"mailto:administracion@martinezsanzabogados.com\" target=\"_blank\" rel=\"noopener\"><b>administracion@martinezsanzabogados.com<\/b><\/a>\u00a0together with legally valid proof, such as a photocopy of your ID card or equivalent, indicating \u201cData Protection\u201d in the subject line.<\/p><p>Similarly, the User may unsubscribe from any of the subscription services provided by clicking on the unsubscribe section of all e-mails sent by the provider.<\/p><p>If you receive such e-mails, you have given your prior consent, as the provider does not engage in SPAM practices.<\/p><h2>Data controller and data processors<\/h2><p>The person responsible for the file is\u00a0<span style=\"font-weight: bold;\">Martinez Sanz Abogados S.L.P.<\/span>.<\/p><p>Data processors:<\/p><ul><li>Hosting:\u00a0<strong>Raiola Networks SL<\/strong>, with registered office at Ronda del Carme, n\u00ba 8, 5\u00baB, 27004 Lugo. You can consult the privacy policy and other legal aspects of the company at the following link:\u00a0<a href=\"https:\/\/raiolanetworks.es\/aviso-legal\/\">https:\/\/raiolanetworks.es\/aviso-legal\/<\/a><\/li><li>Email marketing provider:\u00a0<strong>Active Campaigning LLC<\/strong>. You can consult their privacy policy at\u00a0<a href=\"http:\/\/www.activecampaign.com\/privacy-policy\/\">http:\/\/www.activecampaign.com\/privacy-policy\/<\/a><\/li><\/ul><h2>Social media<\/h2><p><span style=\"font-weight: bold; color: var( --e-global-color-text ); font-family: var( --e-global-typography-text-font-family ), Sans-serif; font-size: var(--font-size); letter-spacing: var(--letter-spacing);\">Martinez Sanz Abogados S.L.P.<\/span>\u00a0offers the User links and services related to the different social networks. So if you are a member of a social network and click on the corresponding link, the provider of the social network may link your profile data with information about your visit to the website.<\/p><p>You can access the privacy policies of the different social networks at any time, as well as configure your profile to guarantee your privacy:<\/p><ul><li>Facebook:\u00a0<a href=\"https:\/\/www.facebook.com\/about\/privacy\/\">https:\/\/www.facebook.com\/about\/privacy\/<\/a><\/li><li>Twitter:\u00a0<a href=\"https:\/\/twitter.com\/es\/privacy\">https:\/\/twitter.com\/es\/privacy<\/a><\/li><li>LinkedIn:\u00a0<a href=\"https:\/\/www.linkedin.com\/legal\/privacy-policy\">https:\/\/www.linkedin.com\/legal\/privacy-policy<\/a><\/li><\/ul><h2>Modification of the privacy policy<\/h2><p><span style=\"font-weight: bold; color: var( --e-global-color-text ); font-family: var( --e-global-typography-text-font-family ), Sans-serif; font-size: var(--font-size); letter-spacing: var(--letter-spacing);\">Martinez Sanz Abogados S.L.P.<\/span>\u00a0reserves the right to modify this policy to adapt it to new legislation or jurisprudence as well as to industry practices. In such cases, the Provider shall announce on this page the changes introduced reasonably in advance of their implementation.<\/p>\t\t\t\t\t\t\t\t<\/div>\n\t\t\t\t<\/div>\n\t\t\t\t\t<\/div>\n\t\t<\/div>\n\t\t\t\t\t<\/div>\n\t\t<\/section>\n\t\t\t\t<\/div>","protected":false},"excerpt":{"rendered":"<p>Document revised on 03\/07\/2017 Martinez Sanz Abogados S.L.P., as the party responsible for this website, has adapted this website to the requirements of the LOPD (Ley Org\u00e1nica de Protecci\u00f3n de Datos) and the LSSI-CE (Ley de la Sociedad de la informaci\u00f3n y el Comercio Electr\u00f3nico) In accordance with the provisions of Organic Law 15\/1999, of [...]<\/p>","protected":false},"author":5,"featured_media":0,"parent":0,"menu_order":20,"comment_status":"closed","ping_status":"closed","template":"elementor_header_footer","meta":{"footnotes":""},"class_list":["post-8580","page","type-page","status-publish","hentry"],"yoast_head":"<!-- This site is optimized with the Yoast SEO plugin v27.3 - https:\/\/yoast.com\/product\/yoast-seo-wordpress\/ -->\n<title>Pol\u00edtica de Privacidad - Mart\u00ednez Sanz Abogados<\/title>\n<meta name=\"description\" content=\"Martinez Sanz Abogados cumple con la Ley Org\u00e1nica de Protecci\u00f3n de Datos y la Ley de la Sociedad de la Informaci\u00f3n y el Comercio Electr\u00f3nico.\" \/>\n<meta name=\"robots\" content=\"index, follow, max-snippet:-1, max-image-preview:large, max-video-preview:-1\" \/>\n<link rel=\"canonical\" href=\"https:\/\/martinezsanzabogados.com\/en\/privacy-policy\/\" \/>\n<meta property=\"og:locale\" content=\"en_GB\" \/>\n<meta property=\"og:type\" content=\"article\" \/>\n<meta property=\"og:title\" content=\"Pol\u00edtica de Privacidad - Mart\u00ednez Sanz Abogados\" \/>\n<meta property=\"og:description\" content=\"Martinez Sanz Abogados cumple con la Ley Org\u00e1nica de Protecci\u00f3n de Datos y la Ley de la Sociedad de la Informaci\u00f3n y el Comercio Electr\u00f3nico.\" \/>\n<meta property=\"og:url\" content=\"https:\/\/martinezsanzabogados.com\/en\/privacy-policy\/\" \/>\n<meta property=\"og:site_name\" content=\"Mart\u00ednez Sanz Abogados\" \/>\n<meta property=\"article:publisher\" content=\"https:\/\/www.facebook.com\/martinezsanzabogados\" \/>\n<meta property=\"article:modified_time\" content=\"2023-09-13T15:05:22+00:00\" \/>\n<meta name=\"twitter:card\" content=\"summary_large_image\" \/>\n<meta name=\"twitter:label1\" content=\"Estimated reading time\" \/>\n\t<meta name=\"twitter:data1\" content=\"4 minutes\" \/>\n<script type=\"application\/ld+json\" class=\"yoast-schema-graph\">{\"@context\":\"https:\\\/\\\/schema.org\",\"@graph\":[{\"@type\":\"WebPage\",\"@id\":\"https:\\\/\\\/martinezsanzabogados.com\\\/politica-de-privacidad\\\/\",\"url\":\"https:\\\/\\\/martinezsanzabogados.com\\\/politica-de-privacidad\\\/\",\"name\":\"Pol\u00edtica de Privacidad - Mart\u00ednez Sanz Abogados\",\"isPartOf\":{\"@id\":\"https:\\\/\\\/martinezsanzabogados.com\\\/#website\"},\"datePublished\":\"2022-12-28T15:46:47+00:00\",\"dateModified\":\"2023-09-13T15:05:22+00:00\",\"description\":\"Martinez Sanz Abogados cumple con la Ley Org\u00e1nica de Protecci\u00f3n de Datos y la Ley de la Sociedad de la Informaci\u00f3n y el Comercio Electr\u00f3nico.\",\"breadcrumb\":{\"@id\":\"https:\\\/\\\/martinezsanzabogados.com\\\/politica-de-privacidad\\\/#breadcrumb\"},\"inLanguage\":\"en-GB\",\"potentialAction\":[{\"@type\":\"ReadAction\",\"target\":[\"https:\\\/\\\/martinezsanzabogados.com\\\/politica-de-privacidad\\\/\"]}]},{\"@type\":\"BreadcrumbList\",\"@id\":\"https:\\\/\\\/martinezsanzabogados.com\\\/politica-de-privacidad\\\/#breadcrumb\",\"itemListElement\":[{\"@type\":\"ListItem\",\"position\":1,\"name\":\"Portada\",\"item\":\"https:\\\/\\\/martinezsanzabogados.com\\\/\"},{\"@type\":\"ListItem\",\"position\":2,\"name\":\"Pol\u00edtica de Privacidad\"}]},{\"@type\":\"WebSite\",\"@id\":\"https:\\\/\\\/martinezsanzabogados.com\\\/#website\",\"url\":\"https:\\\/\\\/martinezsanzabogados.com\\\/\",\"name\":\"Mart\u00ednez Sanz Abogados\",\"description\":\"\",\"publisher\":{\"@id\":\"https:\\\/\\\/martinezsanzabogados.com\\\/#organization\"},\"potentialAction\":[{\"@type\":\"SearchAction\",\"target\":{\"@type\":\"EntryPoint\",\"urlTemplate\":\"https:\\\/\\\/martinezsanzabogados.com\\\/?s={search_term_string}\"},\"query-input\":{\"@type\":\"PropertyValueSpecification\",\"valueRequired\":true,\"valueName\":\"search_term_string\"}}],\"inLanguage\":\"en-GB\"},{\"@type\":\"Organization\",\"@id\":\"https:\\\/\\\/martinezsanzabogados.com\\\/#organization\",\"name\":\"Mart\u00ednez Sanz Abogados\",\"url\":\"https:\\\/\\\/martinezsanzabogados.com\\\/\",\"logo\":{\"@type\":\"ImageObject\",\"inLanguage\":\"en-GB\",\"@id\":\"https:\\\/\\\/martinezsanzabogados.com\\\/#\\\/schema\\\/logo\\\/image\\\/\",\"url\":\"https:\\\/\\\/martinezsanzabogados.com\\\/wp-content\\\/uploads\\\/2021\\\/10\\\/Logo-Martinez-Sanz.png\",\"contentUrl\":\"https:\\\/\\\/martinezsanzabogados.com\\\/wp-content\\\/uploads\\\/2021\\\/10\\\/Logo-Martinez-Sanz.png\",\"width\":350,\"height\":166,\"caption\":\"Mart\u00ednez Sanz Abogados\"},\"image\":{\"@id\":\"https:\\\/\\\/martinezsanzabogados.com\\\/#\\\/schema\\\/logo\\\/image\\\/\"},\"sameAs\":[\"https:\\\/\\\/www.facebook.com\\\/martinezsanzabogados\"]}]}<\/script>\n<!-- \/ Yoast SEO plugin. -->","yoast_head_json":{"title":"Privacy Policy - Mart\u00ednez Sanz Abogados","description":"Martinez Sanz Abogados complies with the Organic Law on Data Protection and the Law on the Information Society and Electronic Commerce.","robots":{"index":"index","follow":"follow","max-snippet":"max-snippet:-1","max-image-preview":"max-image-preview:large","max-video-preview":"max-video-preview:-1"},"canonical":"https:\/\/martinezsanzabogados.com\/en\/privacy-policy\/","og_locale":"en_GB","og_type":"article","og_title":"Pol\u00edtica de Privacidad - Mart\u00ednez Sanz Abogados","og_description":"Martinez Sanz Abogados cumple con la Ley Org\u00e1nica de Protecci\u00f3n de Datos y la Ley de la Sociedad de la Informaci\u00f3n y el Comercio Electr\u00f3nico.","og_url":"https:\/\/martinezsanzabogados.com\/en\/privacy-policy\/","og_site_name":"Mart\u00ednez Sanz Abogados","article_publisher":"https:\/\/www.facebook.com\/martinezsanzabogados","article_modified_time":"2023-09-13T15:05:22+00:00","twitter_card":"summary_large_image","twitter_misc":{"Estimated reading time":"4 minutes"},"schema":{"@context":"https:\/\/schema.org","@graph":[{"@type":"WebPage","@id":"https:\/\/martinezsanzabogados.com\/politica-de-privacidad\/","url":"https:\/\/martinezsanzabogados.com\/politica-de-privacidad\/","name":"Privacy Policy - Mart\u00ednez Sanz Abogados","isPartOf":{"@id":"https:\/\/martinezsanzabogados.com\/#website"},"datePublished":"2022-12-28T15:46:47+00:00","dateModified":"2023-09-13T15:05:22+00:00","description":"Martinez Sanz Abogados complies with the Organic Law on Data Protection and the Law on the Information Society and Electronic Commerce.","breadcrumb":{"@id":"https:\/\/martinezsanzabogados.com\/politica-de-privacidad\/#breadcrumb"},"inLanguage":"en-GB","potentialAction":[{"@type":"ReadAction","target":["https:\/\/martinezsanzabogados.com\/politica-de-privacidad\/"]}]},{"@type":"BreadcrumbList","@id":"https:\/\/martinezsanzabogados.com\/politica-de-privacidad\/#breadcrumb","itemListElement":[{"@type":"ListItem","position":1,"name":"Portada","item":"https:\/\/martinezsanzabogados.com\/"},{"@type":"ListItem","position":2,"name":"Pol\u00edtica de Privacidad"}]},{"@type":"WebSite","@id":"https:\/\/martinezsanzabogados.com\/#website","url":"https:\/\/martinezsanzabogados.com\/","name":"Mart\u00ednez Sanz Lawyers","description":"","publisher":{"@id":"https:\/\/martinezsanzabogados.com\/#organization"},"potentialAction":[{"@type":"SearchAction","target":{"@type":"EntryPoint","urlTemplate":"https:\/\/martinezsanzabogados.com\/?s={search_term_string}"},"query-input":{"@type":"PropertyValueSpecification","valueRequired":true,"valueName":"search_term_string"}}],"inLanguage":"en-GB"},{"@type":"Organization","@id":"https:\/\/martinezsanzabogados.com\/#organization","name":"Mart\u00ednez Sanz Lawyers","url":"https:\/\/martinezsanzabogados.com\/","logo":{"@type":"ImageObject","inLanguage":"en-GB","@id":"https:\/\/martinezsanzabogados.com\/#\/schema\/logo\/image\/","url":"https:\/\/martinezsanzabogados.com\/wp-content\/uploads\/2021\/10\/Logo-Martinez-Sanz.png","contentUrl":"https:\/\/martinezsanzabogados.com\/wp-content\/uploads\/2021\/10\/Logo-Martinez-Sanz.png","width":350,"height":166,"caption":"Mart\u00ednez Sanz Abogados"},"image":{"@id":"https:\/\/martinezsanzabogados.com\/#\/schema\/logo\/image\/"},"sameAs":["https:\/\/www.facebook.com\/martinezsanzabogados"]}]}},"_links":{"self":[{"href":"https:\/\/martinezsanzabogados.com\/en\/wp-json\/wp\/v2\/pages\/8580","targetHints":{"allow":["GET"]}}],"collection":[{"href":"https:\/\/martinezsanzabogados.com\/en\/wp-json\/wp\/v2\/pages"}],"about":[{"href":"https:\/\/martinezsanzabogados.com\/en\/wp-json\/wp\/v2\/types\/page"}],"author":[{"embeddable":true,"href":"https:\/\/martinezsanzabogados.com\/en\/wp-json\/wp\/v2\/users\/5"}],"replies":[{"embeddable":true,"href":"https:\/\/martinezsanzabogados.com\/en\/wp-json\/wp\/v2\/comments?post=8580"}],"version-history":[{"count":0,"href":"https:\/\/martinezsanzabogados.com\/en\/wp-json\/wp\/v2\/pages\/8580\/revisions"}],"wp:attachment":[{"href":"https:\/\/martinezsanzabogados.com\/en\/wp-json\/wp\/v2\/media?parent=8580"}],"curies":[{"name":"wp","href":"https:\/\/api.w.org\/{rel}","templated":true}]}}