{"id":8578,"date":"2022-12-28T15:46:35","date_gmt":"2022-12-28T15:46:35","guid":{"rendered":"https:\/\/martinezsanzabogados.com\/?page_id=8578"},"modified":"2023-09-26T22:45:08","modified_gmt":"2023-09-26T20:45:08","slug":"legal-notice","status":"publish","type":"page","link":"https:\/\/martinezsanzabogados.com\/en\/legal-notice\/","title":{"rendered":"Legal Notice"},"content":{"rendered":"<div data-elementor-type=\"wp-page\" data-elementor-id=\"8578\" class=\"elementor elementor-8578\" data-elementor-post-type=\"page\">\n\t\t\t\t\t\t<section class=\"elementor-section elementor-top-section elementor-element elementor-element-9688ab1 elementor-section-height-min-height elementor-section-stretched elementor-section-boxed elementor-section-height-default elementor-section-items-middle\" data-id=\"9688ab1\" data-element_type=\"section\" data-e-type=\"section\" data-settings=\"{&quot;stretch_section&quot;:&quot;section-stretched&quot;,&quot;background_background&quot;:&quot;classic&quot;}\">\n\t\t\t\t\t\t\t<div class=\"elementor-background-overlay\"><\/div>\n\t\t\t\t\t\t\t<div class=\"elementor-container elementor-column-gap-default\">\n\t\t\t\t\t<div class=\"elementor-column elementor-col-100 elementor-top-column elementor-element elementor-element-2396cf9\" data-id=\"2396cf9\" data-element_type=\"column\" data-e-type=\"column\">\n\t\t\t<div class=\"elementor-widget-wrap elementor-element-populated\">\n\t\t\t\t\t\t\t<\/div>\n\t\t<\/div>\n\t\t\t\t\t<\/div>\n\t\t<\/section>\n\t\t\t\t<section class=\"elementor-section elementor-top-section elementor-element elementor-element-ac46c63 elementor-section-boxed elementor-section-height-default elementor-section-height-default\" data-id=\"ac46c63\" data-element_type=\"section\" data-e-type=\"section\">\n\t\t\t\t\t\t<div class=\"elementor-container elementor-column-gap-default\">\n\t\t\t\t\t<div class=\"elementor-column elementor-col-100 elementor-top-column elementor-element elementor-element-5bbec9f\" data-id=\"5bbec9f\" data-element_type=\"column\" data-e-type=\"column\">\n\t\t\t<div class=\"elementor-widget-wrap elementor-element-populated\">\n\t\t\t\t\t\t<div class=\"elementor-element elementor-element-082c8be elementor-widget elementor-widget-text-editor\" data-id=\"082c8be\" data-element_type=\"widget\" data-e-type=\"widget\" data-widget_type=\"text-editor.default\">\n\t\t\t\t<div class=\"elementor-widget-container\">\n\t\t\t\t\t\t\t\t\t<h2><span style=\"letter-spacing: var(--letter-spacing); font-size: 27.8576px;\">Website owner<\/span><\/h2>\n<h2><span style=\"color: var( --e-global-color-text ); font-family: var( --e-global-typography-text-font-family ), Sans-serif; font-weight: var( --e-global-typography-text-font-weight ); font-size: var(--font-size); letter-spacing: var(--letter-spacing);\">The domain http:\/\/martinezsanzabogados.com\/ is owned by <\/span><b style=\"color: var( --e-global-color-text ); font-family: var( --e-global-typography-text-font-family ), Sans-serif; font-size: var(--font-size); letter-spacing: var(--letter-spacing);\">Martinez Sanz Abogados S.L.P.<\/b><span style=\"color: var( --e-global-color-text ); font-family: var( --e-global-typography-text-font-family ), Sans-serif; font-weight: var( --e-global-typography-text-font-weight ); font-size: var(--font-size); letter-spacing: var(--letter-spacing);\"> which is a professional limited company whose corporate purpose is the practice of law, registered in the Mercantile Register of Castell\u00f3n, Volume 1450, Book 1012, Folio 221, Section 8, Page CS-29372, Tax Identification Number: B12781704 and with address for notification purposes at Plaza Santa Clara 12, 4\u00ba 12001 Castell\u00f3n de la Plana and e-mail address:&nbsp;<\/span><a href=\"mailto:administracion@martinezsanzaboados.com\" target=\"_blank\" rel=\"noopener\" style=\"font-family: var( --e-global-typography-text-font-family ), Sans-serif; font-weight: var( --e-global-typography-text-font-weight ); font-size: var(--font-size); letter-spacing: var(--letter-spacing); background-color: rgb(255, 255, 255);\"><b>administracion@martinezsanzabogados.com<\/b><\/a><br><\/h2>\n<p>This information is provided in compliance with article 10 of Law 34\/2002, of 11 July, on information society services and electronic commerce.<\/p>\n<h2>Acceptance of the terms of use<\/h2>\n<p>Visiting or accessing this website is completely voluntary, attributing the condition of user to those who access it. As a user, and by accessing this website owned by Martinez Sanz Abogados S.L.P., you are required to accept the Terms of Use that are in force at all times at this address, for which reason the User must carefully read and accept this Legal Notice without any reservations before carrying out any type of operation, viewing, use, etc. with this website. And make correct use of the Portal in accordance with Law 34\/2002, of 11 July, LSSICE.<\/p>\n<h2>Object and links<\/h2>\n<p>Martinez Sanz Abogados S.L.P. provides clear and free information to users about the services it provides to its clients, the members of the firm and the location of its different offices.<\/p>\n<p>By visiting http:\/\/martinezsanzabogados.com\/ you accept the fact that its owner reserves the right to modify or suspend the page, the website, or to temporarily or permanently delete the data it has offered, at any time, without prior notice and without any liability to users.<\/p>\n<p>The Martinez Sanz Abogados S.L.P. website does not contain links to other websites.<\/p>\n<p>With regard to social networks, where users can redirect and participate, they will be governed by their particular conditions. As well as the privacy policy and internal regulations of the networks or web environments where they are developed and that the user, in any case, will declare to know and accept, from the moment that is validated in the same.<\/p>\n<p>Martinez Sanz Abogados S.L.P. does not assume any responsibility derived from the lack of updating and accuracy of the data or information contained in its Internet pages.<\/p>\n<h2>Intellectual and industrial property<\/h2>\n<p>The user understands that all the material and content of the page: texts, images, animations, software and other content included on this website are the exclusive property of Martinez Sanz Abogados S.L.P. or its licensors.<\/p>\n<p>Therefore, the user is only authorised to view all the material and content of this site as it is presented for personal and private use, never for commercial purposes, provided that the user complies with all industrial and intellectual property regulations.<\/p>\n<p>The source code, graphic designs, images, animations, software, texts, as well as the information and contents included in this website are protected by Spanish legislation on intellectual property rights in favour of the owner of the brand and the reproduction and\/or publication, in whole or in part, of the website, its computer processing, distribution, dissemination, modification or transformation, or any other legally recognised rights of the owner, is not permitted without the prior written permission of the owner.<\/p>\n<p>In defence of his rights, the trade mark owner shall bring all civil and criminal actions to which he is entitled.<\/p>\n<h2>Use of the service and responsibilities<\/h2>\n<p>The conditions of access and use of this website are strictly governed by current legislation and by the principle of good faith, and the user undertakes to make good use of the website and the services offered.<\/p>\n<p>All acts that violate the legality, rights or interests of third parties are prohibited.<\/p>\n<p>Martinez Sanz Abogados S.L.P. declines all responsibility in the event that access or visits to its website should be impossible or difficult due to an interruption or defective supply of electricity, telephone or other telecommunications providers unrelated to Martinez Sanz Abogados S.L.P. or in the event of social conflicts or other cases of force majeure, or any action by a third party, including administrative or judicial requirements or orders, sabotage or saturation, whether intentional or not.<\/p>\n<p>We also disclaim all liability for any damages that the visitor may suffer in their computer or telematic means as a result of the production of any of the circumstances described above.<\/p>\n<h2>Jurisdiction and applicable law<\/h2>\n<p>This legal notice and general conditions are governed by Spanish law. The user accepts these Terms of Use, and any type of dispute relating to the use of this website shall be interpreted in accordance with the laws in force in the place of residence of the owner of this website, with the competent Courts and Tribunals within the Spanish territorial scope having jurisdiction for the resolution of any dispute or conflict that may arise, and the user expressly waives any other jurisdiction.<\/p>\t\t\t\t\t\t\t\t<\/div>\n\t\t\t\t<\/div>\n\t\t\t\t\t<\/div>\n\t\t<\/div>\n\t\t\t\t\t<\/div>\n\t\t<\/section>\n\t\t\t\t<\/div>","protected":false},"excerpt":{"rendered":"<p>Owner of the website The domain http:\/\/martinezsanzabogados.com\/ is owned by Martinez Sanz Abogados S.L.P. which is a professional limited company whose corporate purpose is the practice of law, registered in the Companies Register of Castell\u00f3n, Volume 1450, Book 1012, Folio 221, Section 8, Page CS-29372, Tax Identification Number: B12781704 and with address for notifications [...].<\/p>","protected":false},"author":5,"featured_media":0,"parent":0,"menu_order":20,"comment_status":"closed","ping_status":"closed","template":"elementor_header_footer","meta":{"footnotes":""},"class_list":["post-8578","page","type-page","status-publish","hentry"],"yoast_head":"<!-- This site is optimized with the Yoast SEO plugin v27.4 - https:\/\/yoast.com\/product\/yoast-seo-wordpress\/ -->\n<title>Aviso Legal - Mart\u00ednez Sanz Abogados<\/title>\n<meta name=\"description\" content=\"Informaci\u00f3n importante sobre nuestra entidad, t\u00e9rminos de uso del sitio web, y aspectos relacionados con la propiedad intelectual.\" \/>\n<meta name=\"robots\" content=\"index, follow, max-snippet:-1, max-image-preview:large, max-video-preview:-1\" \/>\n<link rel=\"canonical\" href=\"https:\/\/martinezsanzabogados.com\/en\/legal-notice\/\" \/>\n<meta property=\"og:locale\" content=\"en_GB\" \/>\n<meta property=\"og:type\" content=\"article\" \/>\n<meta property=\"og:title\" content=\"Aviso Legal - Mart\u00ednez Sanz Abogados\" \/>\n<meta property=\"og:description\" content=\"Informaci\u00f3n importante sobre nuestra entidad, t\u00e9rminos de uso del sitio web, y aspectos relacionados con la propiedad intelectual.\" \/>\n<meta property=\"og:url\" content=\"https:\/\/martinezsanzabogados.com\/en\/legal-notice\/\" \/>\n<meta property=\"og:site_name\" content=\"Mart\u00ednez Sanz Abogados\" \/>\n<meta property=\"article:publisher\" content=\"https:\/\/www.facebook.com\/martinezsanzabogados\" \/>\n<meta property=\"article:modified_time\" content=\"2023-09-26T20:45:08+00:00\" \/>\n<meta name=\"twitter:card\" content=\"summary_large_image\" \/>\n<meta name=\"twitter:label1\" content=\"Estimated reading time\" \/>\n\t<meta name=\"twitter:data1\" content=\"5 minutes\" \/>\n<script type=\"application\/ld+json\" class=\"yoast-schema-graph\">{\"@context\":\"https:\\\/\\\/schema.org\",\"@graph\":[{\"@type\":\"WebPage\",\"@id\":\"https:\\\/\\\/martinezsanzabogados.com\\\/aviso-legal\\\/\",\"url\":\"https:\\\/\\\/martinezsanzabogados.com\\\/aviso-legal\\\/\",\"name\":\"Aviso Legal - Mart\u00ednez Sanz Abogados\",\"isPartOf\":{\"@id\":\"https:\\\/\\\/martinezsanzabogados.com\\\/#website\"},\"datePublished\":\"2022-12-28T15:46:35+00:00\",\"dateModified\":\"2023-09-26T20:45:08+00:00\",\"description\":\"Informaci\u00f3n importante sobre nuestra entidad, t\u00e9rminos de uso del sitio web, y aspectos relacionados con la propiedad intelectual.\",\"breadcrumb\":{\"@id\":\"https:\\\/\\\/martinezsanzabogados.com\\\/aviso-legal\\\/#breadcrumb\"},\"inLanguage\":\"en-GB\",\"potentialAction\":[{\"@type\":\"ReadAction\",\"target\":[\"https:\\\/\\\/martinezsanzabogados.com\\\/aviso-legal\\\/\"]}]},{\"@type\":\"BreadcrumbList\",\"@id\":\"https:\\\/\\\/martinezsanzabogados.com\\\/aviso-legal\\\/#breadcrumb\",\"itemListElement\":[{\"@type\":\"ListItem\",\"position\":1,\"name\":\"Portada\",\"item\":\"https:\\\/\\\/martinezsanzabogados.com\\\/\"},{\"@type\":\"ListItem\",\"position\":2,\"name\":\"Aviso Legal\"}]},{\"@type\":\"WebSite\",\"@id\":\"https:\\\/\\\/martinezsanzabogados.com\\\/#website\",\"url\":\"https:\\\/\\\/martinezsanzabogados.com\\\/\",\"name\":\"Mart\u00ednez Sanz Abogados\",\"description\":\"\",\"publisher\":{\"@id\":\"https:\\\/\\\/martinezsanzabogados.com\\\/#organization\"},\"potentialAction\":[{\"@type\":\"SearchAction\",\"target\":{\"@type\":\"EntryPoint\",\"urlTemplate\":\"https:\\\/\\\/martinezsanzabogados.com\\\/?s={search_term_string}\"},\"query-input\":{\"@type\":\"PropertyValueSpecification\",\"valueRequired\":true,\"valueName\":\"search_term_string\"}}],\"inLanguage\":\"en-GB\"},{\"@type\":\"Organization\",\"@id\":\"https:\\\/\\\/martinezsanzabogados.com\\\/#organization\",\"name\":\"Mart\u00ednez Sanz Abogados\",\"url\":\"https:\\\/\\\/martinezsanzabogados.com\\\/\",\"logo\":{\"@type\":\"ImageObject\",\"inLanguage\":\"en-GB\",\"@id\":\"https:\\\/\\\/martinezsanzabogados.com\\\/#\\\/schema\\\/logo\\\/image\\\/\",\"url\":\"https:\\\/\\\/martinezsanzabogados.com\\\/wp-content\\\/uploads\\\/2021\\\/10\\\/Logo-Martinez-Sanz.png\",\"contentUrl\":\"https:\\\/\\\/martinezsanzabogados.com\\\/wp-content\\\/uploads\\\/2021\\\/10\\\/Logo-Martinez-Sanz.png\",\"width\":350,\"height\":166,\"caption\":\"Mart\u00ednez Sanz Abogados\"},\"image\":{\"@id\":\"https:\\\/\\\/martinezsanzabogados.com\\\/#\\\/schema\\\/logo\\\/image\\\/\"},\"sameAs\":[\"https:\\\/\\\/www.facebook.com\\\/martinezsanzabogados\"]}]}<\/script>\n<!-- \/ Yoast SEO plugin. -->","yoast_head_json":{"title":"Legal Notice - Mart\u00ednez Sanz Abogados","description":"Important information about our entity, terms of use of the website, and intellectual property issues.","robots":{"index":"index","follow":"follow","max-snippet":"max-snippet:-1","max-image-preview":"max-image-preview:large","max-video-preview":"max-video-preview:-1"},"canonical":"https:\/\/martinezsanzabogados.com\/en\/legal-notice\/","og_locale":"en_GB","og_type":"article","og_title":"Aviso Legal - Mart\u00ednez Sanz Abogados","og_description":"Informaci\u00f3n importante sobre nuestra entidad, t\u00e9rminos de uso del sitio web, y aspectos relacionados con la propiedad intelectual.","og_url":"https:\/\/martinezsanzabogados.com\/en\/legal-notice\/","og_site_name":"Mart\u00ednez Sanz Abogados","article_publisher":"https:\/\/www.facebook.com\/martinezsanzabogados","article_modified_time":"2023-09-26T20:45:08+00:00","twitter_card":"summary_large_image","twitter_misc":{"Estimated reading time":"5 minutes"},"schema":{"@context":"https:\/\/schema.org","@graph":[{"@type":"WebPage","@id":"https:\/\/martinezsanzabogados.com\/aviso-legal\/","url":"https:\/\/martinezsanzabogados.com\/aviso-legal\/","name":"Legal Notice - Mart\u00ednez Sanz Abogados","isPartOf":{"@id":"https:\/\/martinezsanzabogados.com\/#website"},"datePublished":"2022-12-28T15:46:35+00:00","dateModified":"2023-09-26T20:45:08+00:00","description":"Important information about our entity, terms of use of the website, and intellectual property issues.","breadcrumb":{"@id":"https:\/\/martinezsanzabogados.com\/aviso-legal\/#breadcrumb"},"inLanguage":"en-GB","potentialAction":[{"@type":"ReadAction","target":["https:\/\/martinezsanzabogados.com\/aviso-legal\/"]}]},{"@type":"BreadcrumbList","@id":"https:\/\/martinezsanzabogados.com\/aviso-legal\/#breadcrumb","itemListElement":[{"@type":"ListItem","position":1,"name":"Portada","item":"https:\/\/martinezsanzabogados.com\/"},{"@type":"ListItem","position":2,"name":"Aviso Legal"}]},{"@type":"WebSite","@id":"https:\/\/martinezsanzabogados.com\/#website","url":"https:\/\/martinezsanzabogados.com\/","name":"Mart\u00ednez Sanz Lawyers","description":"","publisher":{"@id":"https:\/\/martinezsanzabogados.com\/#organization"},"potentialAction":[{"@type":"SearchAction","target":{"@type":"EntryPoint","urlTemplate":"https:\/\/martinezsanzabogados.com\/?s={search_term_string}"},"query-input":{"@type":"PropertyValueSpecification","valueRequired":true,"valueName":"search_term_string"}}],"inLanguage":"en-GB"},{"@type":"Organization","@id":"https:\/\/martinezsanzabogados.com\/#organization","name":"Mart\u00ednez Sanz Lawyers","url":"https:\/\/martinezsanzabogados.com\/","logo":{"@type":"ImageObject","inLanguage":"en-GB","@id":"https:\/\/martinezsanzabogados.com\/#\/schema\/logo\/image\/","url":"https:\/\/martinezsanzabogados.com\/wp-content\/uploads\/2021\/10\/Logo-Martinez-Sanz.png","contentUrl":"https:\/\/martinezsanzabogados.com\/wp-content\/uploads\/2021\/10\/Logo-Martinez-Sanz.png","width":350,"height":166,"caption":"Mart\u00ednez Sanz Abogados"},"image":{"@id":"https:\/\/martinezsanzabogados.com\/#\/schema\/logo\/image\/"},"sameAs":["https:\/\/www.facebook.com\/martinezsanzabogados"]}]}},"_links":{"self":[{"href":"https:\/\/martinezsanzabogados.com\/en\/wp-json\/wp\/v2\/pages\/8578","targetHints":{"allow":["GET"]}}],"collection":[{"href":"https:\/\/martinezsanzabogados.com\/en\/wp-json\/wp\/v2\/pages"}],"about":[{"href":"https:\/\/martinezsanzabogados.com\/en\/wp-json\/wp\/v2\/types\/page"}],"author":[{"embeddable":true,"href":"https:\/\/martinezsanzabogados.com\/en\/wp-json\/wp\/v2\/users\/5"}],"replies":[{"embeddable":true,"href":"https:\/\/martinezsanzabogados.com\/en\/wp-json\/wp\/v2\/comments?post=8578"}],"version-history":[{"count":0,"href":"https:\/\/martinezsanzabogados.com\/en\/wp-json\/wp\/v2\/pages\/8578\/revisions"}],"wp:attachment":[{"href":"https:\/\/martinezsanzabogados.com\/en\/wp-json\/wp\/v2\/media?parent=8578"}],"curies":[{"name":"wp","href":"https:\/\/api.w.org\/{rel}","templated":true}]}}