{"id":12250,"date":"2025-01-15T16:24:23","date_gmt":"2025-01-15T14:24:23","guid":{"rendered":"https:\/\/martinezsanzabogados.com\/?page_id=12250"},"modified":"2025-01-20T16:35:26","modified_gmt":"2025-01-20T14:35:26","slug":"fernando-martinez-sanz","status":"publish","type":"page","link":"https:\/\/martinezsanzabogados.com\/en\/fernando-martinez-sanz\/","title":{"rendered":"Fernando Mart\u00ednez Sanz"},"content":{"rendered":"<div data-elementor-type=\"wp-page\" data-elementor-id=\"12250\" class=\"elementor elementor-12250\" data-elementor-post-type=\"page\">\n\t\t\t\t\t\t<section class=\"elementor-section elementor-top-section elementor-element elementor-element-245a27a elementor-section-stretched elementor-section-boxed elementor-section-height-default elementor-section-height-default\" data-id=\"245a27a\" data-element_type=\"section\" data-e-type=\"section\" data-settings=\"{&quot;stretch_section&quot;:&quot;section-stretched&quot;,&quot;background_background&quot;:&quot;classic&quot;}\">\n\t\t\t\t\t\t<div class=\"elementor-container elementor-column-gap-default\">\n\t\t\t\t\t<div class=\"elementor-column elementor-col-50 elementor-top-column elementor-element elementor-element-0ae9b48 columna-foto\" data-id=\"0ae9b48\" data-element_type=\"column\" data-e-type=\"column\">\n\t\t\t<div class=\"elementor-widget-wrap elementor-element-populated\">\n\t\t\t\t\t\t<div class=\"elementor-element elementor-element-1bdc626 elementor-widget elementor-widget-image\" data-id=\"1bdc626\" data-element_type=\"widget\" data-e-type=\"widget\" data-widget_type=\"image.default\">\n\t\t\t\t<div class=\"elementor-widget-container\">\n\t\t\t\t\t\t\t\t\t\t\t\t\t\t\t<img fetchpriority=\"high\" decoding=\"async\" width=\"800\" height=\"534\" src=\"https:\/\/martinezsanzabogados.com\/wp-content\/uploads\/2023\/09\/MARTINEZSANZ-EquipoHumanoCastellon-004-2048x1365.jpg-1024x683.webp\" class=\"attachment-large size-large wp-image-10625\" alt=\"MARTINEZSANZ EquipoHumanoCastellon 004 2048x1365.jpg\" srcset=\"https:\/\/martinezsanzabogados.com\/wp-content\/uploads\/2023\/09\/MARTINEZSANZ-EquipoHumanoCastellon-004-2048x1365.jpg-1024x683.webp 1024w, https:\/\/martinezsanzabogados.com\/wp-content\/uploads\/2023\/09\/MARTINEZSANZ-EquipoHumanoCastellon-004-2048x1365.jpg-300x200.webp 300w, https:\/\/martinezsanzabogados.com\/wp-content\/uploads\/2023\/09\/MARTINEZSANZ-EquipoHumanoCastellon-004-2048x1365.jpg-768x512.webp 768w, https:\/\/martinezsanzabogados.com\/wp-content\/uploads\/2023\/09\/MARTINEZSANZ-EquipoHumanoCastellon-004-2048x1365.jpg-1536x1024.webp 1536w, https:\/\/martinezsanzabogados.com\/wp-content\/uploads\/2023\/09\/MARTINEZSANZ-EquipoHumanoCastellon-004-2048x1365.jpg.webp 2048w\" sizes=\"(max-width: 800px) 100vw, 800px\" \/>\t\t\t\t\t\t\t\t\t\t\t\t\t\t\t<\/div>\n\t\t\t\t<\/div>\n\t\t\t\t<div class=\"elementor-element elementor-element-d7b7318 elementor-widget elementor-widget-heading\" data-id=\"d7b7318\" data-element_type=\"widget\" data-e-type=\"widget\" data-widget_type=\"heading.default\">\n\t\t\t\t<div class=\"elementor-widget-container\">\n\t\t\t\t\t<h1 class=\"elementor-heading-title elementor-size-default\">Fernando Mart\u00ednez Sanz<\/h1>\t\t\t\t<\/div>\n\t\t\t\t<\/div>\n\t\t\t\t<div class=\"elementor-element elementor-element-253123d elementor-widget elementor-widget-heading\" data-id=\"253123d\" data-element_type=\"widget\" data-e-type=\"widget\" data-widget_type=\"heading.default\">\n\t\t\t\t<div class=\"elementor-widget-container\">\n\t\t\t\t\t<span class=\"elementor-heading-title elementor-size-default\">Managing Lawyer<\/span>\t\t\t\t<\/div>\n\t\t\t\t<\/div>\n\t\t\t\t<div class=\"elementor-element elementor-element-19cf33d card-trabajador elementor-widget elementor-widget-html\" data-id=\"19cf33d\" data-element_type=\"widget\" data-e-type=\"widget\" data-widget_type=\"html.default\">\n\t\t\t\t<div class=\"elementor-widget-container\">\n\t\t\t\t\t<div class=\"contenedor_boton-info\">\r\n<div class=\"boton-info\">\r\n<i aria-hidden=\"true\" class=\"fab fa-linkedin\"><\/i>\r\n<a href=\"https:\/\/www.linkedin.com\/in\/fernando-mart%25C3%25ADnez-sanz-00819641\/?originalSubdomain=es\">See LinkedIn<\/a>\r\n<\/div>\r\n<\/div>\r\n\r\n<div class=\"contenedor_boton-info\">\r\n<div class=\"boton-info\">\r\n<i aria-hidden=\"true\" class=\"fas fa-envelope\"><\/i>\r\n<a href=\"mailto:fms@martinezsanzabogados.com\">Send Email<\/a>\r\n<\/div>\r\n<\/div>\t\t\t\t<\/div>\n\t\t\t\t<\/div>\n\t\t\t\t\t<\/div>\n\t\t<\/div>\n\t\t\t\t<div class=\"elementor-column elementor-col-50 elementor-top-column elementor-element elementor-element-ee5239a\" data-id=\"ee5239a\" data-element_type=\"column\" data-e-type=\"column\" data-settings=\"{&quot;background_background&quot;:&quot;classic&quot;}\">\n\t\t\t<div class=\"elementor-widget-wrap elementor-element-populated\">\n\t\t\t\t\t\t<div class=\"elementor-element elementor-element-ffc1b81 elementor-widget elementor-widget-heading\" data-id=\"ffc1b81\" data-element_type=\"widget\" data-e-type=\"widget\" data-widget_type=\"heading.default\">\n\t\t\t\t<div class=\"elementor-widget-container\">\n\t\t\t\t\t<span class=\"elementor-heading-title elementor-size-default\">Managing Lawyer<\/span>\t\t\t\t<\/div>\n\t\t\t\t<\/div>\n\t\t\t\t<div class=\"elementor-element elementor-element-6cfe50f elementor-widget elementor-widget-heading\" data-id=\"6cfe50f\" data-element_type=\"widget\" data-e-type=\"widget\" data-widget_type=\"heading.default\">\n\t\t\t\t<div class=\"elementor-widget-container\">\n\t\t\t\t\t<span class=\"elementor-heading-title elementor-size-default\">Work experience<\/span>\t\t\t\t<\/div>\n\t\t\t\t<\/div>\n\t\t\t\t<div class=\"elementor-element elementor-element-eddc20f elementor-widget elementor-widget-text-editor\" data-id=\"eddc20f\" data-element_type=\"widget\" data-e-type=\"widget\" data-widget_type=\"text-editor.default\">\n\t\t\t\t<div class=\"elementor-widget-container\">\n\t\t\t\t\t\t\t\t\t<p>PhD in Law from the University of Alcal\u00e1 de Henares with the highest qualification. Extraordinary Doctorate Award. Since 2001 he has been Professor of Commercial Law at the Universitat Jaume I in Castell\u00f3n. Member of the Special Section of the General Codification Commission for the reform of the Commercial Code in the field of the contract of carriage of goods. He has given many lectures and courses at Universities, Centres and Professional Associations, both in Spain and abroad, and is an arbitrator at the Court of Arbitration of the Chamber of Commerce of Castell\u00f3n and Valencia. He is the author of several articles in national and foreign legal journals (German and Italian), as well as of several monographs and publications, both on commercial law, corporate law, insolvency law and restructuring plans. He has extensive professional experience as an insolvency administrator in more than 150 proceedings and has been involved in several sales of production units.<\/p>\t\t\t\t\t\t\t\t<\/div>\n\t\t\t\t<\/div>\n\t\t\t\t<div class=\"elementor-element elementor-element-631807c elementor-widget elementor-widget-heading\" data-id=\"631807c\" data-element_type=\"widget\" data-e-type=\"widget\" data-widget_type=\"heading.default\">\n\t\t\t\t<div class=\"elementor-widget-container\">\n\t\t\t\t\t<span class=\"elementor-heading-title elementor-size-default\">Office<\/span>\t\t\t\t<\/div>\n\t\t\t\t<\/div>\n\t\t\t\t<div class=\"elementor-element elementor-element-c6aec69 elementor-widget elementor-widget-text-editor\" data-id=\"c6aec69\" data-element_type=\"widget\" data-e-type=\"widget\" data-widget_type=\"text-editor.default\">\n\t\t\t\t<div class=\"elementor-widget-container\">\n\t\t\t\t\t\t\t\t\t<p>Madrid, Valencia and Castell\u00f3n offices.<\/p>\t\t\t\t\t\t\t\t<\/div>\n\t\t\t\t<\/div>\n\t\t\t\t<div class=\"elementor-element elementor-element-e421181 elementor-widget elementor-widget-heading\" data-id=\"e421181\" data-element_type=\"widget\" data-e-type=\"widget\" data-widget_type=\"heading.default\">\n\t\t\t\t<div class=\"elementor-widget-container\">\n\t\t\t\t\t<span class=\"elementor-heading-title elementor-size-default\">Languages<\/span>\t\t\t\t<\/div>\n\t\t\t\t<\/div>\n\t\t\t\t<div class=\"elementor-element elementor-element-628102d elementor-icon-list--layout-traditional elementor-list-item-link-full_width elementor-widget elementor-widget-icon-list\" data-id=\"628102d\" data-element_type=\"widget\" data-e-type=\"widget\" data-widget_type=\"icon-list.default\">\n\t\t\t\t<div class=\"elementor-widget-container\">\n\t\t\t\t\t\t\t<ul class=\"elementor-icon-list-items\">\n\t\t\t\t\t\t\t<li class=\"elementor-icon-list-item\">\n\t\t\t\t\t\t\t\t\t\t\t<span class=\"elementor-icon-list-icon\">\n\t\t\t\t\t\t\t<i aria-hidden=\"true\" class=\"fas fa-check\"><\/i>\t\t\t\t\t\t<\/span>\n\t\t\t\t\t\t\t\t\t\t<span class=\"elementor-icon-list-text\">English<\/span>\n\t\t\t\t\t\t\t\t\t<\/li>\n\t\t\t\t\t\t\t\t<li class=\"elementor-icon-list-item\">\n\t\t\t\t\t\t\t\t\t\t\t<span class=\"elementor-icon-list-icon\">\n\t\t\t\t\t\t\t<i aria-hidden=\"true\" class=\"fas fa-check\"><\/i>\t\t\t\t\t\t<\/span>\n\t\t\t\t\t\t\t\t\t\t<span class=\"elementor-icon-list-text\">English<\/span>\n\t\t\t\t\t\t\t\t\t<\/li>\n\t\t\t\t\t\t\t\t<li class=\"elementor-icon-list-item\">\n\t\t\t\t\t\t\t\t\t\t\t<span class=\"elementor-icon-list-icon\">\n\t\t\t\t\t\t\t<i aria-hidden=\"true\" class=\"fas fa-check\"><\/i>\t\t\t\t\t\t<\/span>\n\t\t\t\t\t\t\t\t\t\t<span class=\"elementor-icon-list-text\">German<\/span>\n\t\t\t\t\t\t\t\t\t<\/li>\n\t\t\t\t\t\t<\/ul>\n\t\t\t\t\t\t<\/div>\n\t\t\t\t<\/div>\n\t\t\t\t\t<\/div>\n\t\t<\/div>\n\t\t\t\t\t<\/div>\n\t\t<\/section>\n\t\t\t\t<\/div>","protected":false},"excerpt":{"rendered":"<p>Fernando Mart\u00ednez Sanz Abogado Director Ver Linkedin Enviar correo Abogado Director Experiencia laboral Doctor en Derecho por la Universidad de Alcal\u00e1 de Henares con la m\u00e1xima calificaci\u00f3n. Premio Extraordinario de Doctorado. Desde 2001 es Catedr\u00e1tico de Derecho Mercantil en la Universitat Jaume I de Castell\u00f3n. Vocal de la Secci\u00f3n Especial de la Comisi\u00f3n General de [&hellip;]<\/p>","protected":false},"author":7,"featured_media":0,"parent":0,"menu_order":0,"comment_status":"closed","ping_status":"closed","template":"elementor_header_footer","meta":{"footnotes":""},"class_list":["post-12250","page","type-page","status-publish","hentry"],"yoast_head":"<!-- This site is optimized with the Yoast SEO plugin v27.3 - https:\/\/yoast.com\/product\/yoast-seo-wordpress\/ -->\n<title>Fernando Mart\u00ednez Sanz - Mart\u00ednez Sanz Abogados<\/title>\n<meta name=\"robots\" content=\"index, follow, max-snippet:-1, max-image-preview:large, max-video-preview:-1\" \/>\n<link rel=\"canonical\" href=\"https:\/\/martinezsanzabogados.com\/en\/fernando-martinez-sanz\/\" \/>\n<meta property=\"og:locale\" content=\"en_GB\" \/>\n<meta property=\"og:type\" content=\"article\" \/>\n<meta property=\"og:title\" content=\"Fernando Mart\u00ednez Sanz - Mart\u00ednez Sanz Abogados\" \/>\n<meta property=\"og:description\" content=\"Fernando Mart\u00ednez Sanz Abogado Director Ver Linkedin Enviar correo Abogado Director Experiencia laboral Doctor en Derecho por la Universidad de Alcal\u00e1 de Henares con la m\u00e1xima calificaci\u00f3n. Premio Extraordinario de Doctorado. Desde 2001 es Catedr\u00e1tico de Derecho Mercantil en la Universitat Jaume I de Castell\u00f3n. Vocal de la Secci\u00f3n Especial de la Comisi\u00f3n General de [&hellip;]\" \/>\n<meta property=\"og:url\" content=\"https:\/\/martinezsanzabogados.com\/en\/fernando-martinez-sanz\/\" \/>\n<meta property=\"og:site_name\" content=\"Mart\u00ednez Sanz Abogados\" \/>\n<meta property=\"article:publisher\" content=\"https:\/\/www.facebook.com\/martinezsanzabogados\" \/>\n<meta property=\"article:modified_time\" content=\"2025-01-20T14:35:26+00:00\" \/>\n<meta property=\"og:image\" content=\"https:\/\/martinezsanzabogados.com\/wp-content\/uploads\/2023\/09\/MARTINEZSANZ-EquipoHumanoCastellon-004-2048x1365.jpg.webp\" \/>\n\t<meta property=\"og:image:width\" content=\"2048\" \/>\n\t<meta property=\"og:image:height\" content=\"1365\" \/>\n\t<meta property=\"og:image:type\" content=\"image\/webp\" \/>\n<meta name=\"twitter:card\" content=\"summary_large_image\" \/>\n<meta name=\"twitter:label1\" content=\"Estimated reading time\" \/>\n\t<meta name=\"twitter:data1\" content=\"2 minutes\" \/>\n<script type=\"application\/ld+json\" class=\"yoast-schema-graph\">{\"@context\":\"https:\\\/\\\/schema.org\",\"@graph\":[{\"@type\":\"WebPage\",\"@id\":\"https:\\\/\\\/martinezsanzabogados.com\\\/fernando-martinez-sanz\\\/\",\"url\":\"https:\\\/\\\/martinezsanzabogados.com\\\/fernando-martinez-sanz\\\/\",\"name\":\"Fernando Mart\u00ednez Sanz - Mart\u00ednez Sanz Abogados\",\"isPartOf\":{\"@id\":\"https:\\\/\\\/martinezsanzabogados.com\\\/#website\"},\"primaryImageOfPage\":{\"@id\":\"https:\\\/\\\/martinezsanzabogados.com\\\/fernando-martinez-sanz\\\/#primaryimage\"},\"image\":{\"@id\":\"https:\\\/\\\/martinezsanzabogados.com\\\/fernando-martinez-sanz\\\/#primaryimage\"},\"thumbnailUrl\":\"https:\\\/\\\/martinezsanzabogados.com\\\/wp-content\\\/uploads\\\/2023\\\/09\\\/MARTINEZSANZ-EquipoHumanoCastellon-004-2048x1365.jpg-1024x683.webp\",\"datePublished\":\"2025-01-15T14:24:23+00:00\",\"dateModified\":\"2025-01-20T14:35:26+00:00\",\"breadcrumb\":{\"@id\":\"https:\\\/\\\/martinezsanzabogados.com\\\/fernando-martinez-sanz\\\/#breadcrumb\"},\"inLanguage\":\"en-GB\",\"potentialAction\":[{\"@type\":\"ReadAction\",\"target\":[\"https:\\\/\\\/martinezsanzabogados.com\\\/fernando-martinez-sanz\\\/\"]}]},{\"@type\":\"ImageObject\",\"inLanguage\":\"en-GB\",\"@id\":\"https:\\\/\\\/martinezsanzabogados.com\\\/fernando-martinez-sanz\\\/#primaryimage\",\"url\":\"https:\\\/\\\/martinezsanzabogados.com\\\/wp-content\\\/uploads\\\/2023\\\/09\\\/MARTINEZSANZ-EquipoHumanoCastellon-004-2048x1365.jpg-1024x683.webp\",\"contentUrl\":\"https:\\\/\\\/martinezsanzabogados.com\\\/wp-content\\\/uploads\\\/2023\\\/09\\\/MARTINEZSANZ-EquipoHumanoCastellon-004-2048x1365.jpg-1024x683.webp\"},{\"@type\":\"BreadcrumbList\",\"@id\":\"https:\\\/\\\/martinezsanzabogados.com\\\/fernando-martinez-sanz\\\/#breadcrumb\",\"itemListElement\":[{\"@type\":\"ListItem\",\"position\":1,\"name\":\"Portada\",\"item\":\"https:\\\/\\\/martinezsanzabogados.com\\\/\"},{\"@type\":\"ListItem\",\"position\":2,\"name\":\"Fernando Mart\u00ednez Sanz\"}]},{\"@type\":\"WebSite\",\"@id\":\"https:\\\/\\\/martinezsanzabogados.com\\\/#website\",\"url\":\"https:\\\/\\\/martinezsanzabogados.com\\\/\",\"name\":\"Mart\u00ednez Sanz Abogados\",\"description\":\"\",\"publisher\":{\"@id\":\"https:\\\/\\\/martinezsanzabogados.com\\\/#organization\"},\"potentialAction\":[{\"@type\":\"SearchAction\",\"target\":{\"@type\":\"EntryPoint\",\"urlTemplate\":\"https:\\\/\\\/martinezsanzabogados.com\\\/?s={search_term_string}\"},\"query-input\":{\"@type\":\"PropertyValueSpecification\",\"valueRequired\":true,\"valueName\":\"search_term_string\"}}],\"inLanguage\":\"en-GB\"},{\"@type\":\"Organization\",\"@id\":\"https:\\\/\\\/martinezsanzabogados.com\\\/#organization\",\"name\":\"Mart\u00ednez Sanz Abogados\",\"url\":\"https:\\\/\\\/martinezsanzabogados.com\\\/\",\"logo\":{\"@type\":\"ImageObject\",\"inLanguage\":\"en-GB\",\"@id\":\"https:\\\/\\\/martinezsanzabogados.com\\\/#\\\/schema\\\/logo\\\/image\\\/\",\"url\":\"https:\\\/\\\/martinezsanzabogados.com\\\/wp-content\\\/uploads\\\/2021\\\/10\\\/Logo-Martinez-Sanz.png\",\"contentUrl\":\"https:\\\/\\\/martinezsanzabogados.com\\\/wp-content\\\/uploads\\\/2021\\\/10\\\/Logo-Martinez-Sanz.png\",\"width\":350,\"height\":166,\"caption\":\"Mart\u00ednez Sanz Abogados\"},\"image\":{\"@id\":\"https:\\\/\\\/martinezsanzabogados.com\\\/#\\\/schema\\\/logo\\\/image\\\/\"},\"sameAs\":[\"https:\\\/\\\/www.facebook.com\\\/martinezsanzabogados\"]}]}<\/script>\n<!-- \/ Yoast SEO plugin. -->","yoast_head_json":{"title":"Fernando Mart\u00ednez Sanz - Mart\u00ednez Sanz Abogados","robots":{"index":"index","follow":"follow","max-snippet":"max-snippet:-1","max-image-preview":"max-image-preview:large","max-video-preview":"max-video-preview:-1"},"canonical":"https:\/\/martinezsanzabogados.com\/en\/fernando-martinez-sanz\/","og_locale":"en_GB","og_type":"article","og_title":"Fernando Mart\u00ednez Sanz - Mart\u00ednez Sanz Abogados","og_description":"Fernando Mart\u00ednez Sanz Abogado Director Ver Linkedin Enviar correo Abogado Director Experiencia laboral Doctor en Derecho por la Universidad de Alcal\u00e1 de Henares con la m\u00e1xima calificaci\u00f3n. Premio Extraordinario de Doctorado. Desde 2001 es Catedr\u00e1tico de Derecho Mercantil en la Universitat Jaume I de Castell\u00f3n. Vocal de la Secci\u00f3n Especial de la Comisi\u00f3n General de [&hellip;]","og_url":"https:\/\/martinezsanzabogados.com\/en\/fernando-martinez-sanz\/","og_site_name":"Mart\u00ednez Sanz Abogados","article_publisher":"https:\/\/www.facebook.com\/martinezsanzabogados","article_modified_time":"2025-01-20T14:35:26+00:00","og_image":[{"width":2048,"height":1365,"url":"https:\/\/martinezsanzabogados.com\/wp-content\/uploads\/2023\/09\/MARTINEZSANZ-EquipoHumanoCastellon-004-2048x1365.jpg.webp","type":"image\/webp"}],"twitter_card":"summary_large_image","twitter_misc":{"Estimated reading time":"2 minutes"},"schema":{"@context":"https:\/\/schema.org","@graph":[{"@type":"WebPage","@id":"https:\/\/martinezsanzabogados.com\/fernando-martinez-sanz\/","url":"https:\/\/martinezsanzabogados.com\/fernando-martinez-sanz\/","name":"Fernando Mart\u00ednez Sanz - Mart\u00ednez Sanz Abogados","isPartOf":{"@id":"https:\/\/martinezsanzabogados.com\/#website"},"primaryImageOfPage":{"@id":"https:\/\/martinezsanzabogados.com\/fernando-martinez-sanz\/#primaryimage"},"image":{"@id":"https:\/\/martinezsanzabogados.com\/fernando-martinez-sanz\/#primaryimage"},"thumbnailUrl":"https:\/\/martinezsanzabogados.com\/wp-content\/uploads\/2023\/09\/MARTINEZSANZ-EquipoHumanoCastellon-004-2048x1365.jpg-1024x683.webp","datePublished":"2025-01-15T14:24:23+00:00","dateModified":"2025-01-20T14:35:26+00:00","breadcrumb":{"@id":"https:\/\/martinezsanzabogados.com\/fernando-martinez-sanz\/#breadcrumb"},"inLanguage":"en-GB","potentialAction":[{"@type":"ReadAction","target":["https:\/\/martinezsanzabogados.com\/fernando-martinez-sanz\/"]}]},{"@type":"ImageObject","inLanguage":"en-GB","@id":"https:\/\/martinezsanzabogados.com\/fernando-martinez-sanz\/#primaryimage","url":"https:\/\/martinezsanzabogados.com\/wp-content\/uploads\/2023\/09\/MARTINEZSANZ-EquipoHumanoCastellon-004-2048x1365.jpg-1024x683.webp","contentUrl":"https:\/\/martinezsanzabogados.com\/wp-content\/uploads\/2023\/09\/MARTINEZSANZ-EquipoHumanoCastellon-004-2048x1365.jpg-1024x683.webp"},{"@type":"BreadcrumbList","@id":"https:\/\/martinezsanzabogados.com\/fernando-martinez-sanz\/#breadcrumb","itemListElement":[{"@type":"ListItem","position":1,"name":"Portada","item":"https:\/\/martinezsanzabogados.com\/"},{"@type":"ListItem","position":2,"name":"Fernando Mart\u00ednez Sanz"}]},{"@type":"WebSite","@id":"https:\/\/martinezsanzabogados.com\/#website","url":"https:\/\/martinezsanzabogados.com\/","name":"Mart\u00ednez Sanz Lawyers","description":"","publisher":{"@id":"https:\/\/martinezsanzabogados.com\/#organization"},"potentialAction":[{"@type":"SearchAction","target":{"@type":"EntryPoint","urlTemplate":"https:\/\/martinezsanzabogados.com\/?s={search_term_string}"},"query-input":{"@type":"PropertyValueSpecification","valueRequired":true,"valueName":"search_term_string"}}],"inLanguage":"en-GB"},{"@type":"Organization","@id":"https:\/\/martinezsanzabogados.com\/#organization","name":"Mart\u00ednez Sanz Lawyers","url":"https:\/\/martinezsanzabogados.com\/","logo":{"@type":"ImageObject","inLanguage":"en-GB","@id":"https:\/\/martinezsanzabogados.com\/#\/schema\/logo\/image\/","url":"https:\/\/martinezsanzabogados.com\/wp-content\/uploads\/2021\/10\/Logo-Martinez-Sanz.png","contentUrl":"https:\/\/martinezsanzabogados.com\/wp-content\/uploads\/2021\/10\/Logo-Martinez-Sanz.png","width":350,"height":166,"caption":"Mart\u00ednez Sanz Abogados"},"image":{"@id":"https:\/\/martinezsanzabogados.com\/#\/schema\/logo\/image\/"},"sameAs":["https:\/\/www.facebook.com\/martinezsanzabogados"]}]}},"_links":{"self":[{"href":"https:\/\/martinezsanzabogados.com\/en\/wp-json\/wp\/v2\/pages\/12250","targetHints":{"allow":["GET"]}}],"collection":[{"href":"https:\/\/martinezsanzabogados.com\/en\/wp-json\/wp\/v2\/pages"}],"about":[{"href":"https:\/\/martinezsanzabogados.com\/en\/wp-json\/wp\/v2\/types\/page"}],"author":[{"embeddable":true,"href":"https:\/\/martinezsanzabogados.com\/en\/wp-json\/wp\/v2\/users\/7"}],"replies":[{"embeddable":true,"href":"https:\/\/martinezsanzabogados.com\/en\/wp-json\/wp\/v2\/comments?post=12250"}],"version-history":[{"count":16,"href":"https:\/\/martinezsanzabogados.com\/en\/wp-json\/wp\/v2\/pages\/12250\/revisions"}],"predecessor-version":[{"id":12297,"href":"https:\/\/martinezsanzabogados.com\/en\/wp-json\/wp\/v2\/pages\/12250\/revisions\/12297"}],"wp:attachment":[{"href":"https:\/\/martinezsanzabogados.com\/en\/wp-json\/wp\/v2\/media?parent=12250"}],"curies":[{"name":"wp","href":"https:\/\/api.w.org\/{rel}","templated":true}]}}