{"id":11278,"date":"2024-10-02T09:33:06","date_gmt":"2024-10-02T07:33:06","guid":{"rendered":"https:\/\/martinezsanzabogados.com\/?page_id=11278"},"modified":"2024-10-30T17:57:16","modified_gmt":"2024-10-30T15:57:16","slug":"offices","status":"publish","type":"page","link":"https:\/\/martinezsanzabogados.com\/en\/offices\/","title":{"rendered":"Offices"},"content":{"rendered":"<div data-elementor-type=\"wp-page\" data-elementor-id=\"11278\" class=\"elementor elementor-11278\" data-elementor-post-type=\"page\">\n\t\t\t\t\t\t<section class=\"elementor-section elementor-top-section elementor-element elementor-element-357f71d elementor-section-height-min-height elementor-section-stretched elementor-section-boxed elementor-section-height-default elementor-section-items-middle\" data-id=\"357f71d\" data-element_type=\"section\" data-e-type=\"section\" data-settings=\"{&quot;stretch_section&quot;:&quot;section-stretched&quot;,&quot;background_background&quot;:&quot;classic&quot;}\">\n\t\t\t\t\t\t\t<div class=\"elementor-background-overlay\"><\/div>\n\t\t\t\t\t\t\t<div class=\"elementor-container elementor-column-gap-default\">\n\t\t\t\t\t<div class=\"elementor-column elementor-col-100 elementor-top-column elementor-element elementor-element-bf31d40\" data-id=\"bf31d40\" data-element_type=\"column\" data-e-type=\"column\">\n\t\t\t<div class=\"elementor-widget-wrap elementor-element-populated\">\n\t\t\t\t\t\t<div class=\"elementor-element elementor-element-822f481 elementor-widget elementor-widget-heading\" data-id=\"822f481\" data-element_type=\"widget\" data-e-type=\"widget\" data-widget_type=\"heading.default\">\n\t\t\t\t<div class=\"elementor-widget-container\">\n\t\t\t\t\t<h2 class=\"elementor-heading-title elementor-size-default\">Get to Know Our<\/h2>\t\t\t\t<\/div>\n\t\t\t\t<\/div>\n\t\t\t\t<div class=\"elementor-element elementor-element-4a99925 elementor-widget elementor-widget-text-editor\" data-id=\"4a99925\" data-element_type=\"widget\" data-e-type=\"widget\" data-widget_type=\"text-editor.default\">\n\t\t\t\t<div class=\"elementor-widget-container\">\n\t\t\t\t\t\t\t\t\t<p><strong data-renderer-mark=\"true\">Mart\u00ednez Sanz Abogados, with over fifteen years of experience, has offices in Madrid, Valencia, and Castell\u00f3n de la Plana, from which our team of lawyers addresses the legal challenges faced today by many companies and families. The firm provides legal advice both for specific cases and on an ongoing or retainer basis. Under the direction of Professor of Commercial Law, Dr Fernando Mart\u00ednez Sanz, our daily commitment, professionalism, and dedication to our clients are the hallmarks that define the firm.<\/strong><\/p>\t\t\t\t\t\t\t\t<\/div>\n\t\t\t\t<\/div>\n\t\t\t\t\t<\/div>\n\t\t<\/div>\n\t\t\t\t\t<\/div>\n\t\t<\/section>\n\t\t\t\t<section class=\"elementor-section elementor-top-section elementor-element elementor-element-0b977a2 elementor-section-boxed elementor-section-height-default elementor-section-height-default\" data-id=\"0b977a2\" data-element_type=\"section\" data-e-type=\"section\" data-settings=\"{&quot;background_background&quot;:&quot;classic&quot;}\">\n\t\t\t\t\t\t<div class=\"elementor-container elementor-column-gap-default\">\n\t\t\t\t\t<div class=\"elementor-column elementor-col-33 elementor-top-column elementor-element elementor-element-e2e3c76\" data-id=\"e2e3c76\" data-element_type=\"column\" data-e-type=\"column\">\n\t\t\t<div class=\"elementor-widget-wrap elementor-element-populated\">\n\t\t\t\t\t\t<div class=\"elementor-element elementor-element-ddc38b4 elementor-flip-box--direction-left card-trabajador elementor-flip-box--effect-flip elementor-widget elementor-widget-flip-box\" data-id=\"ddc38b4\" data-element_type=\"widget\" data-e-type=\"widget\" data-widget_type=\"flip-box.default\">\n\t\t\t\t<div class=\"elementor-widget-container\">\n\t\t\t\t\t\t\t<div class=\"elementor-flip-box\" tabindex=\"0\">\n\t\t\t<div class=\"elementor-flip-box__layer elementor-flip-box__front\">\n\t\t\t\t<div class=\"elementor-flip-box__layer__overlay\">\n\t\t\t\t\t<div class=\"elementor-flip-box__layer__inner\">\n\t\t\t\t\t\t\t\t\t\t\t\t\t<div class=\"elementor-flip-box__image\">\n\t\t\t\t\t\t\t\t<img fetchpriority=\"high\" decoding=\"async\" width=\"1536\" height=\"1024\" src=\"https:\/\/martinezsanzabogados.com\/wp-content\/uploads\/2024\/10\/oficina-madrid-1536x1024.jpg\" class=\"attachment-1536x1536 size-1536x1536 wp-image-11367\" alt=\"madrid office\" srcset=\"https:\/\/martinezsanzabogados.com\/wp-content\/uploads\/2024\/10\/oficina-madrid-1536x1024.jpg 1536w, https:\/\/martinezsanzabogados.com\/wp-content\/uploads\/2024\/10\/oficina-madrid-300x200.jpg 300w, https:\/\/martinezsanzabogados.com\/wp-content\/uploads\/2024\/10\/oficina-madrid-1024x683.jpg 1024w, https:\/\/martinezsanzabogados.com\/wp-content\/uploads\/2024\/10\/oficina-madrid-768x512.jpg 768w, https:\/\/martinezsanzabogados.com\/wp-content\/uploads\/2024\/10\/oficina-madrid.jpg 1920w\" sizes=\"(max-width: 1536px) 100vw, 1536px\" \/>\t\t\t\t\t\t\t<\/div>\n\t\t\t\t\t\t\n\t\t\t\t\t\t\t\t\t\t\t\t\t<h3 class=\"elementor-flip-box__layer__title\">\n\t\t\t\t\t\t\t\tMadrid Office\t\t\t\t\t\t\t<\/h3>\n\t\t\t\t\t\t\n\t\t\t\t\t\t\t\t\t\t\t<\/div>\n\t\t\t\t<\/div>\n\t\t\t<\/div>\n\t\t\t<div class=\"elementor-flip-box__layer elementor-flip-box__back\">\n\t\t\t<div class=\"elementor-flip-box__layer__overlay\">\n\t\t\t\t<div class=\"elementor-flip-box__layer__inner\">\n\t\t\t\t\t\t\t\t\t\t\t<h3 class=\"elementor-flip-box__layer__title\">\n\t\t\t\t\t\t\tMadrid Office\t\t\t\t\t\t<\/h3>\n\t\t\t\t\t\n\t\t\t\t\t\t\t\t\t\t\t<div class=\"elementor-flip-box__layer__description\">\n\t\t\t\t\t\t\t<div class=\"contenedor_boton-info\">\n<div class=\"boton-info\">\n<i aria-hidden=\"true\" class=\"fas fa-user-plus\"><\/i>\n<a href=\"\/en\/office-in-madrid\/\">View page<\/a>\n<\/div>\n<\/div>\n\n<div class=\"contenedor_boton-info\">\n<div class=\"boton-info\">\n<i aria-hidden=\"true\" class=\"fas fa-envelope\"><\/i>\n<a href=\"mailto:info@martinezsanzabogados.com\">Send Email<\/a>\n<\/div>\n<\/div>\t\t\t\t\t\t<\/div>\n\t\t\t\t\t\n\t\t\t\t\t\t\t\t<\/div>\n\t\t<\/div>\n\t\t<\/div>\n\t\t<\/div>\n\t\t\t\t\t\t<\/div>\n\t\t\t\t<\/div>\n\t\t\t\t\t<\/div>\n\t\t<\/div>\n\t\t\t\t<div class=\"elementor-column elementor-col-33 elementor-top-column elementor-element elementor-element-2bc8605\" data-id=\"2bc8605\" data-element_type=\"column\" data-e-type=\"column\">\n\t\t\t<div class=\"elementor-widget-wrap elementor-element-populated\">\n\t\t\t\t\t\t<div class=\"elementor-element elementor-element-7177af4 elementor-flip-box--direction-left card-trabajador elementor-flip-box--effect-flip elementor-widget elementor-widget-flip-box\" data-id=\"7177af4\" data-element_type=\"widget\" data-e-type=\"widget\" data-widget_type=\"flip-box.default\">\n\t\t\t\t<div class=\"elementor-widget-container\">\n\t\t\t\t\t\t\t<div class=\"elementor-flip-box\" tabindex=\"0\">\n\t\t\t<div class=\"elementor-flip-box__layer elementor-flip-box__front\">\n\t\t\t\t<div class=\"elementor-flip-box__layer__overlay\">\n\t\t\t\t\t<div class=\"elementor-flip-box__layer__inner\">\n\t\t\t\t\t\t\t\t\t\t\t\t\t<div class=\"elementor-flip-box__image\">\n\t\t\t\t\t\t\t\t<img decoding=\"async\" width=\"1536\" height=\"1024\" src=\"https:\/\/martinezsanzabogados.com\/wp-content\/uploads\/2024\/10\/oficina-valencia-1536x1024.jpg\" class=\"attachment-1536x1536 size-1536x1536 wp-image-11366\" alt=\"valencia office\" srcset=\"https:\/\/martinezsanzabogados.com\/wp-content\/uploads\/2024\/10\/oficina-valencia-1536x1024.jpg 1536w, https:\/\/martinezsanzabogados.com\/wp-content\/uploads\/2024\/10\/oficina-valencia-300x200.jpg 300w, https:\/\/martinezsanzabogados.com\/wp-content\/uploads\/2024\/10\/oficina-valencia-1024x683.jpg 1024w, https:\/\/martinezsanzabogados.com\/wp-content\/uploads\/2024\/10\/oficina-valencia-768x512.jpg 768w, https:\/\/martinezsanzabogados.com\/wp-content\/uploads\/2024\/10\/oficina-valencia.jpg 1920w\" sizes=\"(max-width: 1536px) 100vw, 1536px\" \/>\t\t\t\t\t\t\t<\/div>\n\t\t\t\t\t\t\n\t\t\t\t\t\t\t\t\t\t\t\t\t<h3 class=\"elementor-flip-box__layer__title\">\n\t\t\t\t\t\t\t\tValencia Office\t\t\t\t\t\t\t<\/h3>\n\t\t\t\t\t\t\n\t\t\t\t\t\t\t\t\t\t\t<\/div>\n\t\t\t\t<\/div>\n\t\t\t<\/div>\n\t\t\t<div class=\"elementor-flip-box__layer elementor-flip-box__back\">\n\t\t\t<div class=\"elementor-flip-box__layer__overlay\">\n\t\t\t\t<div class=\"elementor-flip-box__layer__inner\">\n\t\t\t\t\t\t\t\t\t\t\t<h3 class=\"elementor-flip-box__layer__title\">\n\t\t\t\t\t\t\tValencia Office\t\t\t\t\t\t<\/h3>\n\t\t\t\t\t\n\t\t\t\t\t\t\t\t\t\t\t<div class=\"elementor-flip-box__layer__description\">\n\t\t\t\t\t\t\t<div class=\"contenedor_boton-info\">\n<div class=\"boton-info\">\n<i aria-hidden=\"true\" class=\"fas fa-user-plus\"><\/i>\n<a href=\"\/en\/office-in-valencia\/\">View page<\/a>\n<\/div>\n<\/div>\n\n<div class=\"contenedor_boton-info\">\n<div class=\"boton-info\">\n<i aria-hidden=\"true\" class=\"fas fa-envelope\"><\/i>\n<a href=\"mailto:info@martinezsanzabogados.com\">Send Email<\/a>\n<\/div>\n<\/div>\t\t\t\t\t\t<\/div>\n\t\t\t\t\t\n\t\t\t\t\t\t\t\t<\/div>\n\t\t<\/div>\n\t\t<\/div>\n\t\t<\/div>\n\t\t\t\t\t\t<\/div>\n\t\t\t\t<\/div>\n\t\t\t\t\t<\/div>\n\t\t<\/div>\n\t\t\t\t<div class=\"elementor-column elementor-col-33 elementor-top-column elementor-element elementor-element-3922a39\" data-id=\"3922a39\" data-element_type=\"column\" data-e-type=\"column\">\n\t\t\t<div class=\"elementor-widget-wrap elementor-element-populated\">\n\t\t\t\t\t\t<div class=\"elementor-element elementor-element-9aa7ca3 elementor-flip-box--direction-left card-trabajador elementor-flip-box--effect-flip elementor-widget elementor-widget-flip-box\" data-id=\"9aa7ca3\" data-element_type=\"widget\" data-e-type=\"widget\" data-widget_type=\"flip-box.default\">\n\t\t\t\t<div class=\"elementor-widget-container\">\n\t\t\t\t\t\t\t<div class=\"elementor-flip-box\" tabindex=\"0\">\n\t\t\t<div class=\"elementor-flip-box__layer elementor-flip-box__front\">\n\t\t\t\t<div class=\"elementor-flip-box__layer__overlay\">\n\t\t\t\t\t<div class=\"elementor-flip-box__layer__inner\">\n\t\t\t\t\t\t\t\t\t\t\t\t\t<div class=\"elementor-flip-box__image\">\n\t\t\t\t\t\t\t\t<img decoding=\"async\" width=\"1536\" height=\"1024\" src=\"https:\/\/martinezsanzabogados.com\/wp-content\/uploads\/2024\/10\/oficina-castellon-1-1536x1024.jpg\" class=\"attachment-1536x1536 size-1536x1536 wp-image-11368\" alt=\"castellon office\" srcset=\"https:\/\/martinezsanzabogados.com\/wp-content\/uploads\/2024\/10\/oficina-castellon-1-1536x1024.jpg 1536w, https:\/\/martinezsanzabogados.com\/wp-content\/uploads\/2024\/10\/oficina-castellon-1-300x200.jpg 300w, https:\/\/martinezsanzabogados.com\/wp-content\/uploads\/2024\/10\/oficina-castellon-1-1024x683.jpg 1024w, https:\/\/martinezsanzabogados.com\/wp-content\/uploads\/2024\/10\/oficina-castellon-1-768x512.jpg 768w, https:\/\/martinezsanzabogados.com\/wp-content\/uploads\/2024\/10\/oficina-castellon-1.jpg 1920w\" sizes=\"(max-width: 1536px) 100vw, 1536px\" \/>\t\t\t\t\t\t\t<\/div>\n\t\t\t\t\t\t\n\t\t\t\t\t\t\t\t\t\t\t\t\t<h3 class=\"elementor-flip-box__layer__title\">\n\t\t\t\t\t\t\t\tCastell\u00f3n Office\t\t\t\t\t\t\t<\/h3>\n\t\t\t\t\t\t\n\t\t\t\t\t\t\t\t\t\t\t<\/div>\n\t\t\t\t<\/div>\n\t\t\t<\/div>\n\t\t\t<div class=\"elementor-flip-box__layer elementor-flip-box__back\">\n\t\t\t<div class=\"elementor-flip-box__layer__overlay\">\n\t\t\t\t<div class=\"elementor-flip-box__layer__inner\">\n\t\t\t\t\t\t\t\t\t\t\t<h3 class=\"elementor-flip-box__layer__title\">\n\t\t\t\t\t\t\tCastell\u00f3n Office\t\t\t\t\t\t<\/h3>\n\t\t\t\t\t\n\t\t\t\t\t\t\t\t\t\t\t<div class=\"elementor-flip-box__layer__description\">\n\t\t\t\t\t\t\t<div class=\"contenedor_boton-info\">\n<div class=\"boton-info\">\n<i aria-hidden=\"true\" class=\"fas fa-user-plus\"><\/i>\n<a href=\"\/en\/office-in-castellon\/\">View page<\/a>\n<\/div>\n<\/div>\n\n<div class=\"contenedor_boton-info\">\n<div class=\"boton-info\">\n<i aria-hidden=\"true\" class=\"fas fa-envelope\"><\/i>\n<a href=\"mailto:info@martinezsanzabogados.com\">Send Email<\/a>\n<\/div>\n<\/div>\t\t\t\t\t\t<\/div>\n\t\t\t\t\t\n\t\t\t\t\t\t\t\t<\/div>\n\t\t<\/div>\n\t\t<\/div>\n\t\t<\/div>\n\t\t\t\t\t\t<\/div>\n\t\t\t\t<\/div>\n\t\t\t\t\t<\/div>\n\t\t<\/div>\n\t\t\t\t\t<\/div>\n\t\t<\/section>\n\t\t\t\t<section class=\"elementor-section elementor-top-section elementor-element elementor-element-5aea032 elementor-section-height-min-height elementor-section-stretched elementor-section-boxed elementor-section-height-default elementor-section-items-middle\" data-id=\"5aea032\" data-element_type=\"section\" data-e-type=\"section\" data-settings=\"{&quot;background_background&quot;:&quot;classic&quot;,&quot;stretch_section&quot;:&quot;section-stretched&quot;}\">\n\t\t\t\t\t\t\t<div class=\"elementor-background-overlay\"><\/div>\n\t\t\t\t\t\t\t<div class=\"elementor-container elementor-column-gap-default\">\n\t\t\t\t\t<div class=\"elementor-column elementor-col-100 elementor-top-column elementor-element elementor-element-ba0a1be\" data-id=\"ba0a1be\" data-element_type=\"column\" data-e-type=\"column\">\n\t\t\t<div class=\"elementor-widget-wrap elementor-element-populated\">\n\t\t\t\t\t\t<div class=\"elementor-element elementor-element-0d1a51d elementor-widget elementor-widget-heading\" data-id=\"0d1a51d\" data-element_type=\"widget\" data-e-type=\"widget\" data-widget_type=\"heading.default\">\n\t\t\t\t<div class=\"elementor-widget-container\">\n\t\t\t\t\t<h2 class=\"elementor-heading-title elementor-size-default\">Do you need assistance with a legal matter?<\/h2>\t\t\t\t<\/div>\n\t\t\t\t<\/div>\n\t\t\t\t<div class=\"elementor-element elementor-element-b63bc69 elementor-align-center elementor-widget elementor-widget-button\" data-id=\"b63bc69\" data-element_type=\"widget\" data-e-type=\"widget\" data-widget_type=\"button.default\">\n\t\t\t\t<div class=\"elementor-widget-container\">\n\t\t\t\t\t\t\t\t\t<div class=\"elementor-button-wrapper\">\n\t\t\t\t\t<a class=\"elementor-button elementor-button-link elementor-size-sm\" href=\"\/en\/contact\/\">\n\t\t\t\t\t\t<span class=\"elementor-button-content-wrapper\">\n\t\t\t\t\t\t\t\t\t<span class=\"elementor-button-text\">Contact us<\/span>\n\t\t\t\t\t<\/span>\n\t\t\t\t\t<\/a>\n\t\t\t\t<\/div>\n\t\t\t\t\t\t\t\t<\/div>\n\t\t\t\t<\/div>\n\t\t\t\t\t<\/div>\n\t\t<\/div>\n\t\t\t\t\t<\/div>\n\t\t<\/section>\n\t\t\t\t<\/div>","protected":false},"excerpt":{"rendered":"<p>Conoce nuestras El despacho Mart\u00ednez Sanz Abogados, con m\u00e1s de quince a\u00f1os de experiencia, cuenta con oficinas en Madrid, Valencia y Castell\u00f3n de la Plana, desde las que nuestro equipo de abogados abordan los problemas que afectan hoy por hoy a muchas empresas y familias. El despacho presta asesoramiento, tanto orientado a un caso concreto [&hellip;]<\/p>","protected":false},"author":7,"featured_media":0,"parent":0,"menu_order":3,"comment_status":"closed","ping_status":"closed","template":"elementor_header_footer","meta":{"footnotes":""},"class_list":["post-11278","page","type-page","status-publish","hentry"],"yoast_head":"<!-- This site is optimized with the Yoast SEO plugin v27.3 - https:\/\/yoast.com\/product\/yoast-seo-wordpress\/ -->\n<title>Oficinas - Mart\u00ednez Sanz Abogados<\/title>\n<meta name=\"description\" content=\"El equipo de Mart\u00ednez Sanz Abogados destaca por su experiencia y especializaci\u00f3n en los problemas que afectan hoy en d\u00eda a muchas personas.\" \/>\n<meta name=\"robots\" content=\"index, follow, max-snippet:-1, max-image-preview:large, max-video-preview:-1\" \/>\n<link rel=\"canonical\" href=\"https:\/\/martinezsanzabogados.com\/en\/offices\/\" \/>\n<meta property=\"og:locale\" content=\"en_GB\" \/>\n<meta property=\"og:type\" content=\"article\" \/>\n<meta property=\"og:title\" content=\"Oficinas - Mart\u00ednez Sanz Abogados\" \/>\n<meta property=\"og:description\" content=\"El equipo de Mart\u00ednez Sanz Abogados destaca por su experiencia y especializaci\u00f3n en los problemas que afectan hoy en d\u00eda a muchas personas.\" \/>\n<meta property=\"og:url\" content=\"https:\/\/martinezsanzabogados.com\/en\/offices\/\" \/>\n<meta property=\"og:site_name\" content=\"Mart\u00ednez Sanz Abogados\" \/>\n<meta property=\"article:publisher\" content=\"https:\/\/www.facebook.com\/martinezsanzabogados\" \/>\n<meta property=\"article:modified_time\" content=\"2024-10-30T15:57:16+00:00\" \/>\n<meta property=\"og:image\" content=\"https:\/\/martinezsanzabogados.com\/wp-content\/uploads\/2024\/10\/oficina-madrid.jpg\" \/>\n\t<meta property=\"og:image:width\" content=\"1920\" \/>\n\t<meta property=\"og:image:height\" content=\"1280\" \/>\n\t<meta property=\"og:image:type\" content=\"image\/jpeg\" \/>\n<meta name=\"twitter:card\" content=\"summary_large_image\" \/>\n<meta name=\"twitter:label1\" content=\"Estimated reading time\" \/>\n\t<meta name=\"twitter:data1\" content=\"2 minutes\" \/>\n<script type=\"application\/ld+json\" class=\"yoast-schema-graph\">{\"@context\":\"https:\\\/\\\/schema.org\",\"@graph\":[{\"@type\":\"WebPage\",\"@id\":\"https:\\\/\\\/martinezsanzabogados.com\\\/oficinas\\\/\",\"url\":\"https:\\\/\\\/martinezsanzabogados.com\\\/oficinas\\\/\",\"name\":\"Oficinas - Mart\u00ednez Sanz Abogados\",\"isPartOf\":{\"@id\":\"https:\\\/\\\/martinezsanzabogados.com\\\/#website\"},\"primaryImageOfPage\":{\"@id\":\"https:\\\/\\\/martinezsanzabogados.com\\\/oficinas\\\/#primaryimage\"},\"image\":{\"@id\":\"https:\\\/\\\/martinezsanzabogados.com\\\/oficinas\\\/#primaryimage\"},\"thumbnailUrl\":\"https:\\\/\\\/martinezsanzabogados.com\\\/wp-content\\\/uploads\\\/2024\\\/10\\\/oficina-madrid-1536x1024.jpg\",\"datePublished\":\"2024-10-02T07:33:06+00:00\",\"dateModified\":\"2024-10-30T15:57:16+00:00\",\"description\":\"El equipo de Mart\u00ednez Sanz Abogados destaca por su experiencia y especializaci\u00f3n en los problemas que afectan hoy en d\u00eda a muchas personas.\",\"breadcrumb\":{\"@id\":\"https:\\\/\\\/martinezsanzabogados.com\\\/oficinas\\\/#breadcrumb\"},\"inLanguage\":\"en-GB\",\"potentialAction\":[{\"@type\":\"ReadAction\",\"target\":[\"https:\\\/\\\/martinezsanzabogados.com\\\/oficinas\\\/\"]}]},{\"@type\":\"ImageObject\",\"inLanguage\":\"en-GB\",\"@id\":\"https:\\\/\\\/martinezsanzabogados.com\\\/oficinas\\\/#primaryimage\",\"url\":\"https:\\\/\\\/martinezsanzabogados.com\\\/wp-content\\\/uploads\\\/2024\\\/10\\\/oficina-madrid-1536x1024.jpg\",\"contentUrl\":\"https:\\\/\\\/martinezsanzabogados.com\\\/wp-content\\\/uploads\\\/2024\\\/10\\\/oficina-madrid-1536x1024.jpg\"},{\"@type\":\"BreadcrumbList\",\"@id\":\"https:\\\/\\\/martinezsanzabogados.com\\\/oficinas\\\/#breadcrumb\",\"itemListElement\":[{\"@type\":\"ListItem\",\"position\":1,\"name\":\"Portada\",\"item\":\"https:\\\/\\\/martinezsanzabogados.com\\\/\"},{\"@type\":\"ListItem\",\"position\":2,\"name\":\"Oficinas\"}]},{\"@type\":\"WebSite\",\"@id\":\"https:\\\/\\\/martinezsanzabogados.com\\\/#website\",\"url\":\"https:\\\/\\\/martinezsanzabogados.com\\\/\",\"name\":\"Mart\u00ednez Sanz Abogados\",\"description\":\"\",\"publisher\":{\"@id\":\"https:\\\/\\\/martinezsanzabogados.com\\\/#organization\"},\"potentialAction\":[{\"@type\":\"SearchAction\",\"target\":{\"@type\":\"EntryPoint\",\"urlTemplate\":\"https:\\\/\\\/martinezsanzabogados.com\\\/?s={search_term_string}\"},\"query-input\":{\"@type\":\"PropertyValueSpecification\",\"valueRequired\":true,\"valueName\":\"search_term_string\"}}],\"inLanguage\":\"en-GB\"},{\"@type\":\"Organization\",\"@id\":\"https:\\\/\\\/martinezsanzabogados.com\\\/#organization\",\"name\":\"Mart\u00ednez Sanz Abogados\",\"url\":\"https:\\\/\\\/martinezsanzabogados.com\\\/\",\"logo\":{\"@type\":\"ImageObject\",\"inLanguage\":\"en-GB\",\"@id\":\"https:\\\/\\\/martinezsanzabogados.com\\\/#\\\/schema\\\/logo\\\/image\\\/\",\"url\":\"https:\\\/\\\/martinezsanzabogados.com\\\/wp-content\\\/uploads\\\/2021\\\/10\\\/Logo-Martinez-Sanz.png\",\"contentUrl\":\"https:\\\/\\\/martinezsanzabogados.com\\\/wp-content\\\/uploads\\\/2021\\\/10\\\/Logo-Martinez-Sanz.png\",\"width\":350,\"height\":166,\"caption\":\"Mart\u00ednez Sanz Abogados\"},\"image\":{\"@id\":\"https:\\\/\\\/martinezsanzabogados.com\\\/#\\\/schema\\\/logo\\\/image\\\/\"},\"sameAs\":[\"https:\\\/\\\/www.facebook.com\\\/martinezsanzabogados\"]}]}<\/script>\n<!-- \/ Yoast SEO plugin. -->","yoast_head_json":{"title":"Offices - Mart\u00ednez Sanz Abogados","description":"The team at Mart\u00ednez Sanz Abogados stands out for its experience and specialisation in the problems that affect many people today.","robots":{"index":"index","follow":"follow","max-snippet":"max-snippet:-1","max-image-preview":"max-image-preview:large","max-video-preview":"max-video-preview:-1"},"canonical":"https:\/\/martinezsanzabogados.com\/en\/offices\/","og_locale":"en_GB","og_type":"article","og_title":"Oficinas - Mart\u00ednez Sanz Abogados","og_description":"El equipo de Mart\u00ednez Sanz Abogados destaca por su experiencia y especializaci\u00f3n en los problemas que afectan hoy en d\u00eda a muchas personas.","og_url":"https:\/\/martinezsanzabogados.com\/en\/offices\/","og_site_name":"Mart\u00ednez Sanz Abogados","article_publisher":"https:\/\/www.facebook.com\/martinezsanzabogados","article_modified_time":"2024-10-30T15:57:16+00:00","og_image":[{"width":1920,"height":1280,"url":"https:\/\/martinezsanzabogados.com\/wp-content\/uploads\/2024\/10\/oficina-madrid.jpg","type":"image\/jpeg"}],"twitter_card":"summary_large_image","twitter_misc":{"Estimated reading time":"2 minutes"},"schema":{"@context":"https:\/\/schema.org","@graph":[{"@type":"WebPage","@id":"https:\/\/martinezsanzabogados.com\/oficinas\/","url":"https:\/\/martinezsanzabogados.com\/oficinas\/","name":"Offices - Mart\u00ednez Sanz Abogados","isPartOf":{"@id":"https:\/\/martinezsanzabogados.com\/#website"},"primaryImageOfPage":{"@id":"https:\/\/martinezsanzabogados.com\/oficinas\/#primaryimage"},"image":{"@id":"https:\/\/martinezsanzabogados.com\/oficinas\/#primaryimage"},"thumbnailUrl":"https:\/\/martinezsanzabogados.com\/wp-content\/uploads\/2024\/10\/oficina-madrid-1536x1024.jpg","datePublished":"2024-10-02T07:33:06+00:00","dateModified":"2024-10-30T15:57:16+00:00","description":"The team at Mart\u00ednez Sanz Abogados stands out for its experience and specialisation in the problems that affect many people today.","breadcrumb":{"@id":"https:\/\/martinezsanzabogados.com\/oficinas\/#breadcrumb"},"inLanguage":"en-GB","potentialAction":[{"@type":"ReadAction","target":["https:\/\/martinezsanzabogados.com\/oficinas\/"]}]},{"@type":"ImageObject","inLanguage":"en-GB","@id":"https:\/\/martinezsanzabogados.com\/oficinas\/#primaryimage","url":"https:\/\/martinezsanzabogados.com\/wp-content\/uploads\/2024\/10\/oficina-madrid-1536x1024.jpg","contentUrl":"https:\/\/martinezsanzabogados.com\/wp-content\/uploads\/2024\/10\/oficina-madrid-1536x1024.jpg"},{"@type":"BreadcrumbList","@id":"https:\/\/martinezsanzabogados.com\/oficinas\/#breadcrumb","itemListElement":[{"@type":"ListItem","position":1,"name":"Portada","item":"https:\/\/martinezsanzabogados.com\/"},{"@type":"ListItem","position":2,"name":"Oficinas"}]},{"@type":"WebSite","@id":"https:\/\/martinezsanzabogados.com\/#website","url":"https:\/\/martinezsanzabogados.com\/","name":"Mart\u00ednez Sanz Lawyers","description":"","publisher":{"@id":"https:\/\/martinezsanzabogados.com\/#organization"},"potentialAction":[{"@type":"SearchAction","target":{"@type":"EntryPoint","urlTemplate":"https:\/\/martinezsanzabogados.com\/?s={search_term_string}"},"query-input":{"@type":"PropertyValueSpecification","valueRequired":true,"valueName":"search_term_string"}}],"inLanguage":"en-GB"},{"@type":"Organization","@id":"https:\/\/martinezsanzabogados.com\/#organization","name":"Mart\u00ednez Sanz Lawyers","url":"https:\/\/martinezsanzabogados.com\/","logo":{"@type":"ImageObject","inLanguage":"en-GB","@id":"https:\/\/martinezsanzabogados.com\/#\/schema\/logo\/image\/","url":"https:\/\/martinezsanzabogados.com\/wp-content\/uploads\/2021\/10\/Logo-Martinez-Sanz.png","contentUrl":"https:\/\/martinezsanzabogados.com\/wp-content\/uploads\/2021\/10\/Logo-Martinez-Sanz.png","width":350,"height":166,"caption":"Mart\u00ednez Sanz Abogados"},"image":{"@id":"https:\/\/martinezsanzabogados.com\/#\/schema\/logo\/image\/"},"sameAs":["https:\/\/www.facebook.com\/martinezsanzabogados"]}]}},"_links":{"self":[{"href":"https:\/\/martinezsanzabogados.com\/en\/wp-json\/wp\/v2\/pages\/11278","targetHints":{"allow":["GET"]}}],"collection":[{"href":"https:\/\/martinezsanzabogados.com\/en\/wp-json\/wp\/v2\/pages"}],"about":[{"href":"https:\/\/martinezsanzabogados.com\/en\/wp-json\/wp\/v2\/types\/page"}],"author":[{"embeddable":true,"href":"https:\/\/martinezsanzabogados.com\/en\/wp-json\/wp\/v2\/users\/7"}],"replies":[{"embeddable":true,"href":"https:\/\/martinezsanzabogados.com\/en\/wp-json\/wp\/v2\/comments?post=11278"}],"version-history":[{"count":40,"href":"https:\/\/martinezsanzabogados.com\/en\/wp-json\/wp\/v2\/pages\/11278\/revisions"}],"predecessor-version":[{"id":11534,"href":"https:\/\/martinezsanzabogados.com\/en\/wp-json\/wp\/v2\/pages\/11278\/revisions\/11534"}],"wp:attachment":[{"href":"https:\/\/martinezsanzabogados.com\/en\/wp-json\/wp\/v2\/media?parent=11278"}],"curies":[{"name":"wp","href":"https:\/\/api.w.org\/{rel}","templated":true}]}}