{"id":11135,"date":"2024-10-01T14:28:24","date_gmt":"2024-10-01T12:28:24","guid":{"rendered":"https:\/\/martinezsanzabogados.com\/?page_id=11135"},"modified":"2025-02-04T14:06:01","modified_gmt":"2025-02-04T12:06:01","slug":"sarai-herreros-ortega","status":"publish","type":"page","link":"https:\/\/martinezsanzabogados.com\/en\/sarai-herreros-ortega\/","title":{"rendered":"Sarai Herreros Ortega"},"content":{"rendered":"<div data-elementor-type=\"wp-page\" data-elementor-id=\"11135\" class=\"elementor elementor-11135\" data-elementor-post-type=\"page\">\n\t\t\t\t\t\t<section class=\"elementor-section elementor-top-section elementor-element elementor-element-0043625 elementor-section-stretched elementor-section-boxed elementor-section-height-default elementor-section-height-default\" data-id=\"0043625\" data-element_type=\"section\" data-e-type=\"section\" data-settings=\"{&quot;stretch_section&quot;:&quot;section-stretched&quot;,&quot;background_background&quot;:&quot;classic&quot;}\">\n\t\t\t\t\t\t<div class=\"elementor-container elementor-column-gap-default\">\n\t\t\t\t\t<div class=\"elementor-column elementor-col-50 elementor-top-column elementor-element elementor-element-df77670 columna-foto\" data-id=\"df77670\" data-element_type=\"column\" data-e-type=\"column\">\n\t\t\t<div class=\"elementor-widget-wrap elementor-element-populated\">\n\t\t\t\t\t\t<div class=\"elementor-element elementor-element-e11b2c7 elementor-widget elementor-widget-image\" data-id=\"e11b2c7\" data-element_type=\"widget\" data-e-type=\"widget\" data-widget_type=\"image.default\">\n\t\t\t\t<div class=\"elementor-widget-container\">\n\t\t\t\t\t\t\t\t\t\t\t\t\t\t\t<img fetchpriority=\"high\" decoding=\"async\" width=\"800\" height=\"800\" src=\"https:\/\/martinezsanzabogados.com\/wp-content\/uploads\/2022\/12\/sarai.jpg\" class=\"attachment-large size-large wp-image-8034\" alt=\"sarai\" srcset=\"https:\/\/martinezsanzabogados.com\/wp-content\/uploads\/2022\/12\/sarai.jpg 1000w, https:\/\/martinezsanzabogados.com\/wp-content\/uploads\/2022\/12\/sarai-300x300.jpg 300w, https:\/\/martinezsanzabogados.com\/wp-content\/uploads\/2022\/12\/sarai-500x500.jpg 500w, https:\/\/martinezsanzabogados.com\/wp-content\/uploads\/2022\/12\/sarai-768x768.jpg 768w, https:\/\/martinezsanzabogados.com\/wp-content\/uploads\/2022\/12\/sarai-150x150.jpg 150w\" sizes=\"(max-width: 800px) 100vw, 800px\" \/>\t\t\t\t\t\t\t\t\t\t\t\t\t\t\t<\/div>\n\t\t\t\t<\/div>\n\t\t\t\t<div class=\"elementor-element elementor-element-b1d7811 elementor-widget elementor-widget-heading\" data-id=\"b1d7811\" data-element_type=\"widget\" data-e-type=\"widget\" data-widget_type=\"heading.default\">\n\t\t\t\t<div class=\"elementor-widget-container\">\n\t\t\t\t\t<h1 class=\"elementor-heading-title elementor-size-default\">Sarai Herreros Ortega<\/h1>\t\t\t\t<\/div>\n\t\t\t\t<\/div>\n\t\t\t\t<div class=\"elementor-element elementor-element-03cfeca elementor-widget elementor-widget-heading\" data-id=\"03cfeca\" data-element_type=\"widget\" data-e-type=\"widget\" data-widget_type=\"heading.default\">\n\t\t\t\t<div class=\"elementor-widget-container\">\n\t\t\t\t\t<span class=\"elementor-heading-title elementor-size-default\">Administration and paralegal<\/span>\t\t\t\t<\/div>\n\t\t\t\t<\/div>\n\t\t\t\t<div class=\"elementor-element elementor-element-e16998a card-trabajador elementor-widget elementor-widget-html\" data-id=\"e16998a\" data-element_type=\"widget\" data-e-type=\"widget\" data-widget_type=\"html.default\">\n\t\t\t\t<div class=\"elementor-widget-container\">\n\t\t\t\t\t<div class=\"contenedor_boton-info\">\r\n<div class=\"boton-info\">\r\n<i aria-hidden=\"true\" class=\"fas fa-envelope\"><\/i>\r\n<a href=\"mailto:sho@martinezsanzabogados.com\">Send Email<\/a>\r\n<\/div>\r\n<\/div>\t\t\t\t<\/div>\n\t\t\t\t<\/div>\n\t\t\t\t\t<\/div>\n\t\t<\/div>\n\t\t\t\t<div class=\"elementor-column elementor-col-50 elementor-top-column elementor-element elementor-element-648c290\" data-id=\"648c290\" data-element_type=\"column\" data-e-type=\"column\" data-settings=\"{&quot;background_background&quot;:&quot;classic&quot;}\">\n\t\t\t<div class=\"elementor-widget-wrap elementor-element-populated\">\n\t\t\t\t\t\t<div class=\"elementor-element elementor-element-a26a664 elementor-widget elementor-widget-heading\" data-id=\"a26a664\" data-element_type=\"widget\" data-e-type=\"widget\" data-widget_type=\"heading.default\">\n\t\t\t\t<div class=\"elementor-widget-container\">\n\t\t\t\t\t<span class=\"elementor-heading-title elementor-size-default\">Lawyer<\/span>\t\t\t\t<\/div>\n\t\t\t\t<\/div>\n\t\t\t\t<div class=\"elementor-element elementor-element-02451f8 elementor-widget elementor-widget-heading\" data-id=\"02451f8\" data-element_type=\"widget\" data-e-type=\"widget\" data-widget_type=\"heading.default\">\n\t\t\t\t<div class=\"elementor-widget-container\">\n\t\t\t\t\t<span class=\"elementor-heading-title elementor-size-default\">Work experience<\/span>\t\t\t\t<\/div>\n\t\t\t\t<\/div>\n\t\t\t\t<div class=\"elementor-element elementor-element-d470d8e elementor-widget elementor-widget-text-editor\" data-id=\"d470d8e\" data-element_type=\"widget\" data-e-type=\"widget\" data-widget_type=\"text-editor.default\">\n\t\t\t\t<div class=\"elementor-widget-container\">\n\t\t\t\t\t\t\t\t\t<p>Lawyer. She has been prepared for the judicial and tax career (4 years), as well as a Master's Degree in Legal Consultancy for Companies (UEMC), Advanced Specialisation Course in Commercial Law (CEF), Master's Degree in Employment and Social Security Consultancy, Master's Degree in Legal Practice (UDIMA). Monographic course on Insolvency Law (CEF), and other courses on renewal\/updating of TRLC (THOMSON REUTERS ARANZADI). He has also taken a course in legal English. He is currently dedicated to international debt claims with coverage in more than 120 countries, among many other functions.<\/p>\t\t\t\t\t\t\t\t<\/div>\n\t\t\t\t<\/div>\n\t\t\t\t<div class=\"elementor-element elementor-element-ede4667 elementor-widget elementor-widget-heading\" data-id=\"ede4667\" data-element_type=\"widget\" data-e-type=\"widget\" data-widget_type=\"heading.default\">\n\t\t\t\t<div class=\"elementor-widget-container\">\n\t\t\t\t\t<span class=\"elementor-heading-title elementor-size-default\">Office<\/span>\t\t\t\t<\/div>\n\t\t\t\t<\/div>\n\t\t\t\t<div class=\"elementor-element elementor-element-2f460e2 elementor-widget elementor-widget-text-editor\" data-id=\"2f460e2\" data-element_type=\"widget\" data-e-type=\"widget\" data-widget_type=\"text-editor.default\">\n\t\t\t\t<div class=\"elementor-widget-container\">\n\t\t\t\t\t\t\t\t\t<p>Castell\u00f3n Office<\/p>\t\t\t\t\t\t\t\t<\/div>\n\t\t\t\t<\/div>\n\t\t\t\t<div class=\"elementor-element elementor-element-8768ee8 elementor-widget elementor-widget-heading\" data-id=\"8768ee8\" data-element_type=\"widget\" data-e-type=\"widget\" data-widget_type=\"heading.default\">\n\t\t\t\t<div class=\"elementor-widget-container\">\n\t\t\t\t\t<span class=\"elementor-heading-title elementor-size-default\">Areas of specialisation<\/span>\t\t\t\t<\/div>\n\t\t\t\t<\/div>\n\t\t\t\t<div class=\"elementor-element elementor-element-fab886a elementor-icon-list--layout-traditional elementor-list-item-link-full_width elementor-widget elementor-widget-icon-list\" data-id=\"fab886a\" data-element_type=\"widget\" data-e-type=\"widget\" data-widget_type=\"icon-list.default\">\n\t\t\t\t<div class=\"elementor-widget-container\">\n\t\t\t\t\t\t\t<ul class=\"elementor-icon-list-items\">\n\t\t\t\t\t\t\t<li class=\"elementor-icon-list-item\">\n\t\t\t\t\t\t\t\t\t\t\t<span class=\"elementor-icon-list-icon\">\n\t\t\t\t\t\t\t<i aria-hidden=\"true\" class=\"fas fa-check\"><\/i>\t\t\t\t\t\t<\/span>\n\t\t\t\t\t\t\t\t\t\t<span class=\"elementor-icon-list-text\">International Law<\/span>\n\t\t\t\t\t\t\t\t\t<\/li>\n\t\t\t\t\t\t\t\t<li class=\"elementor-icon-list-item\">\n\t\t\t\t\t\t\t\t\t\t\t<span class=\"elementor-icon-list-icon\">\n\t\t\t\t\t\t\t<i aria-hidden=\"true\" class=\"fas fa-check\"><\/i>\t\t\t\t\t\t<\/span>\n\t\t\t\t\t\t\t\t\t\t<span class=\"elementor-icon-list-text\">Processing of files with public bodies and authorities\/institutions<\/span>\n\t\t\t\t\t\t\t\t\t<\/li>\n\t\t\t\t\t\t\t\t<li class=\"elementor-icon-list-item\">\n\t\t\t\t\t\t\t\t\t\t\t<span class=\"elementor-icon-list-icon\">\n\t\t\t\t\t\t\t<i aria-hidden=\"true\" class=\"fas fa-check\"><\/i>\t\t\t\t\t\t<\/span>\n\t\t\t\t\t\t\t\t\t\t<span class=\"elementor-icon-list-text\">Lexnet, Avantius, Gencat<\/span>\n\t\t\t\t\t\t\t\t\t<\/li>\n\t\t\t\t\t\t\t\t<li class=\"elementor-icon-list-item\">\n\t\t\t\t\t\t\t\t\t\t\t<span class=\"elementor-icon-list-icon\">\n\t\t\t\t\t\t\t<i aria-hidden=\"true\" class=\"fas fa-check\"><\/i>\t\t\t\t\t\t<\/span>\n\t\t\t\t\t\t\t\t\t\t<span class=\"elementor-icon-list-text\">Electronic sites<\/span>\n\t\t\t\t\t\t\t\t\t<\/li>\n\t\t\t\t\t\t<\/ul>\n\t\t\t\t\t\t<\/div>\n\t\t\t\t<\/div>\n\t\t\t\t<div class=\"elementor-element elementor-element-b36f6d9 elementor-widget elementor-widget-heading\" data-id=\"b36f6d9\" data-element_type=\"widget\" data-e-type=\"widget\" data-widget_type=\"heading.default\">\n\t\t\t\t<div class=\"elementor-widget-container\">\n\t\t\t\t\t<span class=\"elementor-heading-title elementor-size-default\">Languages<\/span>\t\t\t\t<\/div>\n\t\t\t\t<\/div>\n\t\t\t\t<div class=\"elementor-element elementor-element-2a1ed4c elementor-icon-list--layout-traditional elementor-list-item-link-full_width elementor-widget elementor-widget-icon-list\" data-id=\"2a1ed4c\" data-element_type=\"widget\" data-e-type=\"widget\" data-widget_type=\"icon-list.default\">\n\t\t\t\t<div class=\"elementor-widget-container\">\n\t\t\t\t\t\t\t<ul class=\"elementor-icon-list-items\">\n\t\t\t\t\t\t\t<li class=\"elementor-icon-list-item\">\n\t\t\t\t\t\t\t\t\t\t\t<span class=\"elementor-icon-list-icon\">\n\t\t\t\t\t\t\t<i aria-hidden=\"true\" class=\"fas fa-check\"><\/i>\t\t\t\t\t\t<\/span>\n\t\t\t\t\t\t\t\t\t\t<span class=\"elementor-icon-list-text\">English<\/span>\n\t\t\t\t\t\t\t\t\t<\/li>\n\t\t\t\t\t\t\t\t<li class=\"elementor-icon-list-item\">\n\t\t\t\t\t\t\t\t\t\t\t<span class=\"elementor-icon-list-icon\">\n\t\t\t\t\t\t\t<i aria-hidden=\"true\" class=\"fas fa-check\"><\/i>\t\t\t\t\t\t<\/span>\n\t\t\t\t\t\t\t\t\t\t<span class=\"elementor-icon-list-text\">English<\/span>\n\t\t\t\t\t\t\t\t\t<\/li>\n\t\t\t\t\t\t\t\t<li class=\"elementor-icon-list-item\">\n\t\t\t\t\t\t\t\t\t\t\t<span class=\"elementor-icon-list-icon\">\n\t\t\t\t\t\t\t<i aria-hidden=\"true\" class=\"fas fa-check\"><\/i>\t\t\t\t\t\t<\/span>\n\t\t\t\t\t\t\t\t\t\t<span class=\"elementor-icon-list-text\">Italian<\/span>\n\t\t\t\t\t\t\t\t\t<\/li>\n\t\t\t\t\t\t<\/ul>\n\t\t\t\t\t\t<\/div>\n\t\t\t\t<\/div>\n\t\t\t\t\t<\/div>\n\t\t<\/div>\n\t\t\t\t\t<\/div>\n\t\t<\/section>\n\t\t\t\t<\/div>","protected":false},"excerpt":{"rendered":"<p>Sarai Herreros Ortega Administraci\u00f3n y paralegal Enviar correo Abogada Experiencia laboral Abogada. Cuenta con la preparaci\u00f3n a la carrera judicial y fiscal (4 a\u00f1os), as\u00ed como M\u00e1ster en Asesor\u00eda Jur\u00eddica de Empresas (UEMC), Curso Superior de Especializaci\u00f3n en Derecho Mercantil (CEF), M\u00e1ster en Asesor\u00eda Laboral y Seguridad Social, M\u00e1ster en Pr\u00e1ctica de la Abogac\u00eda (UDIMA). [&hellip;]<\/p>","protected":false},"author":7,"featured_media":0,"parent":0,"menu_order":0,"comment_status":"closed","ping_status":"closed","template":"elementor_header_footer","meta":{"footnotes":""},"class_list":["post-11135","page","type-page","status-publish","hentry"],"yoast_head":"<!-- This site is optimized with the Yoast SEO plugin v27.3 - https:\/\/yoast.com\/product\/yoast-seo-wordpress\/ -->\n<title>Sarai Herreros Ortega - Mart\u00ednez Sanz Abogados<\/title>\n<meta name=\"robots\" content=\"index, follow, max-snippet:-1, max-image-preview:large, max-video-preview:-1\" \/>\n<link rel=\"canonical\" href=\"https:\/\/martinezsanzabogados.com\/en\/sarai-herreros-ortega\/\" \/>\n<meta property=\"og:locale\" content=\"en_GB\" \/>\n<meta property=\"og:type\" content=\"article\" \/>\n<meta property=\"og:title\" content=\"Sarai Herreros Ortega - Mart\u00ednez Sanz Abogados\" \/>\n<meta property=\"og:description\" content=\"Sarai Herreros Ortega Administraci\u00f3n y paralegal Enviar correo Abogada Experiencia laboral Abogada. Cuenta con la preparaci\u00f3n a la carrera judicial y fiscal (4 a\u00f1os), as\u00ed como M\u00e1ster en Asesor\u00eda Jur\u00eddica de Empresas (UEMC), Curso Superior de Especializaci\u00f3n en Derecho Mercantil (CEF), M\u00e1ster en Asesor\u00eda Laboral y Seguridad Social, M\u00e1ster en Pr\u00e1ctica de la Abogac\u00eda (UDIMA). [&hellip;]\" \/>\n<meta property=\"og:url\" content=\"https:\/\/martinezsanzabogados.com\/en\/sarai-herreros-ortega\/\" \/>\n<meta property=\"og:site_name\" content=\"Mart\u00ednez Sanz Abogados\" \/>\n<meta property=\"article:publisher\" content=\"https:\/\/www.facebook.com\/martinezsanzabogados\" \/>\n<meta property=\"article:modified_time\" content=\"2025-02-04T12:06:01+00:00\" \/>\n<meta property=\"og:image\" content=\"https:\/\/martinezsanzabogados.com\/wp-content\/uploads\/2022\/12\/sarai.jpg\" \/>\n\t<meta property=\"og:image:width\" content=\"1000\" \/>\n\t<meta property=\"og:image:height\" content=\"1000\" \/>\n\t<meta property=\"og:image:type\" content=\"image\/jpeg\" \/>\n<meta name=\"twitter:card\" content=\"summary_large_image\" \/>\n<meta name=\"twitter:label1\" content=\"Estimated reading time\" \/>\n\t<meta name=\"twitter:data1\" content=\"1 minute\" \/>\n<script type=\"application\/ld+json\" class=\"yoast-schema-graph\">{\"@context\":\"https:\\\/\\\/schema.org\",\"@graph\":[{\"@type\":\"WebPage\",\"@id\":\"https:\\\/\\\/martinezsanzabogados.com\\\/sarai-herreros-ortega\\\/\",\"url\":\"https:\\\/\\\/martinezsanzabogados.com\\\/sarai-herreros-ortega\\\/\",\"name\":\"Sarai Herreros Ortega - Mart\u00ednez Sanz Abogados\",\"isPartOf\":{\"@id\":\"https:\\\/\\\/martinezsanzabogados.com\\\/#website\"},\"primaryImageOfPage\":{\"@id\":\"https:\\\/\\\/martinezsanzabogados.com\\\/sarai-herreros-ortega\\\/#primaryimage\"},\"image\":{\"@id\":\"https:\\\/\\\/martinezsanzabogados.com\\\/sarai-herreros-ortega\\\/#primaryimage\"},\"thumbnailUrl\":\"https:\\\/\\\/martinezsanzabogados.com\\\/wp-content\\\/uploads\\\/2022\\\/12\\\/sarai.jpg\",\"datePublished\":\"2024-10-01T12:28:24+00:00\",\"dateModified\":\"2025-02-04T12:06:01+00:00\",\"breadcrumb\":{\"@id\":\"https:\\\/\\\/martinezsanzabogados.com\\\/sarai-herreros-ortega\\\/#breadcrumb\"},\"inLanguage\":\"en-GB\",\"potentialAction\":[{\"@type\":\"ReadAction\",\"target\":[\"https:\\\/\\\/martinezsanzabogados.com\\\/sarai-herreros-ortega\\\/\"]}]},{\"@type\":\"ImageObject\",\"inLanguage\":\"en-GB\",\"@id\":\"https:\\\/\\\/martinezsanzabogados.com\\\/sarai-herreros-ortega\\\/#primaryimage\",\"url\":\"https:\\\/\\\/martinezsanzabogados.com\\\/wp-content\\\/uploads\\\/2022\\\/12\\\/sarai.jpg\",\"contentUrl\":\"https:\\\/\\\/martinezsanzabogados.com\\\/wp-content\\\/uploads\\\/2022\\\/12\\\/sarai.jpg\"},{\"@type\":\"BreadcrumbList\",\"@id\":\"https:\\\/\\\/martinezsanzabogados.com\\\/sarai-herreros-ortega\\\/#breadcrumb\",\"itemListElement\":[{\"@type\":\"ListItem\",\"position\":1,\"name\":\"Portada\",\"item\":\"https:\\\/\\\/martinezsanzabogados.com\\\/\"},{\"@type\":\"ListItem\",\"position\":2,\"name\":\"Sarai Herreros Ortega\"}]},{\"@type\":\"WebSite\",\"@id\":\"https:\\\/\\\/martinezsanzabogados.com\\\/#website\",\"url\":\"https:\\\/\\\/martinezsanzabogados.com\\\/\",\"name\":\"Mart\u00ednez Sanz Abogados\",\"description\":\"\",\"publisher\":{\"@id\":\"https:\\\/\\\/martinezsanzabogados.com\\\/#organization\"},\"potentialAction\":[{\"@type\":\"SearchAction\",\"target\":{\"@type\":\"EntryPoint\",\"urlTemplate\":\"https:\\\/\\\/martinezsanzabogados.com\\\/?s={search_term_string}\"},\"query-input\":{\"@type\":\"PropertyValueSpecification\",\"valueRequired\":true,\"valueName\":\"search_term_string\"}}],\"inLanguage\":\"en-GB\"},{\"@type\":\"Organization\",\"@id\":\"https:\\\/\\\/martinezsanzabogados.com\\\/#organization\",\"name\":\"Mart\u00ednez Sanz Abogados\",\"url\":\"https:\\\/\\\/martinezsanzabogados.com\\\/\",\"logo\":{\"@type\":\"ImageObject\",\"inLanguage\":\"en-GB\",\"@id\":\"https:\\\/\\\/martinezsanzabogados.com\\\/#\\\/schema\\\/logo\\\/image\\\/\",\"url\":\"https:\\\/\\\/martinezsanzabogados.com\\\/wp-content\\\/uploads\\\/2021\\\/10\\\/Logo-Martinez-Sanz.png\",\"contentUrl\":\"https:\\\/\\\/martinezsanzabogados.com\\\/wp-content\\\/uploads\\\/2021\\\/10\\\/Logo-Martinez-Sanz.png\",\"width\":350,\"height\":166,\"caption\":\"Mart\u00ednez Sanz Abogados\"},\"image\":{\"@id\":\"https:\\\/\\\/martinezsanzabogados.com\\\/#\\\/schema\\\/logo\\\/image\\\/\"},\"sameAs\":[\"https:\\\/\\\/www.facebook.com\\\/martinezsanzabogados\"]}]}<\/script>\n<!-- \/ Yoast SEO plugin. -->","yoast_head_json":{"title":"Sarai Herreros Ortega - Mart\u00ednez Sanz Abogados","robots":{"index":"index","follow":"follow","max-snippet":"max-snippet:-1","max-image-preview":"max-image-preview:large","max-video-preview":"max-video-preview:-1"},"canonical":"https:\/\/martinezsanzabogados.com\/en\/sarai-herreros-ortega\/","og_locale":"en_GB","og_type":"article","og_title":"Sarai Herreros Ortega - Mart\u00ednez Sanz Abogados","og_description":"Sarai Herreros Ortega Administraci\u00f3n y paralegal Enviar correo Abogada Experiencia laboral Abogada. Cuenta con la preparaci\u00f3n a la carrera judicial y fiscal (4 a\u00f1os), as\u00ed como M\u00e1ster en Asesor\u00eda Jur\u00eddica de Empresas (UEMC), Curso Superior de Especializaci\u00f3n en Derecho Mercantil (CEF), M\u00e1ster en Asesor\u00eda Laboral y Seguridad Social, M\u00e1ster en Pr\u00e1ctica de la Abogac\u00eda (UDIMA). [&hellip;]","og_url":"https:\/\/martinezsanzabogados.com\/en\/sarai-herreros-ortega\/","og_site_name":"Mart\u00ednez Sanz Abogados","article_publisher":"https:\/\/www.facebook.com\/martinezsanzabogados","article_modified_time":"2025-02-04T12:06:01+00:00","og_image":[{"width":1000,"height":1000,"url":"https:\/\/martinezsanzabogados.com\/wp-content\/uploads\/2022\/12\/sarai.jpg","type":"image\/jpeg"}],"twitter_card":"summary_large_image","twitter_misc":{"Estimated reading time":"1 minute"},"schema":{"@context":"https:\/\/schema.org","@graph":[{"@type":"WebPage","@id":"https:\/\/martinezsanzabogados.com\/sarai-herreros-ortega\/","url":"https:\/\/martinezsanzabogados.com\/sarai-herreros-ortega\/","name":"Sarai Herreros Ortega - Mart\u00ednez Sanz Abogados","isPartOf":{"@id":"https:\/\/martinezsanzabogados.com\/#website"},"primaryImageOfPage":{"@id":"https:\/\/martinezsanzabogados.com\/sarai-herreros-ortega\/#primaryimage"},"image":{"@id":"https:\/\/martinezsanzabogados.com\/sarai-herreros-ortega\/#primaryimage"},"thumbnailUrl":"https:\/\/martinezsanzabogados.com\/wp-content\/uploads\/2022\/12\/sarai.jpg","datePublished":"2024-10-01T12:28:24+00:00","dateModified":"2025-02-04T12:06:01+00:00","breadcrumb":{"@id":"https:\/\/martinezsanzabogados.com\/sarai-herreros-ortega\/#breadcrumb"},"inLanguage":"en-GB","potentialAction":[{"@type":"ReadAction","target":["https:\/\/martinezsanzabogados.com\/sarai-herreros-ortega\/"]}]},{"@type":"ImageObject","inLanguage":"en-GB","@id":"https:\/\/martinezsanzabogados.com\/sarai-herreros-ortega\/#primaryimage","url":"https:\/\/martinezsanzabogados.com\/wp-content\/uploads\/2022\/12\/sarai.jpg","contentUrl":"https:\/\/martinezsanzabogados.com\/wp-content\/uploads\/2022\/12\/sarai.jpg"},{"@type":"BreadcrumbList","@id":"https:\/\/martinezsanzabogados.com\/sarai-herreros-ortega\/#breadcrumb","itemListElement":[{"@type":"ListItem","position":1,"name":"Portada","item":"https:\/\/martinezsanzabogados.com\/"},{"@type":"ListItem","position":2,"name":"Sarai Herreros Ortega"}]},{"@type":"WebSite","@id":"https:\/\/martinezsanzabogados.com\/#website","url":"https:\/\/martinezsanzabogados.com\/","name":"Mart\u00ednez Sanz Lawyers","description":"","publisher":{"@id":"https:\/\/martinezsanzabogados.com\/#organization"},"potentialAction":[{"@type":"SearchAction","target":{"@type":"EntryPoint","urlTemplate":"https:\/\/martinezsanzabogados.com\/?s={search_term_string}"},"query-input":{"@type":"PropertyValueSpecification","valueRequired":true,"valueName":"search_term_string"}}],"inLanguage":"en-GB"},{"@type":"Organization","@id":"https:\/\/martinezsanzabogados.com\/#organization","name":"Mart\u00ednez Sanz Lawyers","url":"https:\/\/martinezsanzabogados.com\/","logo":{"@type":"ImageObject","inLanguage":"en-GB","@id":"https:\/\/martinezsanzabogados.com\/#\/schema\/logo\/image\/","url":"https:\/\/martinezsanzabogados.com\/wp-content\/uploads\/2021\/10\/Logo-Martinez-Sanz.png","contentUrl":"https:\/\/martinezsanzabogados.com\/wp-content\/uploads\/2021\/10\/Logo-Martinez-Sanz.png","width":350,"height":166,"caption":"Mart\u00ednez Sanz Abogados"},"image":{"@id":"https:\/\/martinezsanzabogados.com\/#\/schema\/logo\/image\/"},"sameAs":["https:\/\/www.facebook.com\/martinezsanzabogados"]}]}},"_links":{"self":[{"href":"https:\/\/martinezsanzabogados.com\/en\/wp-json\/wp\/v2\/pages\/11135","targetHints":{"allow":["GET"]}}],"collection":[{"href":"https:\/\/martinezsanzabogados.com\/en\/wp-json\/wp\/v2\/pages"}],"about":[{"href":"https:\/\/martinezsanzabogados.com\/en\/wp-json\/wp\/v2\/types\/page"}],"author":[{"embeddable":true,"href":"https:\/\/martinezsanzabogados.com\/en\/wp-json\/wp\/v2\/users\/7"}],"replies":[{"embeddable":true,"href":"https:\/\/martinezsanzabogados.com\/en\/wp-json\/wp\/v2\/comments?post=11135"}],"version-history":[{"count":22,"href":"https:\/\/martinezsanzabogados.com\/en\/wp-json\/wp\/v2\/pages\/11135\/revisions"}],"predecessor-version":[{"id":12536,"href":"https:\/\/martinezsanzabogados.com\/en\/wp-json\/wp\/v2\/pages\/11135\/revisions\/12536"}],"wp:attachment":[{"href":"https:\/\/martinezsanzabogados.com\/en\/wp-json\/wp\/v2\/media?parent=11135"}],"curies":[{"name":"wp","href":"https:\/\/api.w.org\/{rel}","templated":true}]}}