{"id":11130,"date":"2024-10-01T14:28:47","date_gmt":"2024-10-01T12:28:47","guid":{"rendered":"https:\/\/martinezsanzabogados.com\/?page_id=11130"},"modified":"2025-10-07T10:28:25","modified_gmt":"2025-10-07T08:28:25","slug":"maria-torralba-altarejos","status":"publish","type":"page","link":"https:\/\/martinezsanzabogados.com\/en\/maria-torralba-altarejos\/","title":{"rendered":"Mar\u00eda Torralba Altarejos"},"content":{"rendered":"<div data-elementor-type=\"wp-page\" data-elementor-id=\"11130\" class=\"elementor elementor-11130\" data-elementor-post-type=\"page\">\n\t\t\t\t\t\t<section class=\"elementor-section elementor-top-section elementor-element elementor-element-cf9dfcf elementor-section-stretched elementor-section-boxed elementor-section-height-default elementor-section-height-default\" data-id=\"cf9dfcf\" data-element_type=\"section\" data-e-type=\"section\" data-settings=\"{&quot;stretch_section&quot;:&quot;section-stretched&quot;,&quot;background_background&quot;:&quot;classic&quot;}\">\n\t\t\t\t\t\t<div class=\"elementor-container elementor-column-gap-default\">\n\t\t\t\t\t<div class=\"elementor-column elementor-col-50 elementor-top-column elementor-element elementor-element-ed24350 columna-foto\" data-id=\"ed24350\" data-element_type=\"column\" data-e-type=\"column\">\n\t\t\t<div class=\"elementor-widget-wrap elementor-element-populated\">\n\t\t\t\t\t\t<div class=\"elementor-element elementor-element-b6d22f4 elementor-widget elementor-widget-image\" data-id=\"b6d22f4\" data-element_type=\"widget\" data-e-type=\"widget\" data-widget_type=\"image.default\">\n\t\t\t\t<div class=\"elementor-widget-container\">\n\t\t\t\t\t\t\t\t\t\t\t\t\t\t\t<img fetchpriority=\"high\" decoding=\"async\" width=\"800\" height=\"800\" src=\"https:\/\/martinezsanzabogados.com\/wp-content\/uploads\/2024\/09\/maria-torralba-altarejos.jpg\" class=\"attachment-large size-large wp-image-10954\" alt=\"maria torralba altarejos\" srcset=\"https:\/\/martinezsanzabogados.com\/wp-content\/uploads\/2024\/09\/maria-torralba-altarejos.jpg 1000w, https:\/\/martinezsanzabogados.com\/wp-content\/uploads\/2024\/09\/maria-torralba-altarejos-300x300.jpg 300w, https:\/\/martinezsanzabogados.com\/wp-content\/uploads\/2024\/09\/maria-torralba-altarejos-500x500.jpg 500w, https:\/\/martinezsanzabogados.com\/wp-content\/uploads\/2024\/09\/maria-torralba-altarejos-768x768.jpg 768w\" sizes=\"(max-width: 800px) 100vw, 800px\" \/>\t\t\t\t\t\t\t\t\t\t\t\t\t\t\t<\/div>\n\t\t\t\t<\/div>\n\t\t\t\t<div class=\"elementor-element elementor-element-11d24e9 elementor-widget elementor-widget-heading\" data-id=\"11d24e9\" data-element_type=\"widget\" data-e-type=\"widget\" data-widget_type=\"heading.default\">\n\t\t\t\t<div class=\"elementor-widget-container\">\n\t\t\t\t\t<h1 class=\"elementor-heading-title elementor-size-default\">Mar\u00eda Torralba Altarejos<\/h1>\t\t\t\t<\/div>\n\t\t\t\t<\/div>\n\t\t\t\t<div class=\"elementor-element elementor-element-4ace1bd elementor-widget elementor-widget-heading\" data-id=\"4ace1bd\" data-element_type=\"widget\" data-e-type=\"widget\" data-widget_type=\"heading.default\">\n\t\t\t\t<div class=\"elementor-widget-container\">\n\t\t\t\t\t<span class=\"elementor-heading-title elementor-size-default\">Lawyer<\/span>\t\t\t\t<\/div>\n\t\t\t\t<\/div>\n\t\t\t\t<div class=\"elementor-element elementor-element-a7f91ff card-trabajador elementor-widget elementor-widget-html\" data-id=\"a7f91ff\" data-element_type=\"widget\" data-e-type=\"widget\" data-widget_type=\"html.default\">\n\t\t\t\t<div class=\"elementor-widget-container\">\n\t\t\t\t\t<div class=\"contenedor_boton-info\">\r\n<div class=\"boton-info\">\r\n<i aria-hidden=\"true\" class=\"fas fa-envelope\"><\/i>\r\n<a href=\"mailto:mta@martinezsanzabogados.com\">Send Email<\/a>\r\n<\/div>\r\n<\/div>\t\t\t\t<\/div>\n\t\t\t\t<\/div>\n\t\t\t\t\t<\/div>\n\t\t<\/div>\n\t\t\t\t<div class=\"elementor-column elementor-col-50 elementor-top-column elementor-element elementor-element-0fd57bc\" data-id=\"0fd57bc\" data-element_type=\"column\" data-e-type=\"column\" data-settings=\"{&quot;background_background&quot;:&quot;classic&quot;}\">\n\t\t\t<div class=\"elementor-widget-wrap elementor-element-populated\">\n\t\t\t\t\t\t<div class=\"elementor-element elementor-element-03517b5 elementor-widget elementor-widget-heading\" data-id=\"03517b5\" data-element_type=\"widget\" data-e-type=\"widget\" data-widget_type=\"heading.default\">\n\t\t\t\t<div class=\"elementor-widget-container\">\n\t\t\t\t\t<span class=\"elementor-heading-title elementor-size-default\">Lawyer<\/span>\t\t\t\t<\/div>\n\t\t\t\t<\/div>\n\t\t\t\t<div class=\"elementor-element elementor-element-f94f5fe elementor-widget elementor-widget-heading\" data-id=\"f94f5fe\" data-element_type=\"widget\" data-e-type=\"widget\" data-widget_type=\"heading.default\">\n\t\t\t\t<div class=\"elementor-widget-container\">\n\t\t\t\t\t<span class=\"elementor-heading-title elementor-size-default\">Work experience<\/span>\t\t\t\t<\/div>\n\t\t\t\t<\/div>\n\t\t\t\t<div class=\"elementor-element elementor-element-627b033 elementor-widget elementor-widget-text-editor\" data-id=\"627b033\" data-element_type=\"widget\" data-e-type=\"widget\" data-widget_type=\"text-editor.default\">\n\t\t\t\t<div class=\"elementor-widget-container\">\n\t\t\t\t\t\t\t\t\t<div><span style=\"font-family: arial, sans-serif;\">Mar\u00eda Torralba Altarejos, practising member no. 3806 of the Bar Association of Castell\u00f3n.<\/span><\/div><p><span style=\"font-family: arial, sans-serif;\">Procedural Lawyer specialising in Civil and Labour Law, with more than five years of experience in professional practice and a consolidated track record in the defence of her clients' interests both in and out of court.<\/span><\/p><div><span style=\"font-family: arial, sans-serif;\">Throughout his career, he has been involved in numerous proceedings in civil matters, as well as in commercial, contentious-administrative and labour matters.\u00a0<\/span><span style=\"font-family: arial, sans-serif;\">He has a solid legal training, which includes a Bachelor's Degree in Law, a Master's Degree in Access to the Legal Profession, a Master's Degree in Contract Law and Civil Liability, and a Degree in\u00a0<em>Legal English for Specific Purposes<\/em>\u00a0and the Master's Degree in Labour and Social Security Law.<br \/><\/span><\/div><div><span style=\"font-family: arial, sans-serif;\">It stands out for its commitment, technical rigour and proximity in its dealings with clients, focusing its work on obtaining effective, quality solutions.<\/span><\/div>\t\t\t\t\t\t\t\t<\/div>\n\t\t\t\t<\/div>\n\t\t\t\t<div class=\"elementor-element elementor-element-fec3a4c elementor-widget elementor-widget-heading\" data-id=\"fec3a4c\" data-element_type=\"widget\" data-e-type=\"widget\" data-widget_type=\"heading.default\">\n\t\t\t\t<div class=\"elementor-widget-container\">\n\t\t\t\t\t<span class=\"elementor-heading-title elementor-size-default\">Office<\/span>\t\t\t\t<\/div>\n\t\t\t\t<\/div>\n\t\t\t\t<div class=\"elementor-element elementor-element-9737d41 elementor-widget elementor-widget-text-editor\" data-id=\"9737d41\" data-element_type=\"widget\" data-e-type=\"widget\" data-widget_type=\"text-editor.default\">\n\t\t\t\t<div class=\"elementor-widget-container\">\n\t\t\t\t\t\t\t\t\t<p>Castell\u00f3n Office<\/p>\t\t\t\t\t\t\t\t<\/div>\n\t\t\t\t<\/div>\n\t\t\t\t<div class=\"elementor-element elementor-element-443b365 elementor-widget elementor-widget-heading\" data-id=\"443b365\" data-element_type=\"widget\" data-e-type=\"widget\" data-widget_type=\"heading.default\">\n\t\t\t\t<div class=\"elementor-widget-container\">\n\t\t\t\t\t<span class=\"elementor-heading-title elementor-size-default\">Areas of specialisation<\/span>\t\t\t\t<\/div>\n\t\t\t\t<\/div>\n\t\t\t\t<div class=\"elementor-element elementor-element-c998943 elementor-widget__width-initial elementor-icon-list--layout-traditional elementor-list-item-link-full_width elementor-widget elementor-widget-icon-list\" data-id=\"c998943\" data-element_type=\"widget\" data-e-type=\"widget\" data-widget_type=\"icon-list.default\">\n\t\t\t\t<div class=\"elementor-widget-container\">\n\t\t\t\t\t\t\t<ul class=\"elementor-icon-list-items\">\n\t\t\t\t\t\t\t<li class=\"elementor-icon-list-item\">\n\t\t\t\t\t\t\t\t\t\t\t<span class=\"elementor-icon-list-icon\">\n\t\t\t\t\t\t\t<i aria-hidden=\"true\" class=\"fas fa-check\"><\/i>\t\t\t\t\t\t<\/span>\n\t\t\t\t\t\t\t\t\t\t<span class=\"elementor-icon-list-text\">Civil law<\/span>\n\t\t\t\t\t\t\t\t\t<\/li>\n\t\t\t\t\t\t\t\t<li class=\"elementor-icon-list-item\">\n\t\t\t\t\t\t\t\t\t\t\t<span class=\"elementor-icon-list-icon\">\n\t\t\t\t\t\t\t<i aria-hidden=\"true\" class=\"fas fa-check\"><\/i>\t\t\t\t\t\t<\/span>\n\t\t\t\t\t\t\t\t\t\t<span class=\"elementor-icon-list-text\">Employment Law<\/span>\n\t\t\t\t\t\t\t\t\t<\/li>\n\t\t\t\t\t\t<\/ul>\n\t\t\t\t\t\t<\/div>\n\t\t\t\t<\/div>\n\t\t\t\t<div class=\"elementor-element elementor-element-f706f8f elementor-widget elementor-widget-heading\" data-id=\"f706f8f\" data-element_type=\"widget\" data-e-type=\"widget\" data-widget_type=\"heading.default\">\n\t\t\t\t<div class=\"elementor-widget-container\">\n\t\t\t\t\t<span class=\"elementor-heading-title elementor-size-default\">Languages<\/span>\t\t\t\t<\/div>\n\t\t\t\t<\/div>\n\t\t\t\t<div class=\"elementor-element elementor-element-f08e439 elementor-icon-list--layout-traditional elementor-list-item-link-full_width elementor-widget elementor-widget-icon-list\" data-id=\"f08e439\" data-element_type=\"widget\" data-e-type=\"widget\" data-widget_type=\"icon-list.default\">\n\t\t\t\t<div class=\"elementor-widget-container\">\n\t\t\t\t\t\t\t<ul class=\"elementor-icon-list-items\">\n\t\t\t\t\t\t\t<li class=\"elementor-icon-list-item\">\n\t\t\t\t\t\t\t\t\t\t\t<span class=\"elementor-icon-list-icon\">\n\t\t\t\t\t\t\t<i aria-hidden=\"true\" class=\"fas fa-check\"><\/i>\t\t\t\t\t\t<\/span>\n\t\t\t\t\t\t\t\t\t\t<span class=\"elementor-icon-list-text\">English<\/span>\n\t\t\t\t\t\t\t\t\t<\/li>\n\t\t\t\t\t\t\t\t<li class=\"elementor-icon-list-item\">\n\t\t\t\t\t\t\t\t\t\t\t<span class=\"elementor-icon-list-icon\">\n\t\t\t\t\t\t\t<i aria-hidden=\"true\" class=\"fas fa-check\"><\/i>\t\t\t\t\t\t<\/span>\n\t\t\t\t\t\t\t\t\t\t<span class=\"elementor-icon-list-text\">English<\/span>\n\t\t\t\t\t\t\t\t\t<\/li>\n\t\t\t\t\t\t<\/ul>\n\t\t\t\t\t\t<\/div>\n\t\t\t\t<\/div>\n\t\t\t\t\t<\/div>\n\t\t<\/div>\n\t\t\t\t\t<\/div>\n\t\t<\/section>\n\t\t\t\t<\/div>","protected":false},"excerpt":{"rendered":"<p>Mar\u00eda Torralba Altarejos Abogada Enviar correo Abogada Experiencia laboral Mar\u00eda Torralba Altarejos, colegiada ejerciente n\u00ba 3806 del Ilustre Colegio de Abogados de Castell\u00f3n. Abogada procesalista especializada en Derecho Civil y Laboral, con m\u00e1s de cinco a\u00f1os de experiencia en el ejercicio profesional y una consolidada trayectoria en la defensa de los intereses de sus clientes [&hellip;]<\/p>","protected":false},"author":7,"featured_media":0,"parent":0,"menu_order":0,"comment_status":"closed","ping_status":"closed","template":"elementor_header_footer","meta":{"footnotes":""},"class_list":["post-11130","page","type-page","status-publish","hentry"],"yoast_head":"<!-- This site is optimized with the Yoast SEO plugin v27.3 - https:\/\/yoast.com\/product\/yoast-seo-wordpress\/ -->\n<title>Mar\u00eda Torralba Altarejos - Mart\u00ednez Sanz Abogados<\/title>\n<meta name=\"robots\" content=\"index, follow, max-snippet:-1, max-image-preview:large, max-video-preview:-1\" \/>\n<link rel=\"canonical\" href=\"https:\/\/martinezsanzabogados.com\/en\/maria-torralba-altarejos\/\" \/>\n<meta property=\"og:locale\" content=\"en_GB\" \/>\n<meta property=\"og:type\" content=\"article\" \/>\n<meta property=\"og:title\" content=\"Mar\u00eda Torralba Altarejos - Mart\u00ednez Sanz Abogados\" \/>\n<meta property=\"og:description\" content=\"Mar\u00eda Torralba Altarejos Abogada Enviar correo Abogada Experiencia laboral Mar\u00eda Torralba Altarejos, colegiada ejerciente n\u00ba 3806 del Ilustre Colegio de Abogados de Castell\u00f3n. Abogada procesalista especializada en Derecho Civil y Laboral, con m\u00e1s de cinco a\u00f1os de experiencia en el ejercicio profesional y una consolidada trayectoria en la defensa de los intereses de sus clientes [&hellip;]\" \/>\n<meta property=\"og:url\" content=\"https:\/\/martinezsanzabogados.com\/en\/maria-torralba-altarejos\/\" \/>\n<meta property=\"og:site_name\" content=\"Mart\u00ednez Sanz Abogados\" \/>\n<meta property=\"article:publisher\" content=\"https:\/\/www.facebook.com\/martinezsanzabogados\" \/>\n<meta property=\"article:modified_time\" content=\"2025-10-07T08:28:25+00:00\" \/>\n<meta property=\"og:image\" content=\"https:\/\/martinezsanzabogados.com\/wp-content\/uploads\/2024\/09\/maria-torralba-altarejos.jpg\" \/>\n\t<meta property=\"og:image:width\" content=\"1000\" \/>\n\t<meta property=\"og:image:height\" content=\"1000\" \/>\n\t<meta property=\"og:image:type\" content=\"image\/jpeg\" \/>\n<meta name=\"twitter:card\" content=\"summary_large_image\" \/>\n<meta name=\"twitter:label1\" content=\"Estimated reading time\" \/>\n\t<meta name=\"twitter:data1\" content=\"2 minutes\" \/>\n<script type=\"application\/ld+json\" class=\"yoast-schema-graph\">{\"@context\":\"https:\\\/\\\/schema.org\",\"@graph\":[{\"@type\":\"WebPage\",\"@id\":\"https:\\\/\\\/martinezsanzabogados.com\\\/maria-torralba-altarejos\\\/\",\"url\":\"https:\\\/\\\/martinezsanzabogados.com\\\/maria-torralba-altarejos\\\/\",\"name\":\"Mar\u00eda Torralba Altarejos - Mart\u00ednez Sanz Abogados\",\"isPartOf\":{\"@id\":\"https:\\\/\\\/martinezsanzabogados.com\\\/#website\"},\"primaryImageOfPage\":{\"@id\":\"https:\\\/\\\/martinezsanzabogados.com\\\/maria-torralba-altarejos\\\/#primaryimage\"},\"image\":{\"@id\":\"https:\\\/\\\/martinezsanzabogados.com\\\/maria-torralba-altarejos\\\/#primaryimage\"},\"thumbnailUrl\":\"https:\\\/\\\/martinezsanzabogados.com\\\/wp-content\\\/uploads\\\/2024\\\/09\\\/maria-torralba-altarejos.jpg\",\"datePublished\":\"2024-10-01T12:28:47+00:00\",\"dateModified\":\"2025-10-07T08:28:25+00:00\",\"breadcrumb\":{\"@id\":\"https:\\\/\\\/martinezsanzabogados.com\\\/maria-torralba-altarejos\\\/#breadcrumb\"},\"inLanguage\":\"en-GB\",\"potentialAction\":[{\"@type\":\"ReadAction\",\"target\":[\"https:\\\/\\\/martinezsanzabogados.com\\\/maria-torralba-altarejos\\\/\"]}]},{\"@type\":\"ImageObject\",\"inLanguage\":\"en-GB\",\"@id\":\"https:\\\/\\\/martinezsanzabogados.com\\\/maria-torralba-altarejos\\\/#primaryimage\",\"url\":\"https:\\\/\\\/martinezsanzabogados.com\\\/wp-content\\\/uploads\\\/2024\\\/09\\\/maria-torralba-altarejos.jpg\",\"contentUrl\":\"https:\\\/\\\/martinezsanzabogados.com\\\/wp-content\\\/uploads\\\/2024\\\/09\\\/maria-torralba-altarejos.jpg\"},{\"@type\":\"BreadcrumbList\",\"@id\":\"https:\\\/\\\/martinezsanzabogados.com\\\/maria-torralba-altarejos\\\/#breadcrumb\",\"itemListElement\":[{\"@type\":\"ListItem\",\"position\":1,\"name\":\"Portada\",\"item\":\"https:\\\/\\\/martinezsanzabogados.com\\\/\"},{\"@type\":\"ListItem\",\"position\":2,\"name\":\"Mar\u00eda Torralba Altarejos\"}]},{\"@type\":\"WebSite\",\"@id\":\"https:\\\/\\\/martinezsanzabogados.com\\\/#website\",\"url\":\"https:\\\/\\\/martinezsanzabogados.com\\\/\",\"name\":\"Mart\u00ednez Sanz Abogados\",\"description\":\"\",\"publisher\":{\"@id\":\"https:\\\/\\\/martinezsanzabogados.com\\\/#organization\"},\"potentialAction\":[{\"@type\":\"SearchAction\",\"target\":{\"@type\":\"EntryPoint\",\"urlTemplate\":\"https:\\\/\\\/martinezsanzabogados.com\\\/?s={search_term_string}\"},\"query-input\":{\"@type\":\"PropertyValueSpecification\",\"valueRequired\":true,\"valueName\":\"search_term_string\"}}],\"inLanguage\":\"en-GB\"},{\"@type\":\"Organization\",\"@id\":\"https:\\\/\\\/martinezsanzabogados.com\\\/#organization\",\"name\":\"Mart\u00ednez Sanz Abogados\",\"url\":\"https:\\\/\\\/martinezsanzabogados.com\\\/\",\"logo\":{\"@type\":\"ImageObject\",\"inLanguage\":\"en-GB\",\"@id\":\"https:\\\/\\\/martinezsanzabogados.com\\\/#\\\/schema\\\/logo\\\/image\\\/\",\"url\":\"https:\\\/\\\/martinezsanzabogados.com\\\/wp-content\\\/uploads\\\/2021\\\/10\\\/Logo-Martinez-Sanz.png\",\"contentUrl\":\"https:\\\/\\\/martinezsanzabogados.com\\\/wp-content\\\/uploads\\\/2021\\\/10\\\/Logo-Martinez-Sanz.png\",\"width\":350,\"height\":166,\"caption\":\"Mart\u00ednez Sanz Abogados\"},\"image\":{\"@id\":\"https:\\\/\\\/martinezsanzabogados.com\\\/#\\\/schema\\\/logo\\\/image\\\/\"},\"sameAs\":[\"https:\\\/\\\/www.facebook.com\\\/martinezsanzabogados\"]}]}<\/script>\n<!-- \/ Yoast SEO plugin. -->","yoast_head_json":{"title":"Mar\u00eda Torralba Altarejos - Mart\u00ednez Sanz Abogados","robots":{"index":"index","follow":"follow","max-snippet":"max-snippet:-1","max-image-preview":"max-image-preview:large","max-video-preview":"max-video-preview:-1"},"canonical":"https:\/\/martinezsanzabogados.com\/en\/maria-torralba-altarejos\/","og_locale":"en_GB","og_type":"article","og_title":"Mar\u00eda Torralba Altarejos - Mart\u00ednez Sanz Abogados","og_description":"Mar\u00eda Torralba Altarejos Abogada Enviar correo Abogada Experiencia laboral Mar\u00eda Torralba Altarejos, colegiada ejerciente n\u00ba 3806 del Ilustre Colegio de Abogados de Castell\u00f3n. Abogada procesalista especializada en Derecho Civil y Laboral, con m\u00e1s de cinco a\u00f1os de experiencia en el ejercicio profesional y una consolidada trayectoria en la defensa de los intereses de sus clientes [&hellip;]","og_url":"https:\/\/martinezsanzabogados.com\/en\/maria-torralba-altarejos\/","og_site_name":"Mart\u00ednez Sanz Abogados","article_publisher":"https:\/\/www.facebook.com\/martinezsanzabogados","article_modified_time":"2025-10-07T08:28:25+00:00","og_image":[{"width":1000,"height":1000,"url":"https:\/\/martinezsanzabogados.com\/wp-content\/uploads\/2024\/09\/maria-torralba-altarejos.jpg","type":"image\/jpeg"}],"twitter_card":"summary_large_image","twitter_misc":{"Estimated reading time":"2 minutes"},"schema":{"@context":"https:\/\/schema.org","@graph":[{"@type":"WebPage","@id":"https:\/\/martinezsanzabogados.com\/maria-torralba-altarejos\/","url":"https:\/\/martinezsanzabogados.com\/maria-torralba-altarejos\/","name":"Mar\u00eda Torralba Altarejos - Mart\u00ednez Sanz Abogados","isPartOf":{"@id":"https:\/\/martinezsanzabogados.com\/#website"},"primaryImageOfPage":{"@id":"https:\/\/martinezsanzabogados.com\/maria-torralba-altarejos\/#primaryimage"},"image":{"@id":"https:\/\/martinezsanzabogados.com\/maria-torralba-altarejos\/#primaryimage"},"thumbnailUrl":"https:\/\/martinezsanzabogados.com\/wp-content\/uploads\/2024\/09\/maria-torralba-altarejos.jpg","datePublished":"2024-10-01T12:28:47+00:00","dateModified":"2025-10-07T08:28:25+00:00","breadcrumb":{"@id":"https:\/\/martinezsanzabogados.com\/maria-torralba-altarejos\/#breadcrumb"},"inLanguage":"en-GB","potentialAction":[{"@type":"ReadAction","target":["https:\/\/martinezsanzabogados.com\/maria-torralba-altarejos\/"]}]},{"@type":"ImageObject","inLanguage":"en-GB","@id":"https:\/\/martinezsanzabogados.com\/maria-torralba-altarejos\/#primaryimage","url":"https:\/\/martinezsanzabogados.com\/wp-content\/uploads\/2024\/09\/maria-torralba-altarejos.jpg","contentUrl":"https:\/\/martinezsanzabogados.com\/wp-content\/uploads\/2024\/09\/maria-torralba-altarejos.jpg"},{"@type":"BreadcrumbList","@id":"https:\/\/martinezsanzabogados.com\/maria-torralba-altarejos\/#breadcrumb","itemListElement":[{"@type":"ListItem","position":1,"name":"Portada","item":"https:\/\/martinezsanzabogados.com\/"},{"@type":"ListItem","position":2,"name":"Mar\u00eda Torralba Altarejos"}]},{"@type":"WebSite","@id":"https:\/\/martinezsanzabogados.com\/#website","url":"https:\/\/martinezsanzabogados.com\/","name":"Mart\u00ednez Sanz Lawyers","description":"","publisher":{"@id":"https:\/\/martinezsanzabogados.com\/#organization"},"potentialAction":[{"@type":"SearchAction","target":{"@type":"EntryPoint","urlTemplate":"https:\/\/martinezsanzabogados.com\/?s={search_term_string}"},"query-input":{"@type":"PropertyValueSpecification","valueRequired":true,"valueName":"search_term_string"}}],"inLanguage":"en-GB"},{"@type":"Organization","@id":"https:\/\/martinezsanzabogados.com\/#organization","name":"Mart\u00ednez Sanz Lawyers","url":"https:\/\/martinezsanzabogados.com\/","logo":{"@type":"ImageObject","inLanguage":"en-GB","@id":"https:\/\/martinezsanzabogados.com\/#\/schema\/logo\/image\/","url":"https:\/\/martinezsanzabogados.com\/wp-content\/uploads\/2021\/10\/Logo-Martinez-Sanz.png","contentUrl":"https:\/\/martinezsanzabogados.com\/wp-content\/uploads\/2021\/10\/Logo-Martinez-Sanz.png","width":350,"height":166,"caption":"Mart\u00ednez Sanz Abogados"},"image":{"@id":"https:\/\/martinezsanzabogados.com\/#\/schema\/logo\/image\/"},"sameAs":["https:\/\/www.facebook.com\/martinezsanzabogados"]}]}},"_links":{"self":[{"href":"https:\/\/martinezsanzabogados.com\/en\/wp-json\/wp\/v2\/pages\/11130","targetHints":{"allow":["GET"]}}],"collection":[{"href":"https:\/\/martinezsanzabogados.com\/en\/wp-json\/wp\/v2\/pages"}],"about":[{"href":"https:\/\/martinezsanzabogados.com\/en\/wp-json\/wp\/v2\/types\/page"}],"author":[{"embeddable":true,"href":"https:\/\/martinezsanzabogados.com\/en\/wp-json\/wp\/v2\/users\/7"}],"replies":[{"embeddable":true,"href":"https:\/\/martinezsanzabogados.com\/en\/wp-json\/wp\/v2\/comments?post=11130"}],"version-history":[{"count":25,"href":"https:\/\/martinezsanzabogados.com\/en\/wp-json\/wp\/v2\/pages\/11130\/revisions"}],"predecessor-version":[{"id":12963,"href":"https:\/\/martinezsanzabogados.com\/en\/wp-json\/wp\/v2\/pages\/11130\/revisions\/12963"}],"wp:attachment":[{"href":"https:\/\/martinezsanzabogados.com\/en\/wp-json\/wp\/v2\/media?parent=11130"}],"curies":[{"name":"wp","href":"https:\/\/api.w.org\/{rel}","templated":true}]}}