{"id":11124,"date":"2024-10-01T13:27:26","date_gmt":"2024-10-01T11:27:26","guid":{"rendered":"https:\/\/martinezsanzabogados.com\/?page_id=11124"},"modified":"2024-10-01T14:28:17","modified_gmt":"2024-10-01T12:28:17","slug":"natalia-badenas-ros","status":"publish","type":"page","link":"https:\/\/martinezsanzabogados.com\/en\/natalia-badenas-ros\/","title":{"rendered":"Natalia Badenas Ros"},"content":{"rendered":"<div data-elementor-type=\"wp-page\" data-elementor-id=\"11124\" class=\"elementor elementor-11124\" data-elementor-post-type=\"page\">\n\t\t\t\t\t\t<section class=\"elementor-section elementor-top-section elementor-element elementor-element-afa558d elementor-section-stretched elementor-section-boxed elementor-section-height-default elementor-section-height-default\" data-id=\"afa558d\" data-element_type=\"section\" data-e-type=\"section\" data-settings=\"{&quot;stretch_section&quot;:&quot;section-stretched&quot;,&quot;background_background&quot;:&quot;classic&quot;}\">\n\t\t\t\t\t\t<div class=\"elementor-container elementor-column-gap-default\">\n\t\t\t\t\t<div class=\"elementor-column elementor-col-50 elementor-top-column elementor-element elementor-element-fd8923d columna-foto\" data-id=\"fd8923d\" data-element_type=\"column\" data-e-type=\"column\">\n\t\t\t<div class=\"elementor-widget-wrap elementor-element-populated\">\n\t\t\t\t\t\t<div class=\"elementor-element elementor-element-ea42297 elementor-widget elementor-widget-image\" data-id=\"ea42297\" data-element_type=\"widget\" data-e-type=\"widget\" data-widget_type=\"image.default\">\n\t\t\t\t<div class=\"elementor-widget-container\">\n\t\t\t\t\t\t\t\t\t\t\t\t\t\t\t<img fetchpriority=\"high\" decoding=\"async\" width=\"800\" height=\"800\" src=\"https:\/\/martinezsanzabogados.com\/wp-content\/uploads\/2022\/12\/MARTINEZSANZ-EquipoHumanoCastellon-026-1-1024x1024.jpg\" class=\"attachment-large size-large wp-image-8035\" alt=\"MARTINEZSANZ EquipoHumanoCastellon 026 1\" srcset=\"https:\/\/martinezsanzabogados.com\/wp-content\/uploads\/2022\/12\/MARTINEZSANZ-EquipoHumanoCastellon-026-1-1024x1024.jpg 1024w, https:\/\/martinezsanzabogados.com\/wp-content\/uploads\/2022\/12\/MARTINEZSANZ-EquipoHumanoCastellon-026-1-300x300.jpg 300w, https:\/\/martinezsanzabogados.com\/wp-content\/uploads\/2022\/12\/MARTINEZSANZ-EquipoHumanoCastellon-026-1-500x500.jpg 500w, https:\/\/martinezsanzabogados.com\/wp-content\/uploads\/2022\/12\/MARTINEZSANZ-EquipoHumanoCastellon-026-1-768x768.jpg 768w, https:\/\/martinezsanzabogados.com\/wp-content\/uploads\/2022\/12\/MARTINEZSANZ-EquipoHumanoCastellon-026-1-150x150.jpg 150w, https:\/\/martinezsanzabogados.com\/wp-content\/uploads\/2022\/12\/elementor\/thumbs\/MARTINEZSANZ-EquipoHumanoCastellon-026-1-q5j3tb7ldtz9hkzil6dolywz0fi5ixqx7xym8bgdk0.jpg 400w, https:\/\/martinezsanzabogados.com\/wp-content\/uploads\/2022\/12\/MARTINEZSANZ-EquipoHumanoCastellon-026-1.jpg 1202w\" sizes=\"(max-width: 800px) 100vw, 800px\" \/>\t\t\t\t\t\t\t\t\t\t\t\t\t\t\t<\/div>\n\t\t\t\t<\/div>\n\t\t\t\t<div class=\"elementor-element elementor-element-02cf382 elementor-widget elementor-widget-heading\" data-id=\"02cf382\" data-element_type=\"widget\" data-e-type=\"widget\" data-widget_type=\"heading.default\">\n\t\t\t\t<div class=\"elementor-widget-container\">\n\t\t\t\t\t<h1 class=\"elementor-heading-title elementor-size-default\">Natalia Badenas Ros<\/h1>\t\t\t\t<\/div>\n\t\t\t\t<\/div>\n\t\t\t\t<div class=\"elementor-element elementor-element-7eb0072 elementor-widget elementor-widget-heading\" data-id=\"7eb0072\" data-element_type=\"widget\" data-e-type=\"widget\" data-widget_type=\"heading.default\">\n\t\t\t\t<div class=\"elementor-widget-container\">\n\t\t\t\t\t<span class=\"elementor-heading-title elementor-size-default\">Lawyer<\/span>\t\t\t\t<\/div>\n\t\t\t\t<\/div>\n\t\t\t\t<div class=\"elementor-element elementor-element-e799933 card-trabajador elementor-widget elementor-widget-html\" data-id=\"e799933\" data-element_type=\"widget\" data-e-type=\"widget\" data-widget_type=\"html.default\">\n\t\t\t\t<div class=\"elementor-widget-container\">\n\t\t\t\t\t<div class=\"contenedor_boton-info\">\r\n<div class=\"boton-info\">\r\n<i aria-hidden=\"true\" class=\"fas fa-envelope\"><\/i>\r\n<a href=\"mailto:nbr@martinezsanzabogados.com\">Send Email<\/a>\r\n<\/div>\r\n<\/div>\t\t\t\t<\/div>\n\t\t\t\t<\/div>\n\t\t\t\t\t<\/div>\n\t\t<\/div>\n\t\t\t\t<div class=\"elementor-column elementor-col-50 elementor-top-column elementor-element elementor-element-362e375\" data-id=\"362e375\" data-element_type=\"column\" data-e-type=\"column\" data-settings=\"{&quot;background_background&quot;:&quot;classic&quot;}\">\n\t\t\t<div class=\"elementor-widget-wrap elementor-element-populated\">\n\t\t\t\t\t\t<div class=\"elementor-element elementor-element-f2f5184 elementor-widget elementor-widget-heading\" data-id=\"f2f5184\" data-element_type=\"widget\" data-e-type=\"widget\" data-widget_type=\"heading.default\">\n\t\t\t\t<div class=\"elementor-widget-container\">\n\t\t\t\t\t<span class=\"elementor-heading-title elementor-size-default\">Lawyer<\/span>\t\t\t\t<\/div>\n\t\t\t\t<\/div>\n\t\t\t\t<div class=\"elementor-element elementor-element-5e85073 elementor-widget elementor-widget-heading\" data-id=\"5e85073\" data-element_type=\"widget\" data-e-type=\"widget\" data-widget_type=\"heading.default\">\n\t\t\t\t<div class=\"elementor-widget-container\">\n\t\t\t\t\t<span class=\"elementor-heading-title elementor-size-default\">Work experience<\/span>\t\t\t\t<\/div>\n\t\t\t\t<\/div>\n\t\t\t\t<div class=\"elementor-element elementor-element-847c605 elementor-widget elementor-widget-text-editor\" data-id=\"847c605\" data-element_type=\"widget\" data-e-type=\"widget\" data-widget_type=\"text-editor.default\">\n\t\t\t\t<div class=\"elementor-widget-container\">\n\t\t\t\t\t\t\t\t\t<p>Lawyer specialising in insolvency law, with experience in civil and commercial proceedings. She graduated in Law from the Jaime I University of Castell\u00f3n and spent a year of her degree at the Universit\u00e0 degli Studi di Genova (Italy). She has a Master's Degree in Access to the Legal Profession and a Master's Degree specialising in Corporate Tax and Legal Consultancy. During his professional career he has attended several courses on insolvency and restructuring and has attended various congresses and forums dedicated to the insolvency field.<\/p><p>He is currently studying for a Permanent Master's Degree in Tax Consultancy at the Catholic University of Valencia, in order to broaden his knowledge and experience in the field of taxation, with the aim of offering comprehensive and quality advice to those individuals and companies that may be involved in tax-related problems.<\/p>\t\t\t\t\t\t\t\t<\/div>\n\t\t\t\t<\/div>\n\t\t\t\t<div class=\"elementor-element elementor-element-5cfb6b0 elementor-widget elementor-widget-heading\" data-id=\"5cfb6b0\" data-element_type=\"widget\" data-e-type=\"widget\" data-widget_type=\"heading.default\">\n\t\t\t\t<div class=\"elementor-widget-container\">\n\t\t\t\t\t<span class=\"elementor-heading-title elementor-size-default\">Office<\/span>\t\t\t\t<\/div>\n\t\t\t\t<\/div>\n\t\t\t\t<div class=\"elementor-element elementor-element-e279407 elementor-widget elementor-widget-text-editor\" data-id=\"e279407\" data-element_type=\"widget\" data-e-type=\"widget\" data-widget_type=\"text-editor.default\">\n\t\t\t\t<div class=\"elementor-widget-container\">\n\t\t\t\t\t\t\t\t\t<p>Valencia Office<\/p>\t\t\t\t\t\t\t\t<\/div>\n\t\t\t\t<\/div>\n\t\t\t\t<div class=\"elementor-element elementor-element-96439a5 elementor-widget elementor-widget-heading\" data-id=\"96439a5\" data-element_type=\"widget\" data-e-type=\"widget\" data-widget_type=\"heading.default\">\n\t\t\t\t<div class=\"elementor-widget-container\">\n\t\t\t\t\t<span class=\"elementor-heading-title elementor-size-default\">Areas of specialisation<\/span>\t\t\t\t<\/div>\n\t\t\t\t<\/div>\n\t\t\t\t<div class=\"elementor-element elementor-element-dadb5d5 elementor-icon-list--layout-traditional elementor-list-item-link-full_width elementor-widget elementor-widget-icon-list\" data-id=\"dadb5d5\" data-element_type=\"widget\" data-e-type=\"widget\" data-widget_type=\"icon-list.default\">\n\t\t\t\t<div class=\"elementor-widget-container\">\n\t\t\t\t\t\t\t<ul class=\"elementor-icon-list-items\">\n\t\t\t\t\t\t\t<li class=\"elementor-icon-list-item\">\n\t\t\t\t\t\t\t\t\t\t\t<span class=\"elementor-icon-list-icon\">\n\t\t\t\t\t\t\t<i aria-hidden=\"true\" class=\"fas fa-check\"><\/i>\t\t\t\t\t\t<\/span>\n\t\t\t\t\t\t\t\t\t\t<span class=\"elementor-icon-list-text\">Civil and Commercial Law<\/span>\n\t\t\t\t\t\t\t\t\t<\/li>\n\t\t\t\t\t\t\t\t<li class=\"elementor-icon-list-item\">\n\t\t\t\t\t\t\t\t\t\t\t<span class=\"elementor-icon-list-icon\">\n\t\t\t\t\t\t\t<i aria-hidden=\"true\" class=\"fas fa-check\"><\/i>\t\t\t\t\t\t<\/span>\n\t\t\t\t\t\t\t\t\t\t<span class=\"elementor-icon-list-text\">Insolvency Law<\/span>\n\t\t\t\t\t\t\t\t\t<\/li>\n\t\t\t\t\t\t<\/ul>\n\t\t\t\t\t\t<\/div>\n\t\t\t\t<\/div>\n\t\t\t\t<div class=\"elementor-element elementor-element-7a9f446 elementor-widget elementor-widget-heading\" data-id=\"7a9f446\" data-element_type=\"widget\" data-e-type=\"widget\" data-widget_type=\"heading.default\">\n\t\t\t\t<div class=\"elementor-widget-container\">\n\t\t\t\t\t<span class=\"elementor-heading-title elementor-size-default\">Languages<\/span>\t\t\t\t<\/div>\n\t\t\t\t<\/div>\n\t\t\t\t<div class=\"elementor-element elementor-element-e4253a8 elementor-icon-list--layout-traditional elementor-list-item-link-full_width elementor-widget elementor-widget-icon-list\" data-id=\"e4253a8\" data-element_type=\"widget\" data-e-type=\"widget\" data-widget_type=\"icon-list.default\">\n\t\t\t\t<div class=\"elementor-widget-container\">\n\t\t\t\t\t\t\t<ul class=\"elementor-icon-list-items\">\n\t\t\t\t\t\t\t<li class=\"elementor-icon-list-item\">\n\t\t\t\t\t\t\t\t\t\t\t<span class=\"elementor-icon-list-icon\">\n\t\t\t\t\t\t\t<i aria-hidden=\"true\" class=\"fas fa-check\"><\/i>\t\t\t\t\t\t<\/span>\n\t\t\t\t\t\t\t\t\t\t<span class=\"elementor-icon-list-text\">English<\/span>\n\t\t\t\t\t\t\t\t\t<\/li>\n\t\t\t\t\t\t\t\t<li class=\"elementor-icon-list-item\">\n\t\t\t\t\t\t\t\t\t\t\t<span class=\"elementor-icon-list-icon\">\n\t\t\t\t\t\t\t<i aria-hidden=\"true\" class=\"fas fa-check\"><\/i>\t\t\t\t\t\t<\/span>\n\t\t\t\t\t\t\t\t\t\t<span class=\"elementor-icon-list-text\">Italian<\/span>\n\t\t\t\t\t\t\t\t\t<\/li>\n\t\t\t\t\t\t\t\t<li class=\"elementor-icon-list-item\">\n\t\t\t\t\t\t\t\t\t\t\t<span class=\"elementor-icon-list-icon\">\n\t\t\t\t\t\t\t<i aria-hidden=\"true\" class=\"fas fa-check\"><\/i>\t\t\t\t\t\t<\/span>\n\t\t\t\t\t\t\t\t\t\t<span class=\"elementor-icon-list-text\">English<\/span>\n\t\t\t\t\t\t\t\t\t<\/li>\n\t\t\t\t\t\t<\/ul>\n\t\t\t\t\t\t<\/div>\n\t\t\t\t<\/div>\n\t\t\t\t\t<\/div>\n\t\t<\/div>\n\t\t\t\t\t<\/div>\n\t\t<\/section>\n\t\t\t\t<\/div>","protected":false},"excerpt":{"rendered":"<p>Natalia Badenas Ros Abogada Enviar correo Abogado Experiencia laboral Abogada especializada en derecho concursal, con experiencia en sala respecto a procedimientos civiles y mercantiles. Licenciada en Derecho por la Universidad Jaime I de Castell\u00f3n, cursando un a\u00f1o de su carrera en la Universit\u00e0 degli Studi di G\u00e9nova (Italia), cuenta con el M\u00e1ster de Acceso a [&hellip;]<\/p>","protected":false},"author":7,"featured_media":0,"parent":0,"menu_order":0,"comment_status":"closed","ping_status":"closed","template":"elementor_header_footer","meta":{"footnotes":""},"class_list":["post-11124","page","type-page","status-publish","hentry"],"yoast_head":"<!-- This site is optimized with the Yoast SEO plugin v27.3 - https:\/\/yoast.com\/product\/yoast-seo-wordpress\/ -->\n<title>Natalia Badenas Ros - Mart\u00ednez Sanz Abogados<\/title>\n<meta name=\"robots\" content=\"index, follow, max-snippet:-1, max-image-preview:large, max-video-preview:-1\" \/>\n<link rel=\"canonical\" href=\"https:\/\/martinezsanzabogados.com\/en\/natalia-badenas-ros\/\" \/>\n<meta property=\"og:locale\" content=\"en_GB\" \/>\n<meta property=\"og:type\" content=\"article\" \/>\n<meta property=\"og:title\" content=\"Natalia Badenas Ros - Mart\u00ednez Sanz Abogados\" \/>\n<meta property=\"og:description\" content=\"Natalia Badenas Ros Abogada Enviar correo Abogado Experiencia laboral Abogada especializada en derecho concursal, con experiencia en sala respecto a procedimientos civiles y mercantiles. Licenciada en Derecho por la Universidad Jaime I de Castell\u00f3n, cursando un a\u00f1o de su carrera en la Universit\u00e0 degli Studi di G\u00e9nova (Italia), cuenta con el M\u00e1ster de Acceso a [&hellip;]\" \/>\n<meta property=\"og:url\" content=\"https:\/\/martinezsanzabogados.com\/en\/natalia-badenas-ros\/\" \/>\n<meta property=\"og:site_name\" content=\"Mart\u00ednez Sanz Abogados\" \/>\n<meta property=\"article:publisher\" content=\"https:\/\/www.facebook.com\/martinezsanzabogados\" \/>\n<meta property=\"article:modified_time\" content=\"2024-10-01T12:28:17+00:00\" \/>\n<meta property=\"og:image\" content=\"https:\/\/martinezsanzabogados.com\/wp-content\/uploads\/2022\/12\/MARTINEZSANZ-EquipoHumanoCastellon-026-1-1024x1024.jpg\" \/>\n<meta name=\"twitter:card\" content=\"summary_large_image\" \/>\n<meta name=\"twitter:label1\" content=\"Estimated reading time\" \/>\n\t<meta name=\"twitter:data1\" content=\"1 minute\" \/>\n<script type=\"application\/ld+json\" class=\"yoast-schema-graph\">{\"@context\":\"https:\\\/\\\/schema.org\",\"@graph\":[{\"@type\":\"WebPage\",\"@id\":\"https:\\\/\\\/martinezsanzabogados.com\\\/natalia-badenas-ros\\\/\",\"url\":\"https:\\\/\\\/martinezsanzabogados.com\\\/natalia-badenas-ros\\\/\",\"name\":\"Natalia Badenas Ros - Mart\u00ednez Sanz Abogados\",\"isPartOf\":{\"@id\":\"https:\\\/\\\/martinezsanzabogados.com\\\/#website\"},\"primaryImageOfPage\":{\"@id\":\"https:\\\/\\\/martinezsanzabogados.com\\\/natalia-badenas-ros\\\/#primaryimage\"},\"image\":{\"@id\":\"https:\\\/\\\/martinezsanzabogados.com\\\/natalia-badenas-ros\\\/#primaryimage\"},\"thumbnailUrl\":\"https:\\\/\\\/martinezsanzabogados.com\\\/wp-content\\\/uploads\\\/2022\\\/12\\\/MARTINEZSANZ-EquipoHumanoCastellon-026-1-1024x1024.jpg\",\"datePublished\":\"2024-10-01T11:27:26+00:00\",\"dateModified\":\"2024-10-01T12:28:17+00:00\",\"breadcrumb\":{\"@id\":\"https:\\\/\\\/martinezsanzabogados.com\\\/natalia-badenas-ros\\\/#breadcrumb\"},\"inLanguage\":\"en-GB\",\"potentialAction\":[{\"@type\":\"ReadAction\",\"target\":[\"https:\\\/\\\/martinezsanzabogados.com\\\/natalia-badenas-ros\\\/\"]}]},{\"@type\":\"ImageObject\",\"inLanguage\":\"en-GB\",\"@id\":\"https:\\\/\\\/martinezsanzabogados.com\\\/natalia-badenas-ros\\\/#primaryimage\",\"url\":\"https:\\\/\\\/martinezsanzabogados.com\\\/wp-content\\\/uploads\\\/2022\\\/12\\\/MARTINEZSANZ-EquipoHumanoCastellon-026-1-1024x1024.jpg\",\"contentUrl\":\"https:\\\/\\\/martinezsanzabogados.com\\\/wp-content\\\/uploads\\\/2022\\\/12\\\/MARTINEZSANZ-EquipoHumanoCastellon-026-1-1024x1024.jpg\"},{\"@type\":\"BreadcrumbList\",\"@id\":\"https:\\\/\\\/martinezsanzabogados.com\\\/natalia-badenas-ros\\\/#breadcrumb\",\"itemListElement\":[{\"@type\":\"ListItem\",\"position\":1,\"name\":\"Portada\",\"item\":\"https:\\\/\\\/martinezsanzabogados.com\\\/\"},{\"@type\":\"ListItem\",\"position\":2,\"name\":\"Natalia Badenas Ros\"}]},{\"@type\":\"WebSite\",\"@id\":\"https:\\\/\\\/martinezsanzabogados.com\\\/#website\",\"url\":\"https:\\\/\\\/martinezsanzabogados.com\\\/\",\"name\":\"Mart\u00ednez Sanz Abogados\",\"description\":\"\",\"publisher\":{\"@id\":\"https:\\\/\\\/martinezsanzabogados.com\\\/#organization\"},\"potentialAction\":[{\"@type\":\"SearchAction\",\"target\":{\"@type\":\"EntryPoint\",\"urlTemplate\":\"https:\\\/\\\/martinezsanzabogados.com\\\/?s={search_term_string}\"},\"query-input\":{\"@type\":\"PropertyValueSpecification\",\"valueRequired\":true,\"valueName\":\"search_term_string\"}}],\"inLanguage\":\"en-GB\"},{\"@type\":\"Organization\",\"@id\":\"https:\\\/\\\/martinezsanzabogados.com\\\/#organization\",\"name\":\"Mart\u00ednez Sanz Abogados\",\"url\":\"https:\\\/\\\/martinezsanzabogados.com\\\/\",\"logo\":{\"@type\":\"ImageObject\",\"inLanguage\":\"en-GB\",\"@id\":\"https:\\\/\\\/martinezsanzabogados.com\\\/#\\\/schema\\\/logo\\\/image\\\/\",\"url\":\"https:\\\/\\\/martinezsanzabogados.com\\\/wp-content\\\/uploads\\\/2021\\\/10\\\/Logo-Martinez-Sanz.png\",\"contentUrl\":\"https:\\\/\\\/martinezsanzabogados.com\\\/wp-content\\\/uploads\\\/2021\\\/10\\\/Logo-Martinez-Sanz.png\",\"width\":350,\"height\":166,\"caption\":\"Mart\u00ednez Sanz Abogados\"},\"image\":{\"@id\":\"https:\\\/\\\/martinezsanzabogados.com\\\/#\\\/schema\\\/logo\\\/image\\\/\"},\"sameAs\":[\"https:\\\/\\\/www.facebook.com\\\/martinezsanzabogados\"]}]}<\/script>\n<!-- \/ Yoast SEO plugin. -->","yoast_head_json":{"title":"Natalia Badenas Ros - Mart\u00ednez Sanz Abogados","robots":{"index":"index","follow":"follow","max-snippet":"max-snippet:-1","max-image-preview":"max-image-preview:large","max-video-preview":"max-video-preview:-1"},"canonical":"https:\/\/martinezsanzabogados.com\/en\/natalia-badenas-ros\/","og_locale":"en_GB","og_type":"article","og_title":"Natalia Badenas Ros - Mart\u00ednez Sanz Abogados","og_description":"Natalia Badenas Ros Abogada Enviar correo Abogado Experiencia laboral Abogada especializada en derecho concursal, con experiencia en sala respecto a procedimientos civiles y mercantiles. Licenciada en Derecho por la Universidad Jaime I de Castell\u00f3n, cursando un a\u00f1o de su carrera en la Universit\u00e0 degli Studi di G\u00e9nova (Italia), cuenta con el M\u00e1ster de Acceso a [&hellip;]","og_url":"https:\/\/martinezsanzabogados.com\/en\/natalia-badenas-ros\/","og_site_name":"Mart\u00ednez Sanz Abogados","article_publisher":"https:\/\/www.facebook.com\/martinezsanzabogados","article_modified_time":"2024-10-01T12:28:17+00:00","og_image":[{"url":"https:\/\/martinezsanzabogados.com\/wp-content\/uploads\/2022\/12\/MARTINEZSANZ-EquipoHumanoCastellon-026-1-1024x1024.jpg","type":"","width":"","height":""}],"twitter_card":"summary_large_image","twitter_misc":{"Estimated reading time":"1 minute"},"schema":{"@context":"https:\/\/schema.org","@graph":[{"@type":"WebPage","@id":"https:\/\/martinezsanzabogados.com\/natalia-badenas-ros\/","url":"https:\/\/martinezsanzabogados.com\/natalia-badenas-ros\/","name":"Natalia Badenas Ros - Mart\u00ednez Sanz Abogados","isPartOf":{"@id":"https:\/\/martinezsanzabogados.com\/#website"},"primaryImageOfPage":{"@id":"https:\/\/martinezsanzabogados.com\/natalia-badenas-ros\/#primaryimage"},"image":{"@id":"https:\/\/martinezsanzabogados.com\/natalia-badenas-ros\/#primaryimage"},"thumbnailUrl":"https:\/\/martinezsanzabogados.com\/wp-content\/uploads\/2022\/12\/MARTINEZSANZ-EquipoHumanoCastellon-026-1-1024x1024.jpg","datePublished":"2024-10-01T11:27:26+00:00","dateModified":"2024-10-01T12:28:17+00:00","breadcrumb":{"@id":"https:\/\/martinezsanzabogados.com\/natalia-badenas-ros\/#breadcrumb"},"inLanguage":"en-GB","potentialAction":[{"@type":"ReadAction","target":["https:\/\/martinezsanzabogados.com\/natalia-badenas-ros\/"]}]},{"@type":"ImageObject","inLanguage":"en-GB","@id":"https:\/\/martinezsanzabogados.com\/natalia-badenas-ros\/#primaryimage","url":"https:\/\/martinezsanzabogados.com\/wp-content\/uploads\/2022\/12\/MARTINEZSANZ-EquipoHumanoCastellon-026-1-1024x1024.jpg","contentUrl":"https:\/\/martinezsanzabogados.com\/wp-content\/uploads\/2022\/12\/MARTINEZSANZ-EquipoHumanoCastellon-026-1-1024x1024.jpg"},{"@type":"BreadcrumbList","@id":"https:\/\/martinezsanzabogados.com\/natalia-badenas-ros\/#breadcrumb","itemListElement":[{"@type":"ListItem","position":1,"name":"Portada","item":"https:\/\/martinezsanzabogados.com\/"},{"@type":"ListItem","position":2,"name":"Natalia Badenas Ros"}]},{"@type":"WebSite","@id":"https:\/\/martinezsanzabogados.com\/#website","url":"https:\/\/martinezsanzabogados.com\/","name":"Mart\u00ednez Sanz Lawyers","description":"","publisher":{"@id":"https:\/\/martinezsanzabogados.com\/#organization"},"potentialAction":[{"@type":"SearchAction","target":{"@type":"EntryPoint","urlTemplate":"https:\/\/martinezsanzabogados.com\/?s={search_term_string}"},"query-input":{"@type":"PropertyValueSpecification","valueRequired":true,"valueName":"search_term_string"}}],"inLanguage":"en-GB"},{"@type":"Organization","@id":"https:\/\/martinezsanzabogados.com\/#organization","name":"Mart\u00ednez Sanz Lawyers","url":"https:\/\/martinezsanzabogados.com\/","logo":{"@type":"ImageObject","inLanguage":"en-GB","@id":"https:\/\/martinezsanzabogados.com\/#\/schema\/logo\/image\/","url":"https:\/\/martinezsanzabogados.com\/wp-content\/uploads\/2021\/10\/Logo-Martinez-Sanz.png","contentUrl":"https:\/\/martinezsanzabogados.com\/wp-content\/uploads\/2021\/10\/Logo-Martinez-Sanz.png","width":350,"height":166,"caption":"Mart\u00ednez Sanz Abogados"},"image":{"@id":"https:\/\/martinezsanzabogados.com\/#\/schema\/logo\/image\/"},"sameAs":["https:\/\/www.facebook.com\/martinezsanzabogados"]}]}},"_links":{"self":[{"href":"https:\/\/martinezsanzabogados.com\/en\/wp-json\/wp\/v2\/pages\/11124","targetHints":{"allow":["GET"]}}],"collection":[{"href":"https:\/\/martinezsanzabogados.com\/en\/wp-json\/wp\/v2\/pages"}],"about":[{"href":"https:\/\/martinezsanzabogados.com\/en\/wp-json\/wp\/v2\/types\/page"}],"author":[{"embeddable":true,"href":"https:\/\/martinezsanzabogados.com\/en\/wp-json\/wp\/v2\/users\/7"}],"replies":[{"embeddable":true,"href":"https:\/\/martinezsanzabogados.com\/en\/wp-json\/wp\/v2\/comments?post=11124"}],"version-history":[{"count":17,"href":"https:\/\/martinezsanzabogados.com\/en\/wp-json\/wp\/v2\/pages\/11124\/revisions"}],"predecessor-version":[{"id":11247,"href":"https:\/\/martinezsanzabogados.com\/en\/wp-json\/wp\/v2\/pages\/11124\/revisions\/11247"}],"wp:attachment":[{"href":"https:\/\/martinezsanzabogados.com\/en\/wp-json\/wp\/v2\/media?parent=11124"}],"curies":[{"name":"wp","href":"https:\/\/api.w.org\/{rel}","templated":true}]}}